{"id":836,"date":"2024-02-07T15:39:52","date_gmt":"2024-02-07T14:39:52","guid":{"rendered":"https:\/\/hallbarhetsrapport.malmberg.se\/2024\/?page_id=836"},"modified":"2025-11-27T08:41:59","modified_gmt":"2025-11-27T07:41:59","slug":"risker-och-riskhantering","status":"publish","type":"page","link":"https:\/\/hallbarhetsrapport.malmberg.se\/2024\/risker-och-riskhantering\/","title":{"rendered":"Risker och riskhantering"},"content":{"rendered":"\n<div style=\"height:64px\" aria-hidden=\"true\" id=\"riskhantering\" class=\"wp-block-spacer\"><\/div>\n\n\n\n<h2 class=\"wp-block-heading\">Risker och riskhantering<\/h2>\n\n\n\n<p>Vi har identifierat v\u00e5ra viktigaste h\u00e5llbarhetsrisker med avseende p\u00e5 de utmaningar v\u00e4rlden st\u00e5r inf\u00f6r och hur v\u00e5r verksamhet p\u00e5verkar klimatet. Att \u00f6verskrida planetens gr\u00e4nser inneb\u00e4r stora risker f\u00f6r v\u00e5r framtid. F\u00f6r att bidra till den globala agendan ska Malmberg styra och m\u00e5ls\u00e4tta verksamheten i linje med FN:s globala m\u00e5l och det internationella klimatavtalet. Detta arbete p\u00e5g\u00e5r st\u00e4ndigt d\u00e5 b\u00e5de v\u00e5r verksamhet och samh\u00e4llet \u00e4r f\u00f6r\u00e4nderligt. Identifierade milj\u00f6aspekter och risker ligger till grund f\u00f6r v\u00e5r h\u00e5llbarhetsagenda och v\u00e5ra m\u00e5l.<\/p>\n\n\n\n<div id=\"numbers-in-boxes-block_9c466ea0e5a86467b29dd0c8d13abf5c\" class=\"numbers-in-boxes aligncenter\">\n  <div class=\"\">\n                        <div class=\"items_\">\n                                                <div class=\"item_\">\n                    <div class=\"number_\">\n                        <div class=\"\">\n                            <span class=\"\" data-end-number=\"Olyckor\">Olyckor<\/span>\n                        <\/div>\n                    <\/div>\n                    <div class=\"numbers_\">\n                        <p class=\"goal_\">M\u00e5l: 0<\/p>\n                        <p class=\"result_ negativt\">Utfall: 14<\/p>\n                    <\/div>\n                <\/div>\n\n                                <div class=\"item_\">\n                    <div class=\"number_\">\n                        <div class=\"\">\n                            <span class=\"\" data-end-number=\"Riskobservationer\">Riskobservationer<\/span>\n                        <\/div>\n                    <\/div>\n                    <div class=\"numbers_\">\n                        <p class=\"goal_\">M\u00e5l: 64<\/p>\n                        <p class=\"result_ positivt\">Utfall: 40<\/p>\n                    <\/div>\n                <\/div>\n\n                                        \n        <\/div>\n    <\/div>\n<\/div>\n<style type=\"text\/css\">\n    #numbers-in-boxes-block_9c466ea0e5a86467b29dd0c8d13abf5c {\n        padding: 16px 32px;\n    }\n    #numbers-in-boxes-block_9c466ea0e5a86467b29dd0c8d13abf5c .title_ {\n        font-family: 'f37_gingerregular';\n        font-family: 'f37_gingerbold';\n        margin-bottom: 0;\n    }\n    #numbers-in-boxes-block_9c466ea0e5a86467b29dd0c8d13abf5c .small_text {\n        font-size: .8rem;\n        text-transform: uppercase;\n        letter-spacing: 1px;\n        font-family: 'f37_gingerbold';\n    }\n    #numbers-in-boxes-block_9c466ea0e5a86467b29dd0c8d13abf5c .items_ {\n        margin-top: 32px;\n    }\n    \/* .item_ *\/\n    #numbers-in-boxes-block_9c466ea0e5a86467b29dd0c8d13abf5c .item_ {\n        margin-bottom: 32px;\n        \/\/padding: 8px 16px;\n    }\n    #numbers-in-boxes-block_9c466ea0e5a86467b29dd0c8d13abf5c .item_ .numbers_ {\n        background-color: #EBF4FA;\n        padding: 32px 32px;\n    }\n    #numbers-in-boxes-block_9c466ea0e5a86467b29dd0c8d13abf5c .item_ .number_ span {\n        font-family: 'f37_gingerbold';\n        color: var(--color__client__e);\n        line-height: 1;\n    }\n    #numbers-in-boxes-block_9c466ea0e5a86467b29dd0c8d13abf5c .item_ .number_ .large_text {\n        font-size: 52px;\n    }\n    #numbers-in-boxes-block_9c466ea0e5a86467b29dd0c8d13abf5c .item_ .numbers_ p {\n        margin: 0;\n        font-size: 1.5rem;\n        line-height: 1.2;\n        font-family: 'f37_gingerregular';\n        display: block;\n    }\n    #numbers-in-boxes-block_9c466ea0e5a86467b29dd0c8d13abf5c .item_ .numbers_ p.result_ {\n        font-size: 2rem;\n    }\n    #numbers-in-boxes-block_9c466ea0e5a86467b29dd0c8d13abf5c .item_ .numbers_ p.result_.positivt {\n        color: var(--color__client__b);\n    }\n    #numbers-in-boxes-block_9c466ea0e5a86467b29dd0c8d13abf5c .item_ .numbers_ p.result_.neutralt {\n        color: var(--color__client__e);\n    }\n    #numbers-in-boxes-block_9c466ea0e5a86467b29dd0c8d13abf5c .item_ .numbers_ p.result_.negativt {\n        color: #f43521;\n    }\n\n    \/* Tablet *\/\n    @media screen and (min-width: 40em) {\n        #numbers-in-boxes-block_9c466ea0e5a86467b29dd0c8d13abf5c .item_ .number_ .large_text {\n            font-size: 72px;\n        }\n        #numbers-in-boxes-block_9c466ea0e5a86467b29dd0c8d13abf5c .items_ {\n            display: flex;\n            flex-wrap: wrap;\n            justify-content: center;\n            \/\/align-items: flex-start;\n            gap: 16px;\n        }\n        #numbers-in-boxes-block_9c466ea0e5a86467b29dd0c8d13abf5c .items_ .item_ {\n            flex: 0 1 260px;\n            display: flex;\n            flex-direction: column;\n        }\n        #numbers-in-boxes-block_9c466ea0e5a86467b29dd0c8d13abf5c .item_ .numbers_ {\n            flex: 1;\n        }\n    }\n<\/style>\n\n\n\n<figure class=\"wp-block-image alignfull size-large\"><img loading=\"lazy\" decoding=\"async\" width=\"1024\" height=\"683\" src=\"https:\/\/hallbarhetsrapport.malmberg.se\/2024\/wp-content\/uploads\/sites\/4\/2025\/11\/Klevland_Malmberg-5-1024x683.jpg\" alt=\"\" class=\"wp-image-1508\" srcset=\"https:\/\/hallbarhetsrapport.malmberg.se\/2024\/wp-content\/uploads\/sites\/4\/2025\/11\/Klevland_Malmberg-5-1024x683.jpg 1024w, https:\/\/hallbarhetsrapport.malmberg.se\/2024\/wp-content\/uploads\/sites\/4\/2025\/11\/Klevland_Malmberg-5-300x200.jpg 300w, https:\/\/hallbarhetsrapport.malmberg.se\/2024\/wp-content\/uploads\/sites\/4\/2025\/11\/Klevland_Malmberg-5-768x512.jpg 768w, https:\/\/hallbarhetsrapport.malmberg.se\/2024\/wp-content\/uploads\/sites\/4\/2025\/11\/Klevland_Malmberg-5-1536x1025.jpg 1536w, https:\/\/hallbarhetsrapport.malmberg.se\/2024\/wp-content\/uploads\/sites\/4\/2025\/11\/Klevland_Malmberg-5.jpg 2048w\" sizes=\"auto, (max-width: 1024px) 100vw, 1024px\" \/><\/figure>\n\n\n\n<div style=\"height:64px\" aria-hidden=\"true\" id=\"risker\" class=\"wp-block-spacer\"><\/div>\n\n\n\n<div id=\"styled-bg-table-block_90412eeae0530ea5d3ff7bb10b5d78d5\" class=\"styled-bg-table\">\n    <table id=\"spec_table\">\n        <tr>\n            <th class=\"headcol\">Risk<\/th>\n            <td class=\"long\">Beskrivning<br><\/td>\n            <td class=\"long\">Potentiell inverkan<\/td>\n            <td class=\"long\">Styrning &#038; riskhantering<\/td>\n        <\/tr>\n                                        <tr>\n                <th class=\"headcol\">Klimatp\u00e5verkan<\/th>\n                <td class=\"long\">Anv\u00e4ndande av fossila br\u00e4nslen genom hela v\u00e4rdekedjan bidrar<\/td>\n                <td class=\"long\">Externa v\u00e4derf\u00f6rh\u00e5llanden, p\u00e5verkan p\u00e5 m\u00e4nniskors levnadsmilj\u00f6er, f\u00f6rsurning<\/td>\n                <td class=\"long\">Verksamhetspolicy, uppf\u00f6randekod, leverant\u00f6rskrav<\/td>\n            <\/tr>\n\n                        <tr>\n                <th class=\"headcol\">Utsl\u00e4pp till luft, mark &#038; vatten<\/th>\n                <td class=\"long\">Transporter, processvatten vattenjet, utsl\u00e4pp processvatten betning<\/td>\n                <td class=\"long\">Externa v\u00e4derf\u00f6rh\u00e5llanden, p\u00e5verkan p\u00e5 levnadsmilj\u00f6er, f\u00f6rsurning. F\u00f6rorening avloppsvatten &#038; grundvatten<\/td>\n                <td class=\"long\">Verksamhetspolicy, rutiner &#038; instruktioner. Tillst\u00e5nd &#038; anm\u00e4lan enligt lagstiftning<\/td>\n            <\/tr>\n\n                        <tr>\n                <th class=\"headcol\">F\u00f6rbrukning av naturresurs<\/th>\n                <td class=\"long\">P\u00e5verkan av grundvatten vid borrning. Fossila drivmedel. st\u00e5ltillverkning ger utsl\u00e4pp av v\u00e4xthusgaser<\/td>\n                <td class=\"long\">Externa v\u00e4derf\u00f6rh\u00e5llanden, p\u00e5verkan p\u00e5 m\u00e4nniskors levnadsmilj\u00f6er, f\u00f6rsurning.<\/td>\n                <td class=\"long\">Verksamhetspolicy, trafikpolicy. Rutiner &#038; instruktioner. Leverant\u00f6rskrav<\/td>\n            <\/tr>\n\n                        <tr>\n                <th class=\"headcol\">Medarbetare<\/th>\n                <td class=\"long\">Arbetsmilj\u00f6, h\u00e4lsa &#038; s\u00e4kerhet, stressrelaterad h\u00e4lsop\u00e5verkan. Kemikaliehantering, buller, h\u00f6g arbetsbelastning<\/td>\n                <td class=\"long\">Arbetsrelaterade tillbud och olyckor, sjukfr\u00e5nvaro<\/td>\n                <td class=\"long\">Rutiner, s\u00e4kerhetsinstr., interna &#038; externa kontroller, f\u00f6retagsv\u00e4rderingar. Medarbetarunders\u00f6kningar<\/td>\n            <\/tr>\n\n                                    \n    <\/table>\n<\/div>\n\n\n\n\n<style type=\"text\/css\">\n    #styled-bg-table-block_90412eeae0530ea5d3ff7bb10b5d78d5 {\n        background: ;\n        color: ;\n    }\n    #styled-bg-table-block_90412eeae0530ea5d3ff7bb10b5d78d5 {\n        overflow-x: scroll;\n        \/\/margin-left: 130px;\n        overflow-y: visible;\n    }\n\n    \/* scrollbar *\/\n    #styled-bg-table-block_90412eeae0530ea5d3ff7bb10b5d78d5 ::-webkit-scrollbar {\n        height: 5px;\n    }\n    #styled-bg-table-block_90412eeae0530ea5d3ff7bb10b5d78d5 ::-webkit-scrollbar-track {\n      background: var(--color__client__a);\n    }\n    #styled-bg-table-block_90412eeae0530ea5d3ff7bb10b5d78d5 ::-webkit-scrollbar-thumb {\n      background: var(--color__client__b);\n    }\n    #styled-bg-table-block_90412eeae0530ea5d3ff7bb10b5d78d5 ::-webkit-scrollbar-thumb:hover {\n      background: var(--color__grey);\n    }\n    #styled-bg-table-block_90412eeae0530ea5d3ff7bb10b5d78d5.ref_list {\n        \/\/margin-left: 160px;\n        margin-left: 0;\n        max-width: none;\n    }\n    @media screen and (min-width: 1350px) {\n        #styled-bg-table-block_90412eeae0530ea5d3ff7bb10b5d78d5{\n            overflow: hidden;\n        }\n    }\n<\/style>\n\n\n<div style=\"height:64px\" aria-hidden=\"true\" id=\"TAKE-2\" class=\"wp-block-spacer\"><\/div>\n\n\n\n<h2 class=\"wp-block-heading\">S\u00e4kerheten f\u00f6rst \u2013 TAKE 2 f\u00f6re varje riskmoment<\/h2>\n\n\n\n<p>F\u00f6r att f\u00f6rebygga incidenter och arbetsolyckor arbetar vi med <strong>TAKE 2<\/strong> \u2013 en enkel och effektiv metod f\u00f6r riskbed\u00f6mning vid service- och monteringsarbete.<\/p>\n\n\n\n<p>TAKE 2 genomf\u00f6rs alltid innan arbete med potentiella riskmoment p\u00e5b\u00f6rjas. Det kan handla om arbete p\u00e5 h\u00f6g h\u00f6jd, i brunnar och slutna utrymmen, vid tunga lyft, hantering av farliga kemikalier eller arbete med explosiva gaser. Allt servicearbete p\u00e5 biogasanl\u00e4ggningar omfattas och betraktas som riskfyllt.<\/p>\n\n\n\n<p>Identifierade risker eller brister rapporteras direkt till ansvarig chef. Det \u00e4r ledningens ansvar att s\u00e4kerst\u00e4lla att alla medarbetare har r\u00e4tt kunskap om TAKE 2 \u2013 b\u00e5de vid introduktion och genom \u00e5terkommande uppf\u00f6ljning vartannat \u00e5r.<\/p>\n\n\n\n<p>TAKE 2 \u00e4r en viktig del av v\u00e5rt systematiska arbetsmilj\u00f6arbete och en f\u00f6ruts\u00e4ttning f\u00f6r att vi ska kunna bedriva v\u00e5ra uppdrag med h\u00f6g s\u00e4kerhet, trygghet och respekt f\u00f6r b\u00e5de m\u00e4nniskor och milj\u00f6.<\/p>\n\n\n\n<p>Take 2 \u00e4r att man ska ta tv\u00e5 minuter och omfamna sitatuionen man st\u00e5r inf\u00f6r innan man p\u00e5b\u00f6rjar sitt arbete.<\/p>\n","protected":false},"excerpt":{"rendered":"<p>L\u00e5t oss ber\u00e4tta hur vi skyddar v\u00e5ra medarbetare, och arbetar med nya strategier f\u00f6r riskobservationer.<\/p>\n","protected":false},"author":1,"featured_media":0,"parent":0,"menu_order":11,"comment_status":"closed","ping_status":"closed","template":"","meta":{"_acf_changed":false,"footnotes":""},"class_list":["post-836","page","type-page","status-publish","hentry"],"acf":[],"yoast_head":"<!-- This site is optimized with the Yoast SEO plugin v27.3 - https:\/\/yoast.com\/product\/yoast-seo-wordpress\/ -->\n<title>Risker och riskhantering - 2024<\/title>\n<meta name=\"robots\" content=\"index, follow, max-snippet:-1, max-image-preview:large, max-video-preview:-1\" \/>\n<link rel=\"canonical\" href=\"https:\/\/hallbarhetsrapport.malmberg.se\/2024\/risker-och-riskhantering\/\" \/>\n<meta property=\"og:locale\" content=\"sv_SE\" \/>\n<meta property=\"og:type\" content=\"article\" \/>\n<meta property=\"og:title\" content=\"Risker och riskhantering - 2024\" \/>\n<meta property=\"og:description\" content=\"L\u00e5t oss ber\u00e4tta hur vi skyddar v\u00e5ra medarbetare, och arbetar med nya strategier f\u00f6r riskobservationer.\" \/>\n<meta property=\"og:url\" content=\"https:\/\/hallbarhetsrapport.malmberg.se\/2024\/risker-och-riskhantering\/\" \/>\n<meta property=\"og:site_name\" content=\"2024\" \/>\n<meta property=\"article:modified_time\" content=\"2025-11-27T07:41:59+00:00\" \/>\n<meta property=\"og:image\" content=\"https:\/\/hallbarhetsrapport.malmberg.se\/2024\/wp-content\/uploads\/sites\/4\/2025\/11\/Klevland_Malmberg-5.jpg\" \/>\n\t<meta property=\"og:image:width\" content=\"2048\" \/>\n\t<meta property=\"og:image:height\" content=\"1366\" \/>\n\t<meta property=\"og:image:type\" content=\"image\/jpeg\" \/>\n<meta name=\"twitter:card\" content=\"summary_large_image\" \/>\n<meta name=\"twitter:label1\" content=\"Ber\u00e4knad l\u00e4stid\" \/>\n\t<meta name=\"twitter:data1\" content=\"3 minuter\" \/>\n<script type=\"application\/ld+json\" class=\"yoast-schema-graph\">{\"@context\":\"https:\\\/\\\/schema.org\",\"@graph\":[{\"@type\":\"WebPage\",\"@id\":\"https:\\\/\\\/hallbarhetsrapport.malmberg.se\\\/2024\\\/risker-och-riskhantering\\\/\",\"url\":\"https:\\\/\\\/hallbarhetsrapport.malmberg.se\\\/2024\\\/risker-och-riskhantering\\\/\",\"name\":\"Risker och riskhantering - 2024\",\"isPartOf\":{\"@id\":\"https:\\\/\\\/hallbarhetsrapport.malmberg.se\\\/2024\\\/#website\"},\"primaryImageOfPage\":{\"@id\":\"https:\\\/\\\/hallbarhetsrapport.malmberg.se\\\/2024\\\/risker-och-riskhantering\\\/#primaryimage\"},\"image\":{\"@id\":\"https:\\\/\\\/hallbarhetsrapport.malmberg.se\\\/2024\\\/risker-och-riskhantering\\\/#primaryimage\"},\"thumbnailUrl\":\"https:\\\/\\\/hallbarhetsrapport.malmberg.se\\\/2024\\\/wp-content\\\/uploads\\\/sites\\\/4\\\/2025\\\/11\\\/Klevland_Malmberg-5-1024x683.jpg\",\"datePublished\":\"2024-02-07T14:39:52+00:00\",\"dateModified\":\"2025-11-27T07:41:59+00:00\",\"breadcrumb\":{\"@id\":\"https:\\\/\\\/hallbarhetsrapport.malmberg.se\\\/2024\\\/risker-och-riskhantering\\\/#breadcrumb\"},\"inLanguage\":\"sv-SE\",\"potentialAction\":[{\"@type\":\"ReadAction\",\"target\":[\"https:\\\/\\\/hallbarhetsrapport.malmberg.se\\\/2024\\\/risker-och-riskhantering\\\/\"]}]},{\"@type\":\"ImageObject\",\"inLanguage\":\"sv-SE\",\"@id\":\"https:\\\/\\\/hallbarhetsrapport.malmberg.se\\\/2024\\\/risker-och-riskhantering\\\/#primaryimage\",\"url\":\"https:\\\/\\\/hallbarhetsrapport.malmberg.se\\\/2024\\\/wp-content\\\/uploads\\\/sites\\\/4\\\/2025\\\/11\\\/Klevland_Malmberg-5.jpg\",\"contentUrl\":\"https:\\\/\\\/hallbarhetsrapport.malmberg.se\\\/2024\\\/wp-content\\\/uploads\\\/sites\\\/4\\\/2025\\\/11\\\/Klevland_Malmberg-5.jpg\",\"width\":2048,\"height\":1366},{\"@type\":\"BreadcrumbList\",\"@id\":\"https:\\\/\\\/hallbarhetsrapport.malmberg.se\\\/2024\\\/risker-och-riskhantering\\\/#breadcrumb\",\"itemListElement\":[{\"@type\":\"ListItem\",\"position\":1,\"name\":\"Hem\",\"item\":\"https:\\\/\\\/hallbarhetsrapport.malmberg.se\\\/2024\\\/\"},{\"@type\":\"ListItem\",\"position\":2,\"name\":\"Risker och riskhantering\"}]},{\"@type\":\"WebSite\",\"@id\":\"https:\\\/\\\/hallbarhetsrapport.malmberg.se\\\/2024\\\/#website\",\"url\":\"https:\\\/\\\/hallbarhetsrapport.malmberg.se\\\/2024\\\/\",\"name\":\"2024\",\"description\":\"Malmberg H\u00e5llbarhetsrapport\",\"publisher\":{\"@id\":\"https:\\\/\\\/hallbarhetsrapport.malmberg.se\\\/2024\\\/#organization\"},\"potentialAction\":[{\"@type\":\"SearchAction\",\"target\":{\"@type\":\"EntryPoint\",\"urlTemplate\":\"https:\\\/\\\/hallbarhetsrapport.malmberg.se\\\/2024\\\/?s={search_term_string}\"},\"query-input\":{\"@type\":\"PropertyValueSpecification\",\"valueRequired\":true,\"valueName\":\"search_term_string\"}}],\"inLanguage\":\"sv-SE\"},{\"@type\":\"Organization\",\"@id\":\"https:\\\/\\\/hallbarhetsrapport.malmberg.se\\\/2024\\\/#organization\",\"name\":\"2024\",\"url\":\"https:\\\/\\\/hallbarhetsrapport.malmberg.se\\\/2024\\\/\",\"logo\":{\"@type\":\"ImageObject\",\"inLanguage\":\"sv-SE\",\"@id\":\"https:\\\/\\\/hallbarhetsrapport.malmberg.se\\\/2024\\\/#\\\/schema\\\/logo\\\/image\\\/\",\"url\":\"https:\\\/\\\/hallbarhetsrapport.malmberg.se\\\/2024\\\/wp-content\\\/uploads\\\/sites\\\/4\\\/2022\\\/12\\\/malmberg-logo.svg\",\"contentUrl\":\"https:\\\/\\\/hallbarhetsrapport.malmberg.se\\\/2024\\\/wp-content\\\/uploads\\\/sites\\\/4\\\/2022\\\/12\\\/malmberg-logo.svg\",\"caption\":\"2024\"},\"image\":{\"@id\":\"https:\\\/\\\/hallbarhetsrapport.malmberg.se\\\/2024\\\/#\\\/schema\\\/logo\\\/image\\\/\"}}]}<\/script>\n<!-- \/ Yoast SEO plugin. -->","yoast_head_json":{"title":"Risker och riskhantering - 2024","robots":{"index":"index","follow":"follow","max-snippet":"max-snippet:-1","max-image-preview":"max-image-preview:large","max-video-preview":"max-video-preview:-1"},"canonical":"https:\/\/hallbarhetsrapport.malmberg.se\/2024\/risker-och-riskhantering\/","og_locale":"sv_SE","og_type":"article","og_title":"Risker och riskhantering - 2024","og_description":"L\u00e5t oss ber\u00e4tta hur vi skyddar v\u00e5ra medarbetare, och arbetar med nya strategier f\u00f6r riskobservationer.","og_url":"https:\/\/hallbarhetsrapport.malmberg.se\/2024\/risker-och-riskhantering\/","og_site_name":"2024","article_modified_time":"2025-11-27T07:41:59+00:00","og_image":[{"width":2048,"height":1366,"url":"https:\/\/hallbarhetsrapport.malmberg.se\/2024\/wp-content\/uploads\/sites\/4\/2025\/11\/Klevland_Malmberg-5.jpg","type":"image\/jpeg"}],"twitter_card":"summary_large_image","twitter_misc":{"Ber\u00e4knad l\u00e4stid":"3 minuter"},"schema":{"@context":"https:\/\/schema.org","@graph":[{"@type":"WebPage","@id":"https:\/\/hallbarhetsrapport.malmberg.se\/2024\/risker-och-riskhantering\/","url":"https:\/\/hallbarhetsrapport.malmberg.se\/2024\/risker-och-riskhantering\/","name":"Risker och riskhantering - 2024","isPartOf":{"@id":"https:\/\/hallbarhetsrapport.malmberg.se\/2024\/#website"},"primaryImageOfPage":{"@id":"https:\/\/hallbarhetsrapport.malmberg.se\/2024\/risker-och-riskhantering\/#primaryimage"},"image":{"@id":"https:\/\/hallbarhetsrapport.malmberg.se\/2024\/risker-och-riskhantering\/#primaryimage"},"thumbnailUrl":"https:\/\/hallbarhetsrapport.malmberg.se\/2024\/wp-content\/uploads\/sites\/4\/2025\/11\/Klevland_Malmberg-5-1024x683.jpg","datePublished":"2024-02-07T14:39:52+00:00","dateModified":"2025-11-27T07:41:59+00:00","breadcrumb":{"@id":"https:\/\/hallbarhetsrapport.malmberg.se\/2024\/risker-och-riskhantering\/#breadcrumb"},"inLanguage":"sv-SE","potentialAction":[{"@type":"ReadAction","target":["https:\/\/hallbarhetsrapport.malmberg.se\/2024\/risker-och-riskhantering\/"]}]},{"@type":"ImageObject","inLanguage":"sv-SE","@id":"https:\/\/hallbarhetsrapport.malmberg.se\/2024\/risker-och-riskhantering\/#primaryimage","url":"https:\/\/hallbarhetsrapport.malmberg.se\/2024\/wp-content\/uploads\/sites\/4\/2025\/11\/Klevland_Malmberg-5.jpg","contentUrl":"https:\/\/hallbarhetsrapport.malmberg.se\/2024\/wp-content\/uploads\/sites\/4\/2025\/11\/Klevland_Malmberg-5.jpg","width":2048,"height":1366},{"@type":"BreadcrumbList","@id":"https:\/\/hallbarhetsrapport.malmberg.se\/2024\/risker-och-riskhantering\/#breadcrumb","itemListElement":[{"@type":"ListItem","position":1,"name":"Hem","item":"https:\/\/hallbarhetsrapport.malmberg.se\/2024\/"},{"@type":"ListItem","position":2,"name":"Risker och riskhantering"}]},{"@type":"WebSite","@id":"https:\/\/hallbarhetsrapport.malmberg.se\/2024\/#website","url":"https:\/\/hallbarhetsrapport.malmberg.se\/2024\/","name":"2024","description":"Malmberg H\u00e5llbarhetsrapport","publisher":{"@id":"https:\/\/hallbarhetsrapport.malmberg.se\/2024\/#organization"},"potentialAction":[{"@type":"SearchAction","target":{"@type":"EntryPoint","urlTemplate":"https:\/\/hallbarhetsrapport.malmberg.se\/2024\/?s={search_term_string}"},"query-input":{"@type":"PropertyValueSpecification","valueRequired":true,"valueName":"search_term_string"}}],"inLanguage":"sv-SE"},{"@type":"Organization","@id":"https:\/\/hallbarhetsrapport.malmberg.se\/2024\/#organization","name":"2024","url":"https:\/\/hallbarhetsrapport.malmberg.se\/2024\/","logo":{"@type":"ImageObject","inLanguage":"sv-SE","@id":"https:\/\/hallbarhetsrapport.malmberg.se\/2024\/#\/schema\/logo\/image\/","url":"https:\/\/hallbarhetsrapport.malmberg.se\/2024\/wp-content\/uploads\/sites\/4\/2022\/12\/malmberg-logo.svg","contentUrl":"https:\/\/hallbarhetsrapport.malmberg.se\/2024\/wp-content\/uploads\/sites\/4\/2022\/12\/malmberg-logo.svg","caption":"2024"},"image":{"@id":"https:\/\/hallbarhetsrapport.malmberg.se\/2024\/#\/schema\/logo\/image\/"}}]}},"lang":"sv","translations":{"sv":836,"en":1352},"pll_sync_post":[],"_links":{"self":[{"href":"https:\/\/hallbarhetsrapport.malmberg.se\/2024\/wp-json\/wp\/v2\/pages\/836","targetHints":{"allow":["GET"]}}],"collection":[{"href":"https:\/\/hallbarhetsrapport.malmberg.se\/2024\/wp-json\/wp\/v2\/pages"}],"about":[{"href":"https:\/\/hallbarhetsrapport.malmberg.se\/2024\/wp-json\/wp\/v2\/types\/page"}],"author":[{"embeddable":true,"href":"https:\/\/hallbarhetsrapport.malmberg.se\/2024\/wp-json\/wp\/v2\/users\/1"}],"replies":[{"embeddable":true,"href":"https:\/\/hallbarhetsrapport.malmberg.se\/2024\/wp-json\/wp\/v2\/comments?post=836"}],"version-history":[{"count":14,"href":"https:\/\/hallbarhetsrapport.malmberg.se\/2024\/wp-json\/wp\/v2\/pages\/836\/revisions"}],"predecessor-version":[{"id":1510,"href":"https:\/\/hallbarhetsrapport.malmberg.se\/2024\/wp-json\/wp\/v2\/pages\/836\/revisions\/1510"}],"wp:attachment":[{"href":"https:\/\/hallbarhetsrapport.malmberg.se\/2024\/wp-json\/wp\/v2\/media?parent=836"}],"curies":[{"name":"wp","href":"https:\/\/api.w.org\/{rel}","templated":true}]}}