{"id":6,"date":"2024-01-22T10:37:42","date_gmt":"2024-01-22T09:37:42","guid":{"rendered":"https:\/\/hallbarhetsrapport.malmberg.se\/2024\/?page_id=6"},"modified":"2025-11-26T13:55:46","modified_gmt":"2025-11-26T12:55:46","slug":"familjen-malmberg","status":"publish","type":"page","link":"https:\/\/hallbarhetsrapport.malmberg.se\/2024\/familjen-malmberg\/","title":{"rendered":"Familjen Malmberg"},"content":{"rendered":"\n<div style=\"height:64px\" aria-hidden=\"true\" class=\"wp-block-spacer\"><\/div>\n\n\n\n<h1 class=\"wp-block-heading\">Sara har ordet<\/h1>\n\n\n\n<blockquote class=\"wp-block-quote is-layout-flow wp-block-quote-is-layout-flow\">\n<p>Att driva ett familjef\u00f6retag i fem generationer handlar inte bara om att bevara \u2013 Det handlar lika mycket om att v\u00e5ga.<\/p>\n\n\n\n<p>2024 blev ett s\u00e5dant \u00e5r. Ett \u00e5r d\u00e5 vi tog ett avg\u00f6rande steg och s\u00e5lde ett aff\u00e4rsomr\u00e5de som l\u00e4nge varit en sj\u00e4lvklar del av oss. Det kan ses som att sl\u00e4ppa taget om n\u00e5got k\u00e4rt, men f\u00f6r oss handlade det om n\u00e5got annat: att skapa klarhet, kraft och riktning fram\u00e5t.<\/p>\n\n\n\n<p>F\u00f6r ibland kr\u00e4vs det mod att v\u00e5ga fokusera. Att bygga framtid kr\u00e4ver inte bara innovation och teknik, utan ocks\u00e5 f\u00f6rm\u00e5gan att v\u00e4lja sin v\u00e4g &#8211; och st\u00e5 fast vid den.<\/p>\n\n\n\n<p>F\u00f6r mig \u00e4r det just det h\u00e5llbarhet handlar om. Att t\u00e4nka l\u00e4ngre \u00e4n en produkt, ett kvartal eller ett enskilt beslut. Det handlar om att bygga ett f\u00f6retag som kan v\u00e4xa i takt med samh\u00e4llets behov.<\/p>\n\n\n\n<p><strong>2024 markerar ett skifte, och vi \u00e4r redo f\u00f6r de kommande \u00e5ren.<\/strong><\/p>\n<cite>Sara Malmberg, VD<\/cite><\/blockquote>\n\n\n\n<div style=\"height:64px\" aria-hidden=\"true\" class=\"wp-block-spacer\"><\/div>\n\n\n\n<figure class=\"wp-block-video alignfull\"><video controls src=\"https:\/\/hallbarhetsrapport.malmberg.se\/2024\/wp-content\/uploads\/sites\/4\/2025\/11\/malmberg_film_manifest_GZ-2-4-1-1.mp4\" playsinline><\/video><\/figure>\n\n\n\n<p><\/p>\n","protected":false},"excerpt":{"rendered":"<p>Sara har ordet Att driva ett familjef\u00f6retag i fem generationer handlar inte bara om att bevara \u2013 Det handlar lika mycket om att v\u00e5ga. 2024 blev ett s\u00e5dant \u00e5r. Ett \u00e5r d\u00e5 vi tog ett avg\u00f6rande steg och s\u00e5lde ett aff\u00e4rsomr\u00e5de som l\u00e4nge varit en sj\u00e4lvklar del av oss. Det kan ses som att sl\u00e4ppa [&hellip;]<\/p>\n","protected":false},"author":1,"featured_media":0,"parent":0,"menu_order":2,"comment_status":"closed","ping_status":"closed","template":"","meta":{"_acf_changed":false,"footnotes":""},"class_list":["post-6","page","type-page","status-publish","hentry"],"acf":[],"yoast_head":"<!-- This site is optimized with the Yoast SEO plugin v27.3 - https:\/\/yoast.com\/product\/yoast-seo-wordpress\/ -->\n<title>Familjen Malmberg - 2024<\/title>\n<meta name=\"robots\" content=\"index, follow, max-snippet:-1, max-image-preview:large, max-video-preview:-1\" \/>\n<link rel=\"canonical\" href=\"https:\/\/hallbarhetsrapport.malmberg.se\/2024\/familjen-malmberg\/\" \/>\n<meta property=\"og:locale\" content=\"sv_SE\" \/>\n<meta property=\"og:type\" content=\"article\" \/>\n<meta property=\"og:title\" content=\"Familjen Malmberg - 2024\" \/>\n<meta property=\"og:description\" content=\"Sara har ordet Att driva ett familjef\u00f6retag i fem generationer handlar inte bara om att bevara \u2013 Det handlar lika mycket om att v\u00e5ga. 2024 blev ett s\u00e5dant \u00e5r. Ett \u00e5r d\u00e5 vi tog ett avg\u00f6rande steg och s\u00e5lde ett aff\u00e4rsomr\u00e5de som l\u00e4nge varit en sj\u00e4lvklar del av oss. Det kan ses som att sl\u00e4ppa [&hellip;]\" \/>\n<meta property=\"og:url\" content=\"https:\/\/hallbarhetsrapport.malmberg.se\/2024\/familjen-malmberg\/\" \/>\n<meta property=\"og:site_name\" content=\"2024\" \/>\n<meta property=\"article:modified_time\" content=\"2025-11-26T12:55:46+00:00\" \/>\n<meta name=\"twitter:card\" content=\"summary_large_image\" \/>\n<meta name=\"twitter:label1\" content=\"Ber\u00e4knad l\u00e4stid\" \/>\n\t<meta name=\"twitter:data1\" content=\"1 minut\" \/>\n<script type=\"application\/ld+json\" class=\"yoast-schema-graph\">{\"@context\":\"https:\\\/\\\/schema.org\",\"@graph\":[{\"@type\":\"WebPage\",\"@id\":\"https:\\\/\\\/hallbarhetsrapport.malmberg.se\\\/2024\\\/familjen-malmberg\\\/\",\"url\":\"https:\\\/\\\/hallbarhetsrapport.malmberg.se\\\/2024\\\/familjen-malmberg\\\/\",\"name\":\"Familjen Malmberg - 2024\",\"isPartOf\":{\"@id\":\"https:\\\/\\\/hallbarhetsrapport.malmberg.se\\\/2024\\\/#website\"},\"datePublished\":\"2024-01-22T09:37:42+00:00\",\"dateModified\":\"2025-11-26T12:55:46+00:00\",\"breadcrumb\":{\"@id\":\"https:\\\/\\\/hallbarhetsrapport.malmberg.se\\\/2024\\\/familjen-malmberg\\\/#breadcrumb\"},\"inLanguage\":\"sv-SE\",\"potentialAction\":[{\"@type\":\"ReadAction\",\"target\":[\"https:\\\/\\\/hallbarhetsrapport.malmberg.se\\\/2024\\\/familjen-malmberg\\\/\"]}]},{\"@type\":\"BreadcrumbList\",\"@id\":\"https:\\\/\\\/hallbarhetsrapport.malmberg.se\\\/2024\\\/familjen-malmberg\\\/#breadcrumb\",\"itemListElement\":[{\"@type\":\"ListItem\",\"position\":1,\"name\":\"Hem\",\"item\":\"https:\\\/\\\/hallbarhetsrapport.malmberg.se\\\/2024\\\/\"},{\"@type\":\"ListItem\",\"position\":2,\"name\":\"Familjen Malmberg\"}]},{\"@type\":\"WebSite\",\"@id\":\"https:\\\/\\\/hallbarhetsrapport.malmberg.se\\\/2024\\\/#website\",\"url\":\"https:\\\/\\\/hallbarhetsrapport.malmberg.se\\\/2024\\\/\",\"name\":\"2024\",\"description\":\"Malmberg H\u00e5llbarhetsrapport\",\"publisher\":{\"@id\":\"https:\\\/\\\/hallbarhetsrapport.malmberg.se\\\/2024\\\/#organization\"},\"potentialAction\":[{\"@type\":\"SearchAction\",\"target\":{\"@type\":\"EntryPoint\",\"urlTemplate\":\"https:\\\/\\\/hallbarhetsrapport.malmberg.se\\\/2024\\\/?s={search_term_string}\"},\"query-input\":{\"@type\":\"PropertyValueSpecification\",\"valueRequired\":true,\"valueName\":\"search_term_string\"}}],\"inLanguage\":\"sv-SE\"},{\"@type\":\"Organization\",\"@id\":\"https:\\\/\\\/hallbarhetsrapport.malmberg.se\\\/2024\\\/#organization\",\"name\":\"2024\",\"url\":\"https:\\\/\\\/hallbarhetsrapport.malmberg.se\\\/2024\\\/\",\"logo\":{\"@type\":\"ImageObject\",\"inLanguage\":\"sv-SE\",\"@id\":\"https:\\\/\\\/hallbarhetsrapport.malmberg.se\\\/2024\\\/#\\\/schema\\\/logo\\\/image\\\/\",\"url\":\"https:\\\/\\\/hallbarhetsrapport.malmberg.se\\\/2024\\\/wp-content\\\/uploads\\\/sites\\\/4\\\/2022\\\/12\\\/malmberg-logo.svg\",\"contentUrl\":\"https:\\\/\\\/hallbarhetsrapport.malmberg.se\\\/2024\\\/wp-content\\\/uploads\\\/sites\\\/4\\\/2022\\\/12\\\/malmberg-logo.svg\",\"caption\":\"2024\"},\"image\":{\"@id\":\"https:\\\/\\\/hallbarhetsrapport.malmberg.se\\\/2024\\\/#\\\/schema\\\/logo\\\/image\\\/\"}}]}<\/script>\n<!-- \/ Yoast SEO plugin. -->","yoast_head_json":{"title":"Familjen Malmberg - 2024","robots":{"index":"index","follow":"follow","max-snippet":"max-snippet:-1","max-image-preview":"max-image-preview:large","max-video-preview":"max-video-preview:-1"},"canonical":"https:\/\/hallbarhetsrapport.malmberg.se\/2024\/familjen-malmberg\/","og_locale":"sv_SE","og_type":"article","og_title":"Familjen Malmberg - 2024","og_description":"Sara har ordet Att driva ett familjef\u00f6retag i fem generationer handlar inte bara om att bevara \u2013 Det handlar lika mycket om att v\u00e5ga. 2024 blev ett s\u00e5dant \u00e5r. Ett \u00e5r d\u00e5 vi tog ett avg\u00f6rande steg och s\u00e5lde ett aff\u00e4rsomr\u00e5de som l\u00e4nge varit en sj\u00e4lvklar del av oss. Det kan ses som att sl\u00e4ppa [&hellip;]","og_url":"https:\/\/hallbarhetsrapport.malmberg.se\/2024\/familjen-malmberg\/","og_site_name":"2024","article_modified_time":"2025-11-26T12:55:46+00:00","twitter_card":"summary_large_image","twitter_misc":{"Ber\u00e4knad l\u00e4stid":"1 minut"},"schema":{"@context":"https:\/\/schema.org","@graph":[{"@type":"WebPage","@id":"https:\/\/hallbarhetsrapport.malmberg.se\/2024\/familjen-malmberg\/","url":"https:\/\/hallbarhetsrapport.malmberg.se\/2024\/familjen-malmberg\/","name":"Familjen Malmberg - 2024","isPartOf":{"@id":"https:\/\/hallbarhetsrapport.malmberg.se\/2024\/#website"},"datePublished":"2024-01-22T09:37:42+00:00","dateModified":"2025-11-26T12:55:46+00:00","breadcrumb":{"@id":"https:\/\/hallbarhetsrapport.malmberg.se\/2024\/familjen-malmberg\/#breadcrumb"},"inLanguage":"sv-SE","potentialAction":[{"@type":"ReadAction","target":["https:\/\/hallbarhetsrapport.malmberg.se\/2024\/familjen-malmberg\/"]}]},{"@type":"BreadcrumbList","@id":"https:\/\/hallbarhetsrapport.malmberg.se\/2024\/familjen-malmberg\/#breadcrumb","itemListElement":[{"@type":"ListItem","position":1,"name":"Hem","item":"https:\/\/hallbarhetsrapport.malmberg.se\/2024\/"},{"@type":"ListItem","position":2,"name":"Familjen Malmberg"}]},{"@type":"WebSite","@id":"https:\/\/hallbarhetsrapport.malmberg.se\/2024\/#website","url":"https:\/\/hallbarhetsrapport.malmberg.se\/2024\/","name":"2024","description":"Malmberg H\u00e5llbarhetsrapport","publisher":{"@id":"https:\/\/hallbarhetsrapport.malmberg.se\/2024\/#organization"},"potentialAction":[{"@type":"SearchAction","target":{"@type":"EntryPoint","urlTemplate":"https:\/\/hallbarhetsrapport.malmberg.se\/2024\/?s={search_term_string}"},"query-input":{"@type":"PropertyValueSpecification","valueRequired":true,"valueName":"search_term_string"}}],"inLanguage":"sv-SE"},{"@type":"Organization","@id":"https:\/\/hallbarhetsrapport.malmberg.se\/2024\/#organization","name":"2024","url":"https:\/\/hallbarhetsrapport.malmberg.se\/2024\/","logo":{"@type":"ImageObject","inLanguage":"sv-SE","@id":"https:\/\/hallbarhetsrapport.malmberg.se\/2024\/#\/schema\/logo\/image\/","url":"https:\/\/hallbarhetsrapport.malmberg.se\/2024\/wp-content\/uploads\/sites\/4\/2022\/12\/malmberg-logo.svg","contentUrl":"https:\/\/hallbarhetsrapport.malmberg.se\/2024\/wp-content\/uploads\/sites\/4\/2022\/12\/malmberg-logo.svg","caption":"2024"},"image":{"@id":"https:\/\/hallbarhetsrapport.malmberg.se\/2024\/#\/schema\/logo\/image\/"}}]}},"lang":"sv","translations":{"sv":6,"en":1317},"pll_sync_post":[],"_links":{"self":[{"href":"https:\/\/hallbarhetsrapport.malmberg.se\/2024\/wp-json\/wp\/v2\/pages\/6","targetHints":{"allow":["GET"]}}],"collection":[{"href":"https:\/\/hallbarhetsrapport.malmberg.se\/2024\/wp-json\/wp\/v2\/pages"}],"about":[{"href":"https:\/\/hallbarhetsrapport.malmberg.se\/2024\/wp-json\/wp\/v2\/types\/page"}],"author":[{"embeddable":true,"href":"https:\/\/hallbarhetsrapport.malmberg.se\/2024\/wp-json\/wp\/v2\/users\/1"}],"replies":[{"embeddable":true,"href":"https:\/\/hallbarhetsrapport.malmberg.se\/2024\/wp-json\/wp\/v2\/comments?post=6"}],"version-history":[{"count":28,"href":"https:\/\/hallbarhetsrapport.malmberg.se\/2024\/wp-json\/wp\/v2\/pages\/6\/revisions"}],"predecessor-version":[{"id":1503,"href":"https:\/\/hallbarhetsrapport.malmberg.se\/2024\/wp-json\/wp\/v2\/pages\/6\/revisions\/1503"}],"wp:attachment":[{"href":"https:\/\/hallbarhetsrapport.malmberg.se\/2024\/wp-json\/wp\/v2\/media?parent=6"}],"curies":[{"name":"wp","href":"https:\/\/api.w.org\/{rel}","templated":true}]}}