{"id":56,"date":"2024-02-18T09:34:27","date_gmt":"2024-02-18T08:34:27","guid":{"rendered":"https:\/\/hallbarhetsrapport.malmberg.se\/2024\/?page_id=56"},"modified":"2025-11-27T08:46:44","modified_gmt":"2025-11-27T07:46:44","slug":"vart-ansvar-i-samhallet","status":"publish","type":"page","link":"https:\/\/hallbarhetsrapport.malmberg.se\/2024\/vart-ansvar-i-samhallet\/","title":{"rendered":"V\u00e5rt ansvar i samh\u00e4llet"},"content":{"rendered":"\n<div style=\"height:64px\" aria-hidden=\"true\" id=\"vart-samhallsansvar\" class=\"wp-block-spacer\"><\/div>\n\n\n\n<h2 class=\"wp-block-heading\">V\u00e5rt samh\u00e4llsansvar<\/h2>\n\n\n\n<p>Malmberg st\u00f6djer de 10 principerna i FN:s Global Compact, som omfattar krav p\u00e5 m\u00e4nskliga r\u00e4ttigheter, arbetsr\u00e4tt, milj\u00f6 och antikorruption.<\/p>\n\n\n\n<p>V\u00e5rt CSR-arbete integreras i alla v\u00e5ra processer genom styrande dokument, checklista och interna samt externa kontroller och revisioner. Vi anser det vara sj\u00e4lvklart att arbeta f\u00f6r en mer h\u00e5llbar v\u00e4rld och ett samh\u00e4lle som respekterar de m\u00e4nskliga r\u00e4ttigheterna. Vi \u00e4r \u00f6vertygade om att detta ocks\u00e5 skapar l\u00e5ngsiktig l\u00f6nsamhet f\u00f6r oss och alla intressenter.<\/p>\n\n\n\n<p>Vi har riktlinjer och instruktioner f\u00f6r att bek\u00e4mpa korruption, mutor och oetiska aff\u00e4rsmetoder. Vi accepterar aldrig, varken direkt eller indirekt, mutor eller andra otillb\u00f6rliga f\u00f6rm\u00e5ner och ers\u00e4ttningar. V\u00e5rt f\u00f6retag erbjuder aldrig g\u00e5vor eller betalningar som kan tolkas som mutor.<\/p>\n\n\n\n<p>Under \u00e5ret har vi aktivt arbetat f\u00f6r att f\u00e5 v\u00e5ra leverant\u00f6rer att underteckna v\u00e5r Code of Conduct. Vi har ocks\u00e5 f\u00f6ljt v\u00e5r procedur f\u00f6r leverant\u00f6rsbed\u00f6mningar i v\u00e5rt aff\u00e4rssystem.<\/p>\n\n\n\n<blockquote class=\"wp-block-quote is-layout-flow wp-block-quote-is-layout-flow\">\n<p>Genom regelbunden dialog med v\u00e5ra intressenter ser vi till att vi har identifierat de viktigaste omr\u00e5dena inom h\u00e5llbarhet och att vi fokuserar p\u00e5 r\u00e4tt saker inf\u00f6r framtiden.<\/p>\n<cite>Martin Pradon &#8211; Ink\u00f6pschef<\/cite><\/blockquote>\n\n\n\n<figure class=\"wp-block-video alignfull\"><video autoplay loop muted src=\"https:\/\/hallbarhetsrapport.malmberg.se\/wp-content\/uploads\/sites\/2\/2024\/03\/framtid_1_short.mp4\" playsinline><\/video><\/figure>\n\n\n\n<div style=\"height:64px\" aria-hidden=\"true\" id=\"klimatkontrakt\" class=\"wp-block-spacer\"><\/div>\n\n\n\n<h2 class=\"wp-block-heading\">Klimatkontrakt med Kristianstads kommun<\/h2>\n\n\n\n<p>Sedan undertecknandet av klimatkontraktet med Kristianstads kommun har v\u00e5rt arbete fortsatt med samma m\u00e5l i sikte: att bidra till ett klimatneutralt Kristianstad 2030. Det gemensamma \u00e5tagandet \u00e4r fortfarande en viktig utg\u00e5ngspunkt i v\u00e5rt h\u00e5llbarhetsarbete \u2013 b\u00e5de i projekt, prioriteringar och m\u00e5lformulering.<\/p>\n\n\n\n<p>Klimatkontraktet \u00e4r inte en punktinsats, utan en riktning vi valt att g\u00e5. Genom att arbeta med l\u00f6sningar som minskar utsl\u00e4pp, effektiviserar energianv\u00e4ndningen och st\u00e4rker lokal resiliens tar vi v\u00e5r roll i samh\u00e4llsbygget p\u00e5 allvar.<\/p>\n\n\n\n<p>M\u00e5len vi arbetar mot \u00e4r desamma som i klimatkontraktet \u2013 och de genomsyrar ocks\u00e5 denna rapport.<\/p>\n\n\n\n<figure class=\"wp-block-image size-full\"><img loading=\"lazy\" decoding=\"async\" width=\"1024\" height=\"683\" src=\"https:\/\/hallbarhetsrapport.malmberg.se\/wp-content\/uploads\/sites\/2\/2024\/03\/klimatavtal-kristianstad.jpg\" alt=\"\" class=\"wp-image-1019\" srcset=\"https:\/\/hallbarhetsrapport.malmberg.se\/2024\/wp-content\/uploads\/sites\/4\/2024\/03\/klimatavtal-kristianstad.jpg 1024w, https:\/\/hallbarhetsrapport.malmberg.se\/2024\/wp-content\/uploads\/sites\/4\/2024\/03\/klimatavtal-kristianstad-300x200.jpg 300w, https:\/\/hallbarhetsrapport.malmberg.se\/2024\/wp-content\/uploads\/sites\/4\/2024\/03\/klimatavtal-kristianstad-768x512.jpg 768w\" sizes=\"auto, (max-width: 1024px) 100vw, 1024px\" \/><\/figure>\n\n\n\n<p>Camilla Palm, Kommunstyrelsens ordf\u00f6rande, Kristianstads kommun.<\/p>\n\n\n\n<p class=\"has-bla-color has-text-color\" style=\"font-size:2rem\"><strong>Genom kontinuerlig dialog med v\u00e5ra intressenter s\u00e4kerst\u00e4ller vi att vi identifierat v\u00e5ra viktigaste omr\u00e5den inom h\u00e5llbarhet och att vi fokuserar p\u00e5 r\u00e4tt saker inf\u00f6r framtiden.<\/strong><\/p>\n\n\n\n<div id=\"styled-table-block_2f4b5d163b3a7738b0fe036186e59a06\" class=\"styled-table\">\n    <table id=\"spec_table\">\n        <tr>\n            <th class=\"headcol\">Intressenter<\/th>\n            <td class=\"long\">Krav<br><\/td>\n            <td class=\"long\">Kommunikation<\/td>\n        <\/tr>\n                                        <tr>\n                <th class=\"headcol\">\u00c4gare<\/th>\n                <td class=\"long\">Nationella &#038; internationella lagar, krav fr\u00e5n banker<\/td>\n                <td class=\"long\">L\u00f6pande dialog och utbyte av kunskap. Ledning<\/td>\n            <\/tr>\n\n                        <tr>\n                <th class=\"headcol\">Medarbetare<\/th>\n                <td class=\"long\">Nationella &#038; internationella lagar, kollektivavtal<\/td>\n                <td class=\"long\">L\u00f6pande dialog. Medarbetarunders\u00f6kningar, utbildning, information. Chefer, HR<\/td>\n            <\/tr>\n\n                        <tr>\n                <th class=\"headcol\">Leverant\u00f6rer<\/th>\n                <td class=\"long\">Nationella &#038; internationella lagar, aff\u00e4rs\u00f6verenskommelser<\/td>\n                <td class=\"long\">N\u00e4ra dialog, gemensamma projekt. Ink\u00f6pare, projektledare<\/td>\n            <\/tr>\n\n                        <tr>\n                <th class=\"headcol\">Kunder<\/th>\n                <td class=\"long\">Nationella &#038; internationella lagar, aff\u00e4rs\u00f6verenskommelser<\/td>\n                <td class=\"long\">Kundm\u00f6ten, kundunders\u00f6kningar och uppf\u00f6ljningar. S\u00e4ljare, marknadsf\u00f6rare<\/td>\n            <\/tr>\n\n                        <tr>\n                <th class=\"headcol\">Partners<\/th>\n                <td class=\"long\">Nationella &#038; internationella lagar, aff\u00e4rs\u00f6verenskommelser, ramavtal<\/td>\n                <td class=\"long\">Centrala &#038; lokala upphandlingar, uppf\u00f6ljningar. S\u00e4ljare, projektledare<\/td>\n            <\/tr>\n\n                        <tr>\n                <th class=\"headcol\">Samh\u00e4llet<\/th>\n                <td class=\"long\">Nationella &#038; internationella lagar, globala klimatavtal<\/td>\n                <td class=\"long\">Sponsring, m\u00f6te med kommuner &#038; myndigheter, samverkansforum<\/td>\n            <\/tr>\n\n                                    \n    <\/table>\n<\/div>\n\n\n\n\n<style type=\"text\/css\">\n    #styled-table-block_2f4b5d163b3a7738b0fe036186e59a06 {\n        background: ;\n        color: ;\n    }\n    #styled-table-block_2f4b5d163b3a7738b0fe036186e59a06 {\n        overflow-x: scroll;\n        \/\/margin-left: 130px;\n        overflow-y: visible;\n    }\n\n    \/* scrollbar *\/\n    #styled-table-block_2f4b5d163b3a7738b0fe036186e59a06 ::-webkit-scrollbar {\n        height: 5px;\n    }\n    #styled-table-block_2f4b5d163b3a7738b0fe036186e59a06 ::-webkit-scrollbar-track {\n      background: var(--color__client__a);\n    }\n    #styled-table-block_2f4b5d163b3a7738b0fe036186e59a06 ::-webkit-scrollbar-thumb {\n      background: var(--color__client__b);\n    }\n    #styled-table-block_2f4b5d163b3a7738b0fe036186e59a06 ::-webkit-scrollbar-thumb:hover {\n      background: var(--color__grey);\n    }\n    #styled-table-block_2f4b5d163b3a7738b0fe036186e59a06.ref_list {\n        \/\/margin-left: 160px;\n        margin-left: 0;\n        max-width: none;\n    }\n    @media screen and (min-width: 1350px) {\n        #styled-table-block_2f4b5d163b3a7738b0fe036186e59a06{\n            overflow: hidden;\n        }\n    }\n<\/style>\n\n\n<p><\/p>\n","protected":false},"excerpt":{"rendered":"<p>Med Klimatkontraktet visar vi att vi menar allvar.<\/p>\n","protected":false},"author":1,"featured_media":0,"parent":0,"menu_order":13,"comment_status":"closed","ping_status":"closed","template":"","meta":{"_acf_changed":false,"footnotes":""},"class_list":["post-56","page","type-page","status-publish","hentry"],"acf":[],"yoast_head":"<!-- This site is optimized with the Yoast SEO plugin v27.3 - https:\/\/yoast.com\/product\/yoast-seo-wordpress\/ -->\n<title>V\u00e5rt ansvar i samh\u00e4llet - 2024<\/title>\n<meta name=\"robots\" content=\"index, follow, max-snippet:-1, max-image-preview:large, max-video-preview:-1\" \/>\n<link rel=\"canonical\" href=\"https:\/\/hallbarhetsrapport.malmberg.se\/2024\/vart-ansvar-i-samhallet\/\" \/>\n<meta property=\"og:locale\" content=\"sv_SE\" \/>\n<meta property=\"og:type\" content=\"article\" \/>\n<meta property=\"og:title\" content=\"V\u00e5rt ansvar i samh\u00e4llet - 2024\" \/>\n<meta property=\"og:description\" content=\"Med Klimatkontraktet visar vi att vi menar allvar.\" \/>\n<meta property=\"og:url\" content=\"https:\/\/hallbarhetsrapport.malmberg.se\/2024\/vart-ansvar-i-samhallet\/\" \/>\n<meta property=\"og:site_name\" content=\"2024\" \/>\n<meta property=\"article:modified_time\" content=\"2025-11-27T07:46:44+00:00\" \/>\n<meta property=\"og:image\" content=\"https:\/\/hallbarhetsrapport.malmberg.se\/2024\/wp-content\/uploads\/sites\/4\/2024\/03\/klimatavtal-kristianstad.jpg\" \/>\n\t<meta property=\"og:image:width\" content=\"1024\" \/>\n\t<meta property=\"og:image:height\" content=\"683\" \/>\n\t<meta property=\"og:image:type\" content=\"image\/jpeg\" \/>\n<meta name=\"twitter:card\" content=\"summary_large_image\" \/>\n<meta name=\"twitter:label1\" content=\"Ber\u00e4knad l\u00e4stid\" \/>\n\t<meta name=\"twitter:data1\" content=\"3 minuter\" \/>\n<script type=\"application\/ld+json\" class=\"yoast-schema-graph\">{\"@context\":\"https:\\\/\\\/schema.org\",\"@graph\":[{\"@type\":\"WebPage\",\"@id\":\"https:\\\/\\\/hallbarhetsrapport.malmberg.se\\\/2024\\\/vart-ansvar-i-samhallet\\\/\",\"url\":\"https:\\\/\\\/hallbarhetsrapport.malmberg.se\\\/2024\\\/vart-ansvar-i-samhallet\\\/\",\"name\":\"V\u00e5rt ansvar i samh\u00e4llet - 2024\",\"isPartOf\":{\"@id\":\"https:\\\/\\\/hallbarhetsrapport.malmberg.se\\\/2024\\\/#website\"},\"primaryImageOfPage\":{\"@id\":\"https:\\\/\\\/hallbarhetsrapport.malmberg.se\\\/2024\\\/vart-ansvar-i-samhallet\\\/#primaryimage\"},\"image\":{\"@id\":\"https:\\\/\\\/hallbarhetsrapport.malmberg.se\\\/2024\\\/vart-ansvar-i-samhallet\\\/#primaryimage\"},\"thumbnailUrl\":\"https:\\\/\\\/hallbarhetsrapport.malmberg.se\\\/wp-content\\\/uploads\\\/sites\\\/2\\\/2024\\\/03\\\/klimatavtal-kristianstad.jpg\",\"datePublished\":\"2024-02-18T08:34:27+00:00\",\"dateModified\":\"2025-11-27T07:46:44+00:00\",\"breadcrumb\":{\"@id\":\"https:\\\/\\\/hallbarhetsrapport.malmberg.se\\\/2024\\\/vart-ansvar-i-samhallet\\\/#breadcrumb\"},\"inLanguage\":\"sv-SE\",\"potentialAction\":[{\"@type\":\"ReadAction\",\"target\":[\"https:\\\/\\\/hallbarhetsrapport.malmberg.se\\\/2024\\\/vart-ansvar-i-samhallet\\\/\"]}]},{\"@type\":\"ImageObject\",\"inLanguage\":\"sv-SE\",\"@id\":\"https:\\\/\\\/hallbarhetsrapport.malmberg.se\\\/2024\\\/vart-ansvar-i-samhallet\\\/#primaryimage\",\"url\":\"https:\\\/\\\/hallbarhetsrapport.malmberg.se\\\/wp-content\\\/uploads\\\/sites\\\/2\\\/2024\\\/03\\\/klimatavtal-kristianstad.jpg\",\"contentUrl\":\"https:\\\/\\\/hallbarhetsrapport.malmberg.se\\\/wp-content\\\/uploads\\\/sites\\\/2\\\/2024\\\/03\\\/klimatavtal-kristianstad.jpg\"},{\"@type\":\"BreadcrumbList\",\"@id\":\"https:\\\/\\\/hallbarhetsrapport.malmberg.se\\\/2024\\\/vart-ansvar-i-samhallet\\\/#breadcrumb\",\"itemListElement\":[{\"@type\":\"ListItem\",\"position\":1,\"name\":\"Hem\",\"item\":\"https:\\\/\\\/hallbarhetsrapport.malmberg.se\\\/2024\\\/\"},{\"@type\":\"ListItem\",\"position\":2,\"name\":\"V\u00e5rt ansvar i samh\u00e4llet\"}]},{\"@type\":\"WebSite\",\"@id\":\"https:\\\/\\\/hallbarhetsrapport.malmberg.se\\\/2024\\\/#website\",\"url\":\"https:\\\/\\\/hallbarhetsrapport.malmberg.se\\\/2024\\\/\",\"name\":\"2024\",\"description\":\"Malmberg H\u00e5llbarhetsrapport\",\"publisher\":{\"@id\":\"https:\\\/\\\/hallbarhetsrapport.malmberg.se\\\/2024\\\/#organization\"},\"potentialAction\":[{\"@type\":\"SearchAction\",\"target\":{\"@type\":\"EntryPoint\",\"urlTemplate\":\"https:\\\/\\\/hallbarhetsrapport.malmberg.se\\\/2024\\\/?s={search_term_string}\"},\"query-input\":{\"@type\":\"PropertyValueSpecification\",\"valueRequired\":true,\"valueName\":\"search_term_string\"}}],\"inLanguage\":\"sv-SE\"},{\"@type\":\"Organization\",\"@id\":\"https:\\\/\\\/hallbarhetsrapport.malmberg.se\\\/2024\\\/#organization\",\"name\":\"2024\",\"url\":\"https:\\\/\\\/hallbarhetsrapport.malmberg.se\\\/2024\\\/\",\"logo\":{\"@type\":\"ImageObject\",\"inLanguage\":\"sv-SE\",\"@id\":\"https:\\\/\\\/hallbarhetsrapport.malmberg.se\\\/2024\\\/#\\\/schema\\\/logo\\\/image\\\/\",\"url\":\"https:\\\/\\\/hallbarhetsrapport.malmberg.se\\\/2024\\\/wp-content\\\/uploads\\\/sites\\\/4\\\/2022\\\/12\\\/malmberg-logo.svg\",\"contentUrl\":\"https:\\\/\\\/hallbarhetsrapport.malmberg.se\\\/2024\\\/wp-content\\\/uploads\\\/sites\\\/4\\\/2022\\\/12\\\/malmberg-logo.svg\",\"caption\":\"2024\"},\"image\":{\"@id\":\"https:\\\/\\\/hallbarhetsrapport.malmberg.se\\\/2024\\\/#\\\/schema\\\/logo\\\/image\\\/\"}}]}<\/script>\n<!-- \/ Yoast SEO plugin. -->","yoast_head_json":{"title":"V\u00e5rt ansvar i samh\u00e4llet - 2024","robots":{"index":"index","follow":"follow","max-snippet":"max-snippet:-1","max-image-preview":"max-image-preview:large","max-video-preview":"max-video-preview:-1"},"canonical":"https:\/\/hallbarhetsrapport.malmberg.se\/2024\/vart-ansvar-i-samhallet\/","og_locale":"sv_SE","og_type":"article","og_title":"V\u00e5rt ansvar i samh\u00e4llet - 2024","og_description":"Med Klimatkontraktet visar vi att vi menar allvar.","og_url":"https:\/\/hallbarhetsrapport.malmberg.se\/2024\/vart-ansvar-i-samhallet\/","og_site_name":"2024","article_modified_time":"2025-11-27T07:46:44+00:00","og_image":[{"width":1024,"height":683,"url":"https:\/\/hallbarhetsrapport.malmberg.se\/2024\/wp-content\/uploads\/sites\/4\/2024\/03\/klimatavtal-kristianstad.jpg","type":"image\/jpeg"}],"twitter_card":"summary_large_image","twitter_misc":{"Ber\u00e4knad l\u00e4stid":"3 minuter"},"schema":{"@context":"https:\/\/schema.org","@graph":[{"@type":"WebPage","@id":"https:\/\/hallbarhetsrapport.malmberg.se\/2024\/vart-ansvar-i-samhallet\/","url":"https:\/\/hallbarhetsrapport.malmberg.se\/2024\/vart-ansvar-i-samhallet\/","name":"V\u00e5rt ansvar i samh\u00e4llet - 2024","isPartOf":{"@id":"https:\/\/hallbarhetsrapport.malmberg.se\/2024\/#website"},"primaryImageOfPage":{"@id":"https:\/\/hallbarhetsrapport.malmberg.se\/2024\/vart-ansvar-i-samhallet\/#primaryimage"},"image":{"@id":"https:\/\/hallbarhetsrapport.malmberg.se\/2024\/vart-ansvar-i-samhallet\/#primaryimage"},"thumbnailUrl":"https:\/\/hallbarhetsrapport.malmberg.se\/wp-content\/uploads\/sites\/2\/2024\/03\/klimatavtal-kristianstad.jpg","datePublished":"2024-02-18T08:34:27+00:00","dateModified":"2025-11-27T07:46:44+00:00","breadcrumb":{"@id":"https:\/\/hallbarhetsrapport.malmberg.se\/2024\/vart-ansvar-i-samhallet\/#breadcrumb"},"inLanguage":"sv-SE","potentialAction":[{"@type":"ReadAction","target":["https:\/\/hallbarhetsrapport.malmberg.se\/2024\/vart-ansvar-i-samhallet\/"]}]},{"@type":"ImageObject","inLanguage":"sv-SE","@id":"https:\/\/hallbarhetsrapport.malmberg.se\/2024\/vart-ansvar-i-samhallet\/#primaryimage","url":"https:\/\/hallbarhetsrapport.malmberg.se\/wp-content\/uploads\/sites\/2\/2024\/03\/klimatavtal-kristianstad.jpg","contentUrl":"https:\/\/hallbarhetsrapport.malmberg.se\/wp-content\/uploads\/sites\/2\/2024\/03\/klimatavtal-kristianstad.jpg"},{"@type":"BreadcrumbList","@id":"https:\/\/hallbarhetsrapport.malmberg.se\/2024\/vart-ansvar-i-samhallet\/#breadcrumb","itemListElement":[{"@type":"ListItem","position":1,"name":"Hem","item":"https:\/\/hallbarhetsrapport.malmberg.se\/2024\/"},{"@type":"ListItem","position":2,"name":"V\u00e5rt ansvar i samh\u00e4llet"}]},{"@type":"WebSite","@id":"https:\/\/hallbarhetsrapport.malmberg.se\/2024\/#website","url":"https:\/\/hallbarhetsrapport.malmberg.se\/2024\/","name":"2024","description":"Malmberg H\u00e5llbarhetsrapport","publisher":{"@id":"https:\/\/hallbarhetsrapport.malmberg.se\/2024\/#organization"},"potentialAction":[{"@type":"SearchAction","target":{"@type":"EntryPoint","urlTemplate":"https:\/\/hallbarhetsrapport.malmberg.se\/2024\/?s={search_term_string}"},"query-input":{"@type":"PropertyValueSpecification","valueRequired":true,"valueName":"search_term_string"}}],"inLanguage":"sv-SE"},{"@type":"Organization","@id":"https:\/\/hallbarhetsrapport.malmberg.se\/2024\/#organization","name":"2024","url":"https:\/\/hallbarhetsrapport.malmberg.se\/2024\/","logo":{"@type":"ImageObject","inLanguage":"sv-SE","@id":"https:\/\/hallbarhetsrapport.malmberg.se\/2024\/#\/schema\/logo\/image\/","url":"https:\/\/hallbarhetsrapport.malmberg.se\/2024\/wp-content\/uploads\/sites\/4\/2022\/12\/malmberg-logo.svg","contentUrl":"https:\/\/hallbarhetsrapport.malmberg.se\/2024\/wp-content\/uploads\/sites\/4\/2022\/12\/malmberg-logo.svg","caption":"2024"},"image":{"@id":"https:\/\/hallbarhetsrapport.malmberg.se\/2024\/#\/schema\/logo\/image\/"}}]}},"lang":"sv","translations":{"sv":56,"en":1362},"pll_sync_post":[],"_links":{"self":[{"href":"https:\/\/hallbarhetsrapport.malmberg.se\/2024\/wp-json\/wp\/v2\/pages\/56","targetHints":{"allow":["GET"]}}],"collection":[{"href":"https:\/\/hallbarhetsrapport.malmberg.se\/2024\/wp-json\/wp\/v2\/pages"}],"about":[{"href":"https:\/\/hallbarhetsrapport.malmberg.se\/2024\/wp-json\/wp\/v2\/types\/page"}],"author":[{"embeddable":true,"href":"https:\/\/hallbarhetsrapport.malmberg.se\/2024\/wp-json\/wp\/v2\/users\/1"}],"replies":[{"embeddable":true,"href":"https:\/\/hallbarhetsrapport.malmberg.se\/2024\/wp-json\/wp\/v2\/comments?post=56"}],"version-history":[{"count":35,"href":"https:\/\/hallbarhetsrapport.malmberg.se\/2024\/wp-json\/wp\/v2\/pages\/56\/revisions"}],"predecessor-version":[{"id":1517,"href":"https:\/\/hallbarhetsrapport.malmberg.se\/2024\/wp-json\/wp\/v2\/pages\/56\/revisions\/1517"}],"wp:attachment":[{"href":"https:\/\/hallbarhetsrapport.malmberg.se\/2024\/wp-json\/wp\/v2\/media?parent=56"}],"curies":[{"name":"wp","href":"https:\/\/api.w.org\/{rel}","templated":true}]}}