{"id":52,"date":"2024-02-05T09:34:04","date_gmt":"2024-02-05T08:34:04","guid":{"rendered":"https:\/\/hallbarhetsrapport.malmberg.se\/2024\/?page_id=52"},"modified":"2025-06-11T10:33:19","modified_gmt":"2025-06-11T08:33:19","slug":"projekt-i-fokus","status":"publish","type":"page","link":"https:\/\/hallbarhetsrapport.malmberg.se\/2024\/projekt-i-fokus\/","title":{"rendered":"Projekt i fokus"},"content":{"rendered":"\n<div style=\"height:64px\" aria-hidden=\"true\" id=\"Genthin\" class=\"wp-block-spacer\"><\/div>\n\n\n\n<h2 class=\"wp-block-heading has-bla-color has-text-color has-link-color has-x-large-font-size wp-elements-314e6b6f56bd2d112cce0fcc0ed42f4d\">CO\u2082-Harvester i Genthin<\/h2>\n\n\n\n<p>Vid biogasanl\u00e4ggningen i Genthin har Malmbergs CO\u2082-Harvester installerats f\u00f6r att ta tillvara koldioxid direkt i gasreningsprocessen. L\u00f6sningen skapar nya int\u00e4ktsm\u00f6jligheter, minskar energif\u00f6rbrukningen och st\u00e4rker anl\u00e4ggningens klimatnytta.<\/p>\n\n\n\n<p>Installationen genomf\u00f6rdes h\u00f6sten 2024 utan st\u00f6rre ingrepp i befintliga system. Resultatet blev en sk\u00f6rd p\u00e5 \u00f6ver 50 procent av CO\u2082-fl\u00f6det med en renhet p\u00e5 97 procent. Dessutom minskade energianv\u00e4ndningen med upp till 10 procent och metanslippen reducerades med cirka 10 procent.<\/p>\n\n\n\n<div style=\"height:96px\" aria-hidden=\"true\" id=\"VA-SYD\" class=\"wp-block-spacer\"><\/div>\n\n\n\n<h2 class=\"wp-block-heading has-bla-color has-text-color has-link-color has-x-large-font-size wp-elements-a6355e536e08a5587baac8c2b5d1b125\">Grundvattenf\u00f6rs\u00f6rjning f\u00f6r VA SYD<\/h2>\n\n\n\n<p>I samarbete med VA SYD genomf\u00f6r Malmberg borrningar vid Grevie vattent\u00e4kt i Staffanstorps kommun. Syftet \u00e4r att \u00f6ka uttaget av grundvatten till Bulltofta vattenverk och d\u00e4rmed s\u00e4kerst\u00e4lla en trygg dricksvattenf\u00f6rs\u00f6rjning f\u00f6r en v\u00e4xande region.&nbsp;&nbsp;<\/p>\n\n\n\n<p>Arbetet omfattar b\u00e5de provborrning och f\u00e4rdiga produktionsbrunnar, inklusive tillh\u00f6rande teknik och installationer. Med v\u00e5r l\u00e5nga erfarenhet inom brunnsborrning och vattenf\u00f6rs\u00f6rjning bidrar vi till att framtidss\u00e4kra viktiga samh\u00e4llsfunktioner med h\u00f6g teknisk kvalitet och fokus p\u00e5 l\u00e5ngsiktig h\u00e5llbarhet.<\/p>\n","protected":false},"excerpt":{"rendered":"<p>Ta del av tv\u00e5 unika projekt: Vimmerby avloppsreningsverk och Mariastugan.<\/p>\n","protected":false},"author":1,"featured_media":0,"parent":0,"menu_order":10,"comment_status":"closed","ping_status":"closed","template":"","meta":{"_acf_changed":false,"footnotes":""},"class_list":["post-52","page","type-page","status-publish","hentry"],"acf":[],"yoast_head":"<!-- This site is optimized with the Yoast SEO plugin v27.3 - https:\/\/yoast.com\/product\/yoast-seo-wordpress\/ -->\n<title>Projekt i fokus - 2024<\/title>\n<meta name=\"robots\" content=\"index, follow, max-snippet:-1, max-image-preview:large, max-video-preview:-1\" \/>\n<link rel=\"canonical\" href=\"https:\/\/hallbarhetsrapport.malmberg.se\/2024\/projekt-i-fokus\/\" \/>\n<meta property=\"og:locale\" content=\"sv_SE\" \/>\n<meta property=\"og:type\" content=\"article\" \/>\n<meta property=\"og:title\" content=\"Projekt i fokus - 2024\" \/>\n<meta property=\"og:description\" content=\"Ta del av tv\u00e5 unika projekt: Vimmerby avloppsreningsverk och Mariastugan.\" \/>\n<meta property=\"og:url\" content=\"https:\/\/hallbarhetsrapport.malmberg.se\/2024\/projekt-i-fokus\/\" \/>\n<meta property=\"og:site_name\" content=\"2024\" \/>\n<meta property=\"article:modified_time\" content=\"2025-06-11T08:33:19+00:00\" \/>\n<meta name=\"twitter:card\" content=\"summary_large_image\" \/>\n<meta name=\"twitter:label1\" content=\"Ber\u00e4knad l\u00e4stid\" \/>\n\t<meta name=\"twitter:data1\" content=\"1 minut\" \/>\n<script type=\"application\/ld+json\" class=\"yoast-schema-graph\">{\"@context\":\"https:\\\/\\\/schema.org\",\"@graph\":[{\"@type\":\"WebPage\",\"@id\":\"https:\\\/\\\/hallbarhetsrapport.malmberg.se\\\/2024\\\/projekt-i-fokus\\\/\",\"url\":\"https:\\\/\\\/hallbarhetsrapport.malmberg.se\\\/2024\\\/projekt-i-fokus\\\/\",\"name\":\"Projekt i fokus - 2024\",\"isPartOf\":{\"@id\":\"https:\\\/\\\/hallbarhetsrapport.malmberg.se\\\/2024\\\/#website\"},\"datePublished\":\"2024-02-05T08:34:04+00:00\",\"dateModified\":\"2025-06-11T08:33:19+00:00\",\"breadcrumb\":{\"@id\":\"https:\\\/\\\/hallbarhetsrapport.malmberg.se\\\/2024\\\/projekt-i-fokus\\\/#breadcrumb\"},\"inLanguage\":\"sv-SE\",\"potentialAction\":[{\"@type\":\"ReadAction\",\"target\":[\"https:\\\/\\\/hallbarhetsrapport.malmberg.se\\\/2024\\\/projekt-i-fokus\\\/\"]}]},{\"@type\":\"BreadcrumbList\",\"@id\":\"https:\\\/\\\/hallbarhetsrapport.malmberg.se\\\/2024\\\/projekt-i-fokus\\\/#breadcrumb\",\"itemListElement\":[{\"@type\":\"ListItem\",\"position\":1,\"name\":\"Hem\",\"item\":\"https:\\\/\\\/hallbarhetsrapport.malmberg.se\\\/2024\\\/\"},{\"@type\":\"ListItem\",\"position\":2,\"name\":\"Projekt i fokus\"}]},{\"@type\":\"WebSite\",\"@id\":\"https:\\\/\\\/hallbarhetsrapport.malmberg.se\\\/2024\\\/#website\",\"url\":\"https:\\\/\\\/hallbarhetsrapport.malmberg.se\\\/2024\\\/\",\"name\":\"2024\",\"description\":\"Malmberg H\u00e5llbarhetsrapport\",\"publisher\":{\"@id\":\"https:\\\/\\\/hallbarhetsrapport.malmberg.se\\\/2024\\\/#organization\"},\"potentialAction\":[{\"@type\":\"SearchAction\",\"target\":{\"@type\":\"EntryPoint\",\"urlTemplate\":\"https:\\\/\\\/hallbarhetsrapport.malmberg.se\\\/2024\\\/?s={search_term_string}\"},\"query-input\":{\"@type\":\"PropertyValueSpecification\",\"valueRequired\":true,\"valueName\":\"search_term_string\"}}],\"inLanguage\":\"sv-SE\"},{\"@type\":\"Organization\",\"@id\":\"https:\\\/\\\/hallbarhetsrapport.malmberg.se\\\/2024\\\/#organization\",\"name\":\"2024\",\"url\":\"https:\\\/\\\/hallbarhetsrapport.malmberg.se\\\/2024\\\/\",\"logo\":{\"@type\":\"ImageObject\",\"inLanguage\":\"sv-SE\",\"@id\":\"https:\\\/\\\/hallbarhetsrapport.malmberg.se\\\/2024\\\/#\\\/schema\\\/logo\\\/image\\\/\",\"url\":\"https:\\\/\\\/hallbarhetsrapport.malmberg.se\\\/2024\\\/wp-content\\\/uploads\\\/sites\\\/4\\\/2022\\\/12\\\/malmberg-logo.svg\",\"contentUrl\":\"https:\\\/\\\/hallbarhetsrapport.malmberg.se\\\/2024\\\/wp-content\\\/uploads\\\/sites\\\/4\\\/2022\\\/12\\\/malmberg-logo.svg\",\"caption\":\"2024\"},\"image\":{\"@id\":\"https:\\\/\\\/hallbarhetsrapport.malmberg.se\\\/2024\\\/#\\\/schema\\\/logo\\\/image\\\/\"}}]}<\/script>\n<!-- \/ Yoast SEO plugin. -->","yoast_head_json":{"title":"Projekt i fokus - 2024","robots":{"index":"index","follow":"follow","max-snippet":"max-snippet:-1","max-image-preview":"max-image-preview:large","max-video-preview":"max-video-preview:-1"},"canonical":"https:\/\/hallbarhetsrapport.malmberg.se\/2024\/projekt-i-fokus\/","og_locale":"sv_SE","og_type":"article","og_title":"Projekt i fokus - 2024","og_description":"Ta del av tv\u00e5 unika projekt: Vimmerby avloppsreningsverk och Mariastugan.","og_url":"https:\/\/hallbarhetsrapport.malmberg.se\/2024\/projekt-i-fokus\/","og_site_name":"2024","article_modified_time":"2025-06-11T08:33:19+00:00","twitter_card":"summary_large_image","twitter_misc":{"Ber\u00e4knad l\u00e4stid":"1 minut"},"schema":{"@context":"https:\/\/schema.org","@graph":[{"@type":"WebPage","@id":"https:\/\/hallbarhetsrapport.malmberg.se\/2024\/projekt-i-fokus\/","url":"https:\/\/hallbarhetsrapport.malmberg.se\/2024\/projekt-i-fokus\/","name":"Projekt i fokus - 2024","isPartOf":{"@id":"https:\/\/hallbarhetsrapport.malmberg.se\/2024\/#website"},"datePublished":"2024-02-05T08:34:04+00:00","dateModified":"2025-06-11T08:33:19+00:00","breadcrumb":{"@id":"https:\/\/hallbarhetsrapport.malmberg.se\/2024\/projekt-i-fokus\/#breadcrumb"},"inLanguage":"sv-SE","potentialAction":[{"@type":"ReadAction","target":["https:\/\/hallbarhetsrapport.malmberg.se\/2024\/projekt-i-fokus\/"]}]},{"@type":"BreadcrumbList","@id":"https:\/\/hallbarhetsrapport.malmberg.se\/2024\/projekt-i-fokus\/#breadcrumb","itemListElement":[{"@type":"ListItem","position":1,"name":"Hem","item":"https:\/\/hallbarhetsrapport.malmberg.se\/2024\/"},{"@type":"ListItem","position":2,"name":"Projekt i fokus"}]},{"@type":"WebSite","@id":"https:\/\/hallbarhetsrapport.malmberg.se\/2024\/#website","url":"https:\/\/hallbarhetsrapport.malmberg.se\/2024\/","name":"2024","description":"Malmberg H\u00e5llbarhetsrapport","publisher":{"@id":"https:\/\/hallbarhetsrapport.malmberg.se\/2024\/#organization"},"potentialAction":[{"@type":"SearchAction","target":{"@type":"EntryPoint","urlTemplate":"https:\/\/hallbarhetsrapport.malmberg.se\/2024\/?s={search_term_string}"},"query-input":{"@type":"PropertyValueSpecification","valueRequired":true,"valueName":"search_term_string"}}],"inLanguage":"sv-SE"},{"@type":"Organization","@id":"https:\/\/hallbarhetsrapport.malmberg.se\/2024\/#organization","name":"2024","url":"https:\/\/hallbarhetsrapport.malmberg.se\/2024\/","logo":{"@type":"ImageObject","inLanguage":"sv-SE","@id":"https:\/\/hallbarhetsrapport.malmberg.se\/2024\/#\/schema\/logo\/image\/","url":"https:\/\/hallbarhetsrapport.malmberg.se\/2024\/wp-content\/uploads\/sites\/4\/2022\/12\/malmberg-logo.svg","contentUrl":"https:\/\/hallbarhetsrapport.malmberg.se\/2024\/wp-content\/uploads\/sites\/4\/2022\/12\/malmberg-logo.svg","caption":"2024"},"image":{"@id":"https:\/\/hallbarhetsrapport.malmberg.se\/2024\/#\/schema\/logo\/image\/"}}]}},"lang":"sv","translations":{"sv":52,"en":1348},"pll_sync_post":[],"_links":{"self":[{"href":"https:\/\/hallbarhetsrapport.malmberg.se\/2024\/wp-json\/wp\/v2\/pages\/52","targetHints":{"allow":["GET"]}}],"collection":[{"href":"https:\/\/hallbarhetsrapport.malmberg.se\/2024\/wp-json\/wp\/v2\/pages"}],"about":[{"href":"https:\/\/hallbarhetsrapport.malmberg.se\/2024\/wp-json\/wp\/v2\/types\/page"}],"author":[{"embeddable":true,"href":"https:\/\/hallbarhetsrapport.malmberg.se\/2024\/wp-json\/wp\/v2\/users\/1"}],"replies":[{"embeddable":true,"href":"https:\/\/hallbarhetsrapport.malmberg.se\/2024\/wp-json\/wp\/v2\/comments?post=52"}],"version-history":[{"count":80,"href":"https:\/\/hallbarhetsrapport.malmberg.se\/2024\/wp-json\/wp\/v2\/pages\/52\/revisions"}],"predecessor-version":[{"id":1462,"href":"https:\/\/hallbarhetsrapport.malmberg.se\/2024\/wp-json\/wp\/v2\/pages\/52\/revisions\/1462"}],"wp:attachment":[{"href":"https:\/\/hallbarhetsrapport.malmberg.se\/2024\/wp-json\/wp\/v2\/media?parent=52"}],"curies":[{"name":"wp","href":"https:\/\/api.w.org\/{rel}","templated":true}]}}