{"id":44,"date":"2024-01-25T15:53:21","date_gmt":"2024-01-25T14:53:21","guid":{"rendered":"https:\/\/hallbarhetsrapport.malmberg.se\/2024\/?page_id=44"},"modified":"2025-06-26T11:23:22","modified_gmt":"2025-06-26T09:23:22","slug":"vi-ar-generation-zero","status":"publish","type":"page","link":"https:\/\/hallbarhetsrapport.malmberg.se\/2024\/vi-ar-generation-zero\/","title":{"rendered":"Vi \u00e4r Generation Zero"},"content":{"rendered":"\n<div style=\"height:64px\" aria-hidden=\"true\" class=\"wp-block-spacer\"><\/div>\n\n\n\n<div class=\"wp-block-columns are-vertically-aligned-center is-layout-flex wp-container-core-columns-is-layout-9d6595d7 wp-block-columns-is-layout-flex\">\n<div class=\"wp-block-column is-vertically-aligned-center is-layout-flow wp-block-column-is-layout-flow\" style=\"flex-basis:40%\">\n<figure class=\"wp-block-image size-full\"><img loading=\"lazy\" decoding=\"async\" width=\"591\" height=\"720\" src=\"https:\/\/hallbarhetsrapport.malmberg.se\/wp-content\/uploads\/sites\/2\/2024\/03\/erik-malmberg.jpg\" alt=\"\" class=\"wp-image-1215\" srcset=\"https:\/\/hallbarhetsrapport.malmberg.se\/2024\/wp-content\/uploads\/sites\/4\/2024\/03\/erik-malmberg.jpg 591w, https:\/\/hallbarhetsrapport.malmberg.se\/2024\/wp-content\/uploads\/sites\/4\/2024\/03\/erik-malmberg-246x300.jpg 246w\" sizes=\"auto, (max-width: 591px) 100vw, 591px\" \/><\/figure>\n<\/div>\n\n\n\n<div class=\"wp-block-column is-vertically-aligned-center is-layout-flow wp-block-column-is-layout-flow\" style=\"flex-basis:60%\">\n<p>Genom Generation Zero har vi byggt en plattform f\u00f6r att utveckla b\u00e5de m\u00e4nniskor och aff\u00e4rer. Men det \u00e4r v\u00e5rt fokus p\u00e5 <strong>teknik<\/strong>, <strong>mod<\/strong> och <strong>riktning<\/strong> som g\u00f6r att vi st\u00e5r starkt. Vi \u00e4r inte byggda f\u00f6r att vara st\u00f6rst. Vi \u00e4r byggda f\u00f6r att l\u00f6sa det som \u00e4r sv\u00e5rt \u2013 det som verkligen g\u00f6r skillnad.\u2028<\/p>\n\n\n\n<p class=\"has-small-font-size\" style=\"text-transform:uppercase\">Erik Malmberg, \u00c4gare<\/p>\n<\/div>\n<\/div>\n\n\n\n<div style=\"height:64px\" aria-hidden=\"true\" class=\"wp-block-spacer\"><\/div>\n","protected":false},"excerpt":{"rendered":"<p>I fem generationer har vi utvecklat h\u00e5llbara l\u00f6sningar. H\u00f6r v\u00e5r \u00e4gare, Erik Malmberg, ber\u00e4tta.<\/p>\n","protected":false},"author":1,"featured_media":0,"parent":0,"menu_order":5,"comment_status":"closed","ping_status":"closed","template":"","meta":{"_acf_changed":false,"footnotes":""},"class_list":["post-44","page","type-page","status-publish","hentry"],"acf":[],"yoast_head":"<!-- This site is optimized with the Yoast SEO plugin v27.3 - https:\/\/yoast.com\/product\/yoast-seo-wordpress\/ -->\n<title>Vi \u00e4r Generation Zero - 2024<\/title>\n<meta name=\"robots\" content=\"index, follow, max-snippet:-1, max-image-preview:large, max-video-preview:-1\" \/>\n<link rel=\"canonical\" href=\"https:\/\/hallbarhetsrapport.malmberg.se\/2024\/vi-ar-generation-zero\/\" \/>\n<meta property=\"og:locale\" content=\"sv_SE\" \/>\n<meta property=\"og:type\" content=\"article\" \/>\n<meta property=\"og:title\" content=\"Vi \u00e4r Generation Zero - 2024\" \/>\n<meta property=\"og:description\" content=\"I fem generationer har vi utvecklat h\u00e5llbara l\u00f6sningar. H\u00f6r v\u00e5r \u00e4gare, Erik Malmberg, ber\u00e4tta.\" \/>\n<meta property=\"og:url\" content=\"https:\/\/hallbarhetsrapport.malmberg.se\/2024\/vi-ar-generation-zero\/\" \/>\n<meta property=\"og:site_name\" content=\"2024\" \/>\n<meta property=\"article:modified_time\" content=\"2025-06-26T09:23:22+00:00\" \/>\n<meta property=\"og:image\" content=\"https:\/\/hallbarhetsrapport.malmberg.se\/2024\/wp-content\/uploads\/sites\/4\/2024\/03\/erik-malmberg.jpg\" \/>\n\t<meta property=\"og:image:width\" content=\"591\" \/>\n\t<meta property=\"og:image:height\" content=\"720\" \/>\n\t<meta property=\"og:image:type\" content=\"image\/jpeg\" \/>\n<meta name=\"twitter:card\" content=\"summary_large_image\" \/>\n<meta name=\"twitter:label1\" content=\"Ber\u00e4knad l\u00e4stid\" \/>\n\t<meta name=\"twitter:data1\" content=\"1 minut\" \/>\n<script type=\"application\/ld+json\" class=\"yoast-schema-graph\">{\"@context\":\"https:\\\/\\\/schema.org\",\"@graph\":[{\"@type\":\"WebPage\",\"@id\":\"https:\\\/\\\/hallbarhetsrapport.malmberg.se\\\/2024\\\/vi-ar-generation-zero\\\/\",\"url\":\"https:\\\/\\\/hallbarhetsrapport.malmberg.se\\\/2024\\\/vi-ar-generation-zero\\\/\",\"name\":\"Vi \u00e4r Generation Zero - 2024\",\"isPartOf\":{\"@id\":\"https:\\\/\\\/hallbarhetsrapport.malmberg.se\\\/2024\\\/#website\"},\"primaryImageOfPage\":{\"@id\":\"https:\\\/\\\/hallbarhetsrapport.malmberg.se\\\/2024\\\/vi-ar-generation-zero\\\/#primaryimage\"},\"image\":{\"@id\":\"https:\\\/\\\/hallbarhetsrapport.malmberg.se\\\/2024\\\/vi-ar-generation-zero\\\/#primaryimage\"},\"thumbnailUrl\":\"https:\\\/\\\/hallbarhetsrapport.malmberg.se\\\/wp-content\\\/uploads\\\/sites\\\/2\\\/2024\\\/03\\\/erik-malmberg.jpg\",\"datePublished\":\"2024-01-25T14:53:21+00:00\",\"dateModified\":\"2025-06-26T09:23:22+00:00\",\"breadcrumb\":{\"@id\":\"https:\\\/\\\/hallbarhetsrapport.malmberg.se\\\/2024\\\/vi-ar-generation-zero\\\/#breadcrumb\"},\"inLanguage\":\"sv-SE\",\"potentialAction\":[{\"@type\":\"ReadAction\",\"target\":[\"https:\\\/\\\/hallbarhetsrapport.malmberg.se\\\/2024\\\/vi-ar-generation-zero\\\/\"]}]},{\"@type\":\"ImageObject\",\"inLanguage\":\"sv-SE\",\"@id\":\"https:\\\/\\\/hallbarhetsrapport.malmberg.se\\\/2024\\\/vi-ar-generation-zero\\\/#primaryimage\",\"url\":\"https:\\\/\\\/hallbarhetsrapport.malmberg.se\\\/wp-content\\\/uploads\\\/sites\\\/2\\\/2024\\\/03\\\/erik-malmberg.jpg\",\"contentUrl\":\"https:\\\/\\\/hallbarhetsrapport.malmberg.se\\\/wp-content\\\/uploads\\\/sites\\\/2\\\/2024\\\/03\\\/erik-malmberg.jpg\"},{\"@type\":\"BreadcrumbList\",\"@id\":\"https:\\\/\\\/hallbarhetsrapport.malmberg.se\\\/2024\\\/vi-ar-generation-zero\\\/#breadcrumb\",\"itemListElement\":[{\"@type\":\"ListItem\",\"position\":1,\"name\":\"Hem\",\"item\":\"https:\\\/\\\/hallbarhetsrapport.malmberg.se\\\/2024\\\/\"},{\"@type\":\"ListItem\",\"position\":2,\"name\":\"Vi \u00e4r Generation Zero\"}]},{\"@type\":\"WebSite\",\"@id\":\"https:\\\/\\\/hallbarhetsrapport.malmberg.se\\\/2024\\\/#website\",\"url\":\"https:\\\/\\\/hallbarhetsrapport.malmberg.se\\\/2024\\\/\",\"name\":\"2024\",\"description\":\"Malmberg H\u00e5llbarhetsrapport\",\"publisher\":{\"@id\":\"https:\\\/\\\/hallbarhetsrapport.malmberg.se\\\/2024\\\/#organization\"},\"potentialAction\":[{\"@type\":\"SearchAction\",\"target\":{\"@type\":\"EntryPoint\",\"urlTemplate\":\"https:\\\/\\\/hallbarhetsrapport.malmberg.se\\\/2024\\\/?s={search_term_string}\"},\"query-input\":{\"@type\":\"PropertyValueSpecification\",\"valueRequired\":true,\"valueName\":\"search_term_string\"}}],\"inLanguage\":\"sv-SE\"},{\"@type\":\"Organization\",\"@id\":\"https:\\\/\\\/hallbarhetsrapport.malmberg.se\\\/2024\\\/#organization\",\"name\":\"2024\",\"url\":\"https:\\\/\\\/hallbarhetsrapport.malmberg.se\\\/2024\\\/\",\"logo\":{\"@type\":\"ImageObject\",\"inLanguage\":\"sv-SE\",\"@id\":\"https:\\\/\\\/hallbarhetsrapport.malmberg.se\\\/2024\\\/#\\\/schema\\\/logo\\\/image\\\/\",\"url\":\"https:\\\/\\\/hallbarhetsrapport.malmberg.se\\\/2024\\\/wp-content\\\/uploads\\\/sites\\\/4\\\/2022\\\/12\\\/malmberg-logo.svg\",\"contentUrl\":\"https:\\\/\\\/hallbarhetsrapport.malmberg.se\\\/2024\\\/wp-content\\\/uploads\\\/sites\\\/4\\\/2022\\\/12\\\/malmberg-logo.svg\",\"caption\":\"2024\"},\"image\":{\"@id\":\"https:\\\/\\\/hallbarhetsrapport.malmberg.se\\\/2024\\\/#\\\/schema\\\/logo\\\/image\\\/\"}}]}<\/script>\n<!-- \/ Yoast SEO plugin. -->","yoast_head_json":{"title":"Vi \u00e4r Generation Zero - 2024","robots":{"index":"index","follow":"follow","max-snippet":"max-snippet:-1","max-image-preview":"max-image-preview:large","max-video-preview":"max-video-preview:-1"},"canonical":"https:\/\/hallbarhetsrapport.malmberg.se\/2024\/vi-ar-generation-zero\/","og_locale":"sv_SE","og_type":"article","og_title":"Vi \u00e4r Generation Zero - 2024","og_description":"I fem generationer har vi utvecklat h\u00e5llbara l\u00f6sningar. H\u00f6r v\u00e5r \u00e4gare, Erik Malmberg, ber\u00e4tta.","og_url":"https:\/\/hallbarhetsrapport.malmberg.se\/2024\/vi-ar-generation-zero\/","og_site_name":"2024","article_modified_time":"2025-06-26T09:23:22+00:00","og_image":[{"width":591,"height":720,"url":"https:\/\/hallbarhetsrapport.malmberg.se\/2024\/wp-content\/uploads\/sites\/4\/2024\/03\/erik-malmberg.jpg","type":"image\/jpeg"}],"twitter_card":"summary_large_image","twitter_misc":{"Ber\u00e4knad l\u00e4stid":"1 minut"},"schema":{"@context":"https:\/\/schema.org","@graph":[{"@type":"WebPage","@id":"https:\/\/hallbarhetsrapport.malmberg.se\/2024\/vi-ar-generation-zero\/","url":"https:\/\/hallbarhetsrapport.malmberg.se\/2024\/vi-ar-generation-zero\/","name":"Vi \u00e4r Generation Zero - 2024","isPartOf":{"@id":"https:\/\/hallbarhetsrapport.malmberg.se\/2024\/#website"},"primaryImageOfPage":{"@id":"https:\/\/hallbarhetsrapport.malmberg.se\/2024\/vi-ar-generation-zero\/#primaryimage"},"image":{"@id":"https:\/\/hallbarhetsrapport.malmberg.se\/2024\/vi-ar-generation-zero\/#primaryimage"},"thumbnailUrl":"https:\/\/hallbarhetsrapport.malmberg.se\/wp-content\/uploads\/sites\/2\/2024\/03\/erik-malmberg.jpg","datePublished":"2024-01-25T14:53:21+00:00","dateModified":"2025-06-26T09:23:22+00:00","breadcrumb":{"@id":"https:\/\/hallbarhetsrapport.malmberg.se\/2024\/vi-ar-generation-zero\/#breadcrumb"},"inLanguage":"sv-SE","potentialAction":[{"@type":"ReadAction","target":["https:\/\/hallbarhetsrapport.malmberg.se\/2024\/vi-ar-generation-zero\/"]}]},{"@type":"ImageObject","inLanguage":"sv-SE","@id":"https:\/\/hallbarhetsrapport.malmberg.se\/2024\/vi-ar-generation-zero\/#primaryimage","url":"https:\/\/hallbarhetsrapport.malmberg.se\/wp-content\/uploads\/sites\/2\/2024\/03\/erik-malmberg.jpg","contentUrl":"https:\/\/hallbarhetsrapport.malmberg.se\/wp-content\/uploads\/sites\/2\/2024\/03\/erik-malmberg.jpg"},{"@type":"BreadcrumbList","@id":"https:\/\/hallbarhetsrapport.malmberg.se\/2024\/vi-ar-generation-zero\/#breadcrumb","itemListElement":[{"@type":"ListItem","position":1,"name":"Hem","item":"https:\/\/hallbarhetsrapport.malmberg.se\/2024\/"},{"@type":"ListItem","position":2,"name":"Vi \u00e4r Generation Zero"}]},{"@type":"WebSite","@id":"https:\/\/hallbarhetsrapport.malmberg.se\/2024\/#website","url":"https:\/\/hallbarhetsrapport.malmberg.se\/2024\/","name":"2024","description":"Malmberg H\u00e5llbarhetsrapport","publisher":{"@id":"https:\/\/hallbarhetsrapport.malmberg.se\/2024\/#organization"},"potentialAction":[{"@type":"SearchAction","target":{"@type":"EntryPoint","urlTemplate":"https:\/\/hallbarhetsrapport.malmberg.se\/2024\/?s={search_term_string}"},"query-input":{"@type":"PropertyValueSpecification","valueRequired":true,"valueName":"search_term_string"}}],"inLanguage":"sv-SE"},{"@type":"Organization","@id":"https:\/\/hallbarhetsrapport.malmberg.se\/2024\/#organization","name":"2024","url":"https:\/\/hallbarhetsrapport.malmberg.se\/2024\/","logo":{"@type":"ImageObject","inLanguage":"sv-SE","@id":"https:\/\/hallbarhetsrapport.malmberg.se\/2024\/#\/schema\/logo\/image\/","url":"https:\/\/hallbarhetsrapport.malmberg.se\/2024\/wp-content\/uploads\/sites\/4\/2022\/12\/malmberg-logo.svg","contentUrl":"https:\/\/hallbarhetsrapport.malmberg.se\/2024\/wp-content\/uploads\/sites\/4\/2022\/12\/malmberg-logo.svg","caption":"2024"},"image":{"@id":"https:\/\/hallbarhetsrapport.malmberg.se\/2024\/#\/schema\/logo\/image\/"}}]}},"lang":"sv","translations":{"sv":44,"en":1330},"pll_sync_post":[],"_links":{"self":[{"href":"https:\/\/hallbarhetsrapport.malmberg.se\/2024\/wp-json\/wp\/v2\/pages\/44","targetHints":{"allow":["GET"]}}],"collection":[{"href":"https:\/\/hallbarhetsrapport.malmberg.se\/2024\/wp-json\/wp\/v2\/pages"}],"about":[{"href":"https:\/\/hallbarhetsrapport.malmberg.se\/2024\/wp-json\/wp\/v2\/types\/page"}],"author":[{"embeddable":true,"href":"https:\/\/hallbarhetsrapport.malmberg.se\/2024\/wp-json\/wp\/v2\/users\/1"}],"replies":[{"embeddable":true,"href":"https:\/\/hallbarhetsrapport.malmberg.se\/2024\/wp-json\/wp\/v2\/comments?post=44"}],"version-history":[{"count":72,"href":"https:\/\/hallbarhetsrapport.malmberg.se\/2024\/wp-json\/wp\/v2\/pages\/44\/revisions"}],"predecessor-version":[{"id":1490,"href":"https:\/\/hallbarhetsrapport.malmberg.se\/2024\/wp-json\/wp\/v2\/pages\/44\/revisions\/1490"}],"wp:attachment":[{"href":"https:\/\/hallbarhetsrapport.malmberg.se\/2024\/wp-json\/wp\/v2\/media?parent=44"}],"curies":[{"name":"wp","href":"https:\/\/api.w.org\/{rel}","templated":true}]}}