{"id":21,"date":"2024-01-24T14:03:16","date_gmt":"2024-01-24T13:03:16","guid":{"rendered":"https:\/\/hallbarhetsrapport.malmberg.se\/2024\/?page_id=21"},"modified":"2025-11-27T09:10:58","modified_gmt":"2025-11-27T08:10:58","slug":"om-malmberg","status":"publish","type":"page","link":"https:\/\/hallbarhetsrapport.malmberg.se\/2024\/om-malmberg\/","title":{"rendered":"Om Malmberg"},"content":{"rendered":"\n<div style=\"height:64px\" aria-hidden=\"true\" id=\"generation-zero\" class=\"wp-block-spacer\"><\/div>\n\n\n\n<p>Malmberg \u00e4r ett svenskt familjef\u00f6retag med r\u00f6tterna i Yngsj\u00f6. Sedan 1866 har vi utvecklat teknik och l\u00f6sningar som bidrar till ett mer h\u00e5llbart samh\u00e4lle. I dag \u00e4r vi verksamma inom energi, borrning, och Industridesign. Vi skapar helhetsl\u00f6sningar f\u00f6r energi, biogasuppgradering och borrning,  alltid med kvalitet, innovation och s\u00e4kerhet i fokus.<\/p>\n\n\n\n<p>V\u00e5ra kunder finns inom b\u00e5de privat och offentlig sektor. Med 125 medarbetare i fyra l\u00e4nder driver vi projekt \u00f6ver hela Europa och levererar l\u00f6sningar som st\u00e5r pall \u00f6ver tid.<\/p>\n\n\n\n<p>Vi har byggt v\u00e5r egen nisch genom att kombinera ingenj\u00f6rskunnande med f\u00f6rm\u00e5gan att t\u00e4nka nytt. Arvet fr\u00e5n den lokala smedjan lever kvar, b\u00e5de i v\u00e5r syn p\u00e5 hantverk och i k\u00e4nslan f\u00f6r detaljer som g\u00f6r skillnad.<\/p>\n\n\n\n<div style=\"height:32px\" aria-hidden=\"true\" class=\"wp-block-spacer\"><\/div>\n\n\n\n<figure class=\"wp-block-video\"><video autoplay loop muted src=\"https:\/\/hallbarhetsrapport.malmberg.se\/2024\/wp-content\/uploads\/sites\/4\/2024\/03\/generation-zero-rubrik.mp4\" playsinline><\/video><\/figure>\n\n\n\n<div style=\"height:64px\" aria-hidden=\"true\" class=\"wp-block-spacer\"><\/div>\n\n\n\n<div style=\"height:32px\" aria-hidden=\"true\" id=\"vision\" class=\"wp-block-spacer\"><\/div>\n\n\n\n<figure class=\"wp-block-video\"><video autoplay loop muted src=\"https:\/\/hallbarhetsrapport.malmberg.se\/2024\/wp-content\/uploads\/sites\/4\/2024\/03\/vision-rubrik.mp4\" playsinline><\/video><\/figure>\n\n\n\n<p class=\"has-text-align-center\">Vi m\u00f6jligg\u00f6r n\u00e4sta generations l\u00f6sningar inom energi, vatten och industri. Med teknik, mod och entrepren\u00f6rsanda i fokus \u2013 sedan 1866.<\/p>\n\n\n\n<div style=\"height:64px\" aria-hidden=\"true\" id=\"strategi\" class=\"wp-block-spacer\"><\/div>\n\n\n\n<h3 class=\"wp-block-heading\"><strong>V\u00e5r riktning fram\u00e5t<\/strong><\/h3>\n\n\n\n<p>V\u00e5rt h\u00e5llbarhetsarbete \u00e4r en integrerad del av verksamheten och styrs genom tydliga m\u00e5l och certifierade processer. Vi fokuserar s\u00e4rskilt p\u00e5 att:<\/p>\n\n\n\n<div id=\"focus-areas-block_ea0fb2aabe551fb55c225b4a39a6a92a\" class=\"focus-areas\">\n    <div class=\"items_\">\n                                    <div class=\"item_ animation-element slide-bottom\">\n                <div class=\"number_\">\n                    <p class=\"sub_heading bold color_e\">S\u00e4lja l\u00f6sningar<\/p>\n                    <p class=\"large_text bold color_a\">som g\u00f6r verklig skillnad f\u00f6r v\u00e5ra kunders klimatp\u00e5verkan<\/p>\n                <\/div>\n            <\/div>\n\n                        <div class=\"item_ animation-element slide-bottom\">\n                <div class=\"number_\">\n                    <p class=\"sub_heading bold color_e\">Leverera projekt<\/p>\n                    <p class=\"large_text bold color_a\">med h\u00f6g kvalitet och l\u00e4gre milj\u00f6belastning<\/p>\n                <\/div>\n            <\/div>\n\n                        <div class=\"item_ animation-element slide-bottom\">\n                <div class=\"number_\">\n                    <p class=\"sub_heading bold color_e\">Effektivisera <\/p>\n                    <p class=\"large_text bold color_a\">v\u00e5r egen energi- och resursf\u00f6rbrukning<\/p>\n                <\/div>\n            <\/div>\n\n                        <div class=\"item_ animation-element slide-bottom\">\n                <div class=\"number_\">\n                    <p class=\"sub_heading bold color_e\">St\u00e4lla om<\/p>\n                    <p class=\"large_text bold color_a\">till en fossilfri fordonsflotta<\/p>\n                <\/div>\n            <\/div>\n\n                                    \n    <\/div>\n<\/div>\n<script>\n    \/\/ ============= Animate Content Functions ================== \/\/\n    var $animation_elements = $('.animation-element');\n    var $window = $(window);\n\n    function check_if_in_view() {\n        var window_height = $window.height();\n        var window_top_position = $window.scrollTop();\n        var window_bottom_position = (window_top_position + window_height);\n\n        $.each($animation_elements, function () {\n            var $element = $(this);\n            var element_height = $element.outerHeight();\n            var element_top_position = $element.offset().top;\n            var element_bottom_position = (element_top_position + element_height);\n\n            \/\/check to see if this current container is within viewport\n            if ((element_bottom_position >= window_top_position) &&\n                (element_top_position <= window_bottom_position)) {\n                $element.addClass('in-view');\n            } else {\n                \/\/Comment the row below to run animation just one time\n                \/\/$element.removeClass('in-view');\n            }\n        });\n    }\n\n    $window.on('scroll resize', check_if_in_view);\n    $window.trigger('scroll');\n    \/\/ ============= Animate Content Functions END ================== \/\/\n<\/script>\n\n\n<div style=\"height:64px\" aria-hidden=\"true\" id=\"iso-certifiering\" class=\"wp-block-spacer\"><\/div>\n\n\n\n<section id=\"text-in-background-block_2f8f32389e13c9fa12671b9fc500be7f\" class=\"text-in-background alignwide max-width-wide center-h borderside relative\">\n           <div class=\"bg_text paddingall box-shadow\">\n           <span>ISO<\/span>\n        <\/div>\n        <div class=\"wrapper\">\n                    <div class=\"title_\">\n                                                    <h2 class=\"extra_large_heading_size\">Certifieringar<\/h2>\n                            <\/div>\n                <div class=\"content_\">\n                        <p><strong>Vi \u00e4r certifierade enligt:<\/strong><br \/>\nISO 14001 f\u00f6r milj\u00f6<br \/>\nISO 9001 f\u00f6r kvalitet<br \/>\nISO 45001 f\u00f6r arbetsmilj\u00f6<br \/>\nISO 3834-2 f\u00f6r svetskvalitet<br \/>\nSS-EN 1090-2 f\u00f6r st\u00e5lkonstruktioner<\/p>\n<p>V\u00e5ra certifieringar \u00e4r ett kvitto p\u00e5 att vi arbetar strukturerat, f\u00f6ljer upp v\u00e5ra m\u00e5l och st\u00e4ndigt f\u00f6rb\u00e4ttrar oss \u2013 med b\u00e5de m\u00e4nniskan och milj\u00f6n i fokus.<\/p>\n        <\/div>\n    <\/div>\n<\/section>\n\n\n<style type=\"text\/css\">\n    #text-in-background-block_2f8f32389e13c9fa12671b9fc500be7f {\n        display: flex;\n        justify-content: center;\n        align-items: center;\n        padding: 96px 32px;\n        background-color: var(--color__client__e);\n    }\n    #text-in-background-block_2f8f32389e13c9fa12671b9fc500be7f .wrapper {\n        position: relative;\n    }\n    #text-in-background-block_2f8f32389e13c9fa12671b9fc500be7f .bg_text {\n        position: absolute;\n        bottom: 0;\n        right: 0;\n    }\n    #text-in-background-block_2f8f32389e13c9fa12671b9fc500be7f .bg_text span {\n        display: block;\n        color: #f6c14d;\n        font-size: 15vmax;\n        font-family: 'f37_gingerbold';\n        font-weight: normal !important;\n        line-height: 1;\n        padding: 0;\n        margin: 0;\n    }\n    #text-in-background-block_2f8f32389e13c9fa12671b9fc500be7f .extra_large_heading_size {\n        margin: 0;\n    }\n\n     \/* Desktop *\/\n    @media screen and (min-width: 60em) {\n        #text-in-background-block_2f8f32389e13c9fa12671b9fc500be7f {\n            padding: 128px 32px;\n        }\n        #text-in-background-block_2f8f32389e13c9fa12671b9fc500be7f {\n            background-size: 35%;\n        }\n        #text-in-background-block_2f8f32389e13c9fa12671b9fc500be7f .wrapper {\n            display: flex;\n        }\n        #text-in-background-block_2f8f32389e13c9fa12671b9fc500be7f .wrapper .title_ {\n            flex: 0 1 450px;\n            padding-right: 32px;\n        }\n        #text-in-background-block_2f8f32389e13c9fa12671b9fc500be7f .wrapper .content_ {\n            flex: 1;\n        }\n    }\n     \/* Large Desktop *\/\n    @media screen and (min-width: 75em) {\n        #text-in-background-block_2f8f32389e13c9fa12671b9fc500be7f {\n            \/\/padding: 96px 128px;\n            padding:  128px 128px 144px;\n        }\n    }\n<\/style>\n\n\n<div style=\"height:64px\" aria-hidden=\"true\" class=\"wp-block-spacer\"><\/div>\n","protected":false},"excerpt":{"rendered":"<p>\u00c4r du nyfiken p\u00e5 att veta mer om milj\u00f6teknikf\u00f6retaget Malmberg? L\u00e4s hur allt b\u00f6rjade, och se uppm\u00e4rksammade priser vi vunnit.<\/p>\n","protected":false},"author":1,"featured_media":0,"parent":0,"menu_order":4,"comment_status":"closed","ping_status":"closed","template":"","meta":{"_acf_changed":false,"footnotes":""},"class_list":["post-21","page","type-page","status-publish","hentry"],"acf":[],"yoast_head":"<!-- This site is optimized with the Yoast SEO plugin v27.3 - https:\/\/yoast.com\/product\/yoast-seo-wordpress\/ -->\n<title>Om Malmberg - 2024<\/title>\n<meta name=\"robots\" content=\"index, follow, max-snippet:-1, max-image-preview:large, max-video-preview:-1\" \/>\n<link rel=\"canonical\" href=\"https:\/\/hallbarhetsrapport.malmberg.se\/2024\/om-malmberg\/\" \/>\n<meta property=\"og:locale\" content=\"sv_SE\" \/>\n<meta property=\"og:type\" content=\"article\" \/>\n<meta property=\"og:title\" content=\"Om Malmberg - 2024\" \/>\n<meta property=\"og:description\" content=\"\u00c4r du nyfiken p\u00e5 att veta mer om milj\u00f6teknikf\u00f6retaget Malmberg? L\u00e4s hur allt b\u00f6rjade, och se uppm\u00e4rksammade priser vi vunnit.\" \/>\n<meta property=\"og:url\" content=\"https:\/\/hallbarhetsrapport.malmberg.se\/2024\/om-malmberg\/\" \/>\n<meta property=\"og:site_name\" content=\"2024\" \/>\n<meta property=\"article:modified_time\" content=\"2025-11-27T08:10:58+00:00\" \/>\n<meta name=\"twitter:card\" content=\"summary_large_image\" \/>\n<meta name=\"twitter:label1\" content=\"Ber\u00e4knad l\u00e4stid\" \/>\n\t<meta name=\"twitter:data1\" content=\"2 minuter\" \/>\n<script type=\"application\/ld+json\" class=\"yoast-schema-graph\">{\"@context\":\"https:\\\/\\\/schema.org\",\"@graph\":[{\"@type\":\"WebPage\",\"@id\":\"https:\\\/\\\/hallbarhetsrapport.malmberg.se\\\/2024\\\/om-malmberg\\\/\",\"url\":\"https:\\\/\\\/hallbarhetsrapport.malmberg.se\\\/2024\\\/om-malmberg\\\/\",\"name\":\"Om Malmberg - 2024\",\"isPartOf\":{\"@id\":\"https:\\\/\\\/hallbarhetsrapport.malmberg.se\\\/2024\\\/#website\"},\"datePublished\":\"2024-01-24T13:03:16+00:00\",\"dateModified\":\"2025-11-27T08:10:58+00:00\",\"breadcrumb\":{\"@id\":\"https:\\\/\\\/hallbarhetsrapport.malmberg.se\\\/2024\\\/om-malmberg\\\/#breadcrumb\"},\"inLanguage\":\"sv-SE\",\"potentialAction\":[{\"@type\":\"ReadAction\",\"target\":[\"https:\\\/\\\/hallbarhetsrapport.malmberg.se\\\/2024\\\/om-malmberg\\\/\"]}]},{\"@type\":\"BreadcrumbList\",\"@id\":\"https:\\\/\\\/hallbarhetsrapport.malmberg.se\\\/2024\\\/om-malmberg\\\/#breadcrumb\",\"itemListElement\":[{\"@type\":\"ListItem\",\"position\":1,\"name\":\"Hem\",\"item\":\"https:\\\/\\\/hallbarhetsrapport.malmberg.se\\\/2024\\\/\"},{\"@type\":\"ListItem\",\"position\":2,\"name\":\"Om Malmberg\"}]},{\"@type\":\"WebSite\",\"@id\":\"https:\\\/\\\/hallbarhetsrapport.malmberg.se\\\/2024\\\/#website\",\"url\":\"https:\\\/\\\/hallbarhetsrapport.malmberg.se\\\/2024\\\/\",\"name\":\"2024\",\"description\":\"Malmberg H\u00e5llbarhetsrapport\",\"publisher\":{\"@id\":\"https:\\\/\\\/hallbarhetsrapport.malmberg.se\\\/2024\\\/#organization\"},\"potentialAction\":[{\"@type\":\"SearchAction\",\"target\":{\"@type\":\"EntryPoint\",\"urlTemplate\":\"https:\\\/\\\/hallbarhetsrapport.malmberg.se\\\/2024\\\/?s={search_term_string}\"},\"query-input\":{\"@type\":\"PropertyValueSpecification\",\"valueRequired\":true,\"valueName\":\"search_term_string\"}}],\"inLanguage\":\"sv-SE\"},{\"@type\":\"Organization\",\"@id\":\"https:\\\/\\\/hallbarhetsrapport.malmberg.se\\\/2024\\\/#organization\",\"name\":\"2024\",\"url\":\"https:\\\/\\\/hallbarhetsrapport.malmberg.se\\\/2024\\\/\",\"logo\":{\"@type\":\"ImageObject\",\"inLanguage\":\"sv-SE\",\"@id\":\"https:\\\/\\\/hallbarhetsrapport.malmberg.se\\\/2024\\\/#\\\/schema\\\/logo\\\/image\\\/\",\"url\":\"https:\\\/\\\/hallbarhetsrapport.malmberg.se\\\/2024\\\/wp-content\\\/uploads\\\/sites\\\/4\\\/2022\\\/12\\\/malmberg-logo.svg\",\"contentUrl\":\"https:\\\/\\\/hallbarhetsrapport.malmberg.se\\\/2024\\\/wp-content\\\/uploads\\\/sites\\\/4\\\/2022\\\/12\\\/malmberg-logo.svg\",\"caption\":\"2024\"},\"image\":{\"@id\":\"https:\\\/\\\/hallbarhetsrapport.malmberg.se\\\/2024\\\/#\\\/schema\\\/logo\\\/image\\\/\"}}]}<\/script>\n<!-- \/ Yoast SEO plugin. -->","yoast_head_json":{"title":"Om Malmberg - 2024","robots":{"index":"index","follow":"follow","max-snippet":"max-snippet:-1","max-image-preview":"max-image-preview:large","max-video-preview":"max-video-preview:-1"},"canonical":"https:\/\/hallbarhetsrapport.malmberg.se\/2024\/om-malmberg\/","og_locale":"sv_SE","og_type":"article","og_title":"Om Malmberg - 2024","og_description":"\u00c4r du nyfiken p\u00e5 att veta mer om milj\u00f6teknikf\u00f6retaget Malmberg? L\u00e4s hur allt b\u00f6rjade, och se uppm\u00e4rksammade priser vi vunnit.","og_url":"https:\/\/hallbarhetsrapport.malmberg.se\/2024\/om-malmberg\/","og_site_name":"2024","article_modified_time":"2025-11-27T08:10:58+00:00","twitter_card":"summary_large_image","twitter_misc":{"Ber\u00e4knad l\u00e4stid":"2 minuter"},"schema":{"@context":"https:\/\/schema.org","@graph":[{"@type":"WebPage","@id":"https:\/\/hallbarhetsrapport.malmberg.se\/2024\/om-malmberg\/","url":"https:\/\/hallbarhetsrapport.malmberg.se\/2024\/om-malmberg\/","name":"Om Malmberg - 2024","isPartOf":{"@id":"https:\/\/hallbarhetsrapport.malmberg.se\/2024\/#website"},"datePublished":"2024-01-24T13:03:16+00:00","dateModified":"2025-11-27T08:10:58+00:00","breadcrumb":{"@id":"https:\/\/hallbarhetsrapport.malmberg.se\/2024\/om-malmberg\/#breadcrumb"},"inLanguage":"sv-SE","potentialAction":[{"@type":"ReadAction","target":["https:\/\/hallbarhetsrapport.malmberg.se\/2024\/om-malmberg\/"]}]},{"@type":"BreadcrumbList","@id":"https:\/\/hallbarhetsrapport.malmberg.se\/2024\/om-malmberg\/#breadcrumb","itemListElement":[{"@type":"ListItem","position":1,"name":"Hem","item":"https:\/\/hallbarhetsrapport.malmberg.se\/2024\/"},{"@type":"ListItem","position":2,"name":"Om Malmberg"}]},{"@type":"WebSite","@id":"https:\/\/hallbarhetsrapport.malmberg.se\/2024\/#website","url":"https:\/\/hallbarhetsrapport.malmberg.se\/2024\/","name":"2024","description":"Malmberg H\u00e5llbarhetsrapport","publisher":{"@id":"https:\/\/hallbarhetsrapport.malmberg.se\/2024\/#organization"},"potentialAction":[{"@type":"SearchAction","target":{"@type":"EntryPoint","urlTemplate":"https:\/\/hallbarhetsrapport.malmberg.se\/2024\/?s={search_term_string}"},"query-input":{"@type":"PropertyValueSpecification","valueRequired":true,"valueName":"search_term_string"}}],"inLanguage":"sv-SE"},{"@type":"Organization","@id":"https:\/\/hallbarhetsrapport.malmberg.se\/2024\/#organization","name":"2024","url":"https:\/\/hallbarhetsrapport.malmberg.se\/2024\/","logo":{"@type":"ImageObject","inLanguage":"sv-SE","@id":"https:\/\/hallbarhetsrapport.malmberg.se\/2024\/#\/schema\/logo\/image\/","url":"https:\/\/hallbarhetsrapport.malmberg.se\/2024\/wp-content\/uploads\/sites\/4\/2022\/12\/malmberg-logo.svg","contentUrl":"https:\/\/hallbarhetsrapport.malmberg.se\/2024\/wp-content\/uploads\/sites\/4\/2022\/12\/malmberg-logo.svg","caption":"2024"},"image":{"@id":"https:\/\/hallbarhetsrapport.malmberg.se\/2024\/#\/schema\/logo\/image\/"}}]}},"lang":"sv","translations":{"sv":21,"en":1321},"pll_sync_post":[],"_links":{"self":[{"href":"https:\/\/hallbarhetsrapport.malmberg.se\/2024\/wp-json\/wp\/v2\/pages\/21","targetHints":{"allow":["GET"]}}],"collection":[{"href":"https:\/\/hallbarhetsrapport.malmberg.se\/2024\/wp-json\/wp\/v2\/pages"}],"about":[{"href":"https:\/\/hallbarhetsrapport.malmberg.se\/2024\/wp-json\/wp\/v2\/types\/page"}],"author":[{"embeddable":true,"href":"https:\/\/hallbarhetsrapport.malmberg.se\/2024\/wp-json\/wp\/v2\/users\/1"}],"replies":[{"embeddable":true,"href":"https:\/\/hallbarhetsrapport.malmberg.se\/2024\/wp-json\/wp\/v2\/comments?post=21"}],"version-history":[{"count":70,"href":"https:\/\/hallbarhetsrapport.malmberg.se\/2024\/wp-json\/wp\/v2\/pages\/21\/revisions"}],"predecessor-version":[{"id":1518,"href":"https:\/\/hallbarhetsrapport.malmberg.se\/2024\/wp-json\/wp\/v2\/pages\/21\/revisions\/1518"}],"wp:attachment":[{"href":"https:\/\/hallbarhetsrapport.malmberg.se\/2024\/wp-json\/wp\/v2\/media?parent=21"}],"curies":[{"name":"wp","href":"https:\/\/api.w.org\/{rel}","templated":true}]}}