{"id":833,"date":"2024-02-06T15:38:19","date_gmt":"2024-02-06T14:38:19","guid":{"rendered":"https:\/\/hallbarhetsrapport.malmberg.se\/2023\/?page_id=833"},"modified":"2024-03-14T12:45:34","modified_gmt":"2024-03-14T11:45:34","slug":"yngsjo","status":"publish","type":"page","link":"https:\/\/hallbarhetsrapport.malmberg.se\/2023\/yngsjo\/","title":{"rendered":"Yngsj\u00f6"},"content":{"rendered":"\n<div style=\"height:80px\" aria-hidden=\"true\" id=\"bjorn-ranelid\" class=\"wp-block-spacer\"><\/div>\n\n\n\n<figure class=\"wp-block-image size-full\"><img loading=\"lazy\" decoding=\"async\" width=\"1922\" height=\"1275\" src=\"https:\/\/hallbarhetsrapport.malmberg.se\/wp-content\/uploads\/sites\/2\/2024\/03\/citat-ranelid.jpg\" alt=\"\" class=\"wp-image-1156\" srcset=\"https:\/\/hallbarhetsrapport.malmberg.se\/2023\/wp-content\/uploads\/sites\/2\/2024\/03\/citat-ranelid.jpg 1922w, https:\/\/hallbarhetsrapport.malmberg.se\/2023\/wp-content\/uploads\/sites\/2\/2024\/03\/citat-ranelid-300x199.jpg 300w, https:\/\/hallbarhetsrapport.malmberg.se\/2023\/wp-content\/uploads\/sites\/2\/2024\/03\/citat-ranelid-1024x679.jpg 1024w, https:\/\/hallbarhetsrapport.malmberg.se\/2023\/wp-content\/uploads\/sites\/2\/2024\/03\/citat-ranelid-768x509.jpg 768w, https:\/\/hallbarhetsrapport.malmberg.se\/2023\/wp-content\/uploads\/sites\/2\/2024\/03\/citat-ranelid-1536x1019.jpg 1536w\" sizes=\"auto, (max-width: 1922px) 100vw, 1922px\" \/><\/figure>\n\n\n\n<p><strong>Bj\u00f6rn Ranelid<\/strong><\/p>\n\n\n\n<div style=\"height:32px\" aria-hidden=\"true\" class=\"wp-block-spacer\"><\/div>\n\n\n\n<figure class=\"wp-block-image alignfull size-large\"><img loading=\"lazy\" decoding=\"async\" width=\"1024\" height=\"581\" src=\"https:\/\/hallbarhetsrapport.malmberg.se\/wp-content\/uploads\/sites\/2\/2024\/03\/ranelid-strand-1024x581.jpg\" alt=\"\" class=\"wp-image-1198\" srcset=\"https:\/\/hallbarhetsrapport.malmberg.se\/2023\/wp-content\/uploads\/sites\/2\/2024\/03\/ranelid-strand-1024x581.jpg 1024w, https:\/\/hallbarhetsrapport.malmberg.se\/2023\/wp-content\/uploads\/sites\/2\/2024\/03\/ranelid-strand-300x170.jpg 300w, https:\/\/hallbarhetsrapport.malmberg.se\/2023\/wp-content\/uploads\/sites\/2\/2024\/03\/ranelid-strand-768x436.jpg 768w, https:\/\/hallbarhetsrapport.malmberg.se\/2023\/wp-content\/uploads\/sites\/2\/2024\/03\/ranelid-strand.jpg 1350w\" sizes=\"auto, (max-width: 1024px) 100vw, 1024px\" \/><\/figure>\n\n\n\n<div style=\"height:64px\" aria-hidden=\"true\" id=\"yngsjo\" class=\"wp-block-spacer\"><\/div>\n\n\n\n<h2 class=\"wp-block-heading has-bla-color has-text-color has-link-color has-x-large-font-size wp-elements-4c07d4fd93256967e03895a9af63a971\">Yngsj\u00f6<\/h2>\n\n\n\n<p>Vi \u00e4r stolta \u00f6ver v\u00e5rt ursprung och d\u00e4r vi grundades 1866. Fr\u00e5n en plats med noll storstadsstress \u00e4r vi idag med och driver utvecklingen inom milj\u00f6teknik. Huvudkontoret \u00e4r i Yngsj\u00f6 \u2013 f\u00f6r vi kan inte t\u00e4nka oss en b\u00e4ttre plats att arbeta p\u00e5 n\u00e4r syftet \u00e4r ingenting.<\/p>\n\n\n\n<figure class=\"wp-block-video\"><video controls src=\"https:\/\/hallbarhetsrapport.malmberg.se\/wp-content\/uploads\/sites\/2\/2024\/03\/malmberg-yngsjo-full-1-3_komp.mp4\"><\/video><\/figure>\n","protected":false},"excerpt":{"rendered":"<p>Vi finns kvar i den lilla byn Yngsj\u00f6 &#8211; d\u00e4r allt en g\u00e5ng b\u00f6rjade \u00e5r 1866.<\/p>\n","protected":false},"author":1,"featured_media":0,"parent":0,"menu_order":10,"comment_status":"closed","ping_status":"closed","template":"","meta":{"_acf_changed":false,"footnotes":""},"class_list":["post-833","page","type-page","status-publish","hentry"],"acf":[],"yoast_head":"<!-- This site is optimized with the Yoast SEO plugin v27.3 - https:\/\/yoast.com\/product\/yoast-seo-wordpress\/ -->\n<title>Yngsj\u00f6 - 2023<\/title>\n<meta name=\"robots\" content=\"index, follow, max-snippet:-1, max-image-preview:large, max-video-preview:-1\" \/>\n<link rel=\"canonical\" href=\"https:\/\/hallbarhetsrapport.malmberg.se\/2023\/yngsjo\/\" \/>\n<meta property=\"og:locale\" content=\"sv_SE\" \/>\n<meta property=\"og:type\" content=\"article\" \/>\n<meta property=\"og:title\" content=\"Yngsj\u00f6 - 2023\" \/>\n<meta property=\"og:description\" content=\"Vi finns kvar i den lilla byn Yngsj\u00f6 - d\u00e4r allt en g\u00e5ng b\u00f6rjade \u00e5r 1866.\" \/>\n<meta property=\"og:url\" content=\"https:\/\/hallbarhetsrapport.malmberg.se\/2023\/yngsjo\/\" \/>\n<meta property=\"og:site_name\" content=\"2023\" \/>\n<meta property=\"article:modified_time\" content=\"2024-03-14T11:45:34+00:00\" \/>\n<meta property=\"og:image\" content=\"https:\/\/hallbarhetsrapport.malmberg.se\/wp-content\/uploads\/sites\/2\/2024\/03\/citat-ranelid.jpg\" \/>\n<meta name=\"twitter:card\" content=\"summary_large_image\" \/>\n<script type=\"application\/ld+json\" class=\"yoast-schema-graph\">{\"@context\":\"https:\\\/\\\/schema.org\",\"@graph\":[{\"@type\":\"WebPage\",\"@id\":\"https:\\\/\\\/hallbarhetsrapport.malmberg.se\\\/2023\\\/yngsjo\\\/\",\"url\":\"https:\\\/\\\/hallbarhetsrapport.malmberg.se\\\/2023\\\/yngsjo\\\/\",\"name\":\"Yngsj\u00f6 - 2023\",\"isPartOf\":{\"@id\":\"https:\\\/\\\/hallbarhetsrapport.malmberg.se\\\/2023\\\/#website\"},\"primaryImageOfPage\":{\"@id\":\"https:\\\/\\\/hallbarhetsrapport.malmberg.se\\\/2023\\\/yngsjo\\\/#primaryimage\"},\"image\":{\"@id\":\"https:\\\/\\\/hallbarhetsrapport.malmberg.se\\\/2023\\\/yngsjo\\\/#primaryimage\"},\"thumbnailUrl\":\"https:\\\/\\\/hallbarhetsrapport.malmberg.se\\\/wp-content\\\/uploads\\\/sites\\\/2\\\/2024\\\/03\\\/citat-ranelid.jpg\",\"datePublished\":\"2024-02-06T14:38:19+00:00\",\"dateModified\":\"2024-03-14T11:45:34+00:00\",\"breadcrumb\":{\"@id\":\"https:\\\/\\\/hallbarhetsrapport.malmberg.se\\\/2023\\\/yngsjo\\\/#breadcrumb\"},\"inLanguage\":\"sv-SE\",\"potentialAction\":[{\"@type\":\"ReadAction\",\"target\":[\"https:\\\/\\\/hallbarhetsrapport.malmberg.se\\\/2023\\\/yngsjo\\\/\"]}]},{\"@type\":\"ImageObject\",\"inLanguage\":\"sv-SE\",\"@id\":\"https:\\\/\\\/hallbarhetsrapport.malmberg.se\\\/2023\\\/yngsjo\\\/#primaryimage\",\"url\":\"https:\\\/\\\/hallbarhetsrapport.malmberg.se\\\/wp-content\\\/uploads\\\/sites\\\/2\\\/2024\\\/03\\\/citat-ranelid.jpg\",\"contentUrl\":\"https:\\\/\\\/hallbarhetsrapport.malmberg.se\\\/wp-content\\\/uploads\\\/sites\\\/2\\\/2024\\\/03\\\/citat-ranelid.jpg\"},{\"@type\":\"BreadcrumbList\",\"@id\":\"https:\\\/\\\/hallbarhetsrapport.malmberg.se\\\/2023\\\/yngsjo\\\/#breadcrumb\",\"itemListElement\":[{\"@type\":\"ListItem\",\"position\":1,\"name\":\"Hem\",\"item\":\"https:\\\/\\\/hallbarhetsrapport.malmberg.se\\\/2023\\\/\"},{\"@type\":\"ListItem\",\"position\":2,\"name\":\"Yngsj\u00f6\"}]},{\"@type\":\"WebSite\",\"@id\":\"https:\\\/\\\/hallbarhetsrapport.malmberg.se\\\/2023\\\/#website\",\"url\":\"https:\\\/\\\/hallbarhetsrapport.malmberg.se\\\/2023\\\/\",\"name\":\"2023\",\"description\":\"Malmberg H\u00e5llbarhetsrapport\",\"publisher\":{\"@id\":\"https:\\\/\\\/hallbarhetsrapport.malmberg.se\\\/2023\\\/#organization\"},\"potentialAction\":[{\"@type\":\"SearchAction\",\"target\":{\"@type\":\"EntryPoint\",\"urlTemplate\":\"https:\\\/\\\/hallbarhetsrapport.malmberg.se\\\/2023\\\/?s={search_term_string}\"},\"query-input\":{\"@type\":\"PropertyValueSpecification\",\"valueRequired\":true,\"valueName\":\"search_term_string\"}}],\"inLanguage\":\"sv-SE\"},{\"@type\":\"Organization\",\"@id\":\"https:\\\/\\\/hallbarhetsrapport.malmberg.se\\\/2023\\\/#organization\",\"name\":\"2023\",\"url\":\"https:\\\/\\\/hallbarhetsrapport.malmberg.se\\\/2023\\\/\",\"logo\":{\"@type\":\"ImageObject\",\"inLanguage\":\"sv-SE\",\"@id\":\"https:\\\/\\\/hallbarhetsrapport.malmberg.se\\\/2023\\\/#\\\/schema\\\/logo\\\/image\\\/\",\"url\":\"https:\\\/\\\/hallbarhetsrapport.malmberg.se\\\/2023\\\/wp-content\\\/uploads\\\/sites\\\/2\\\/2022\\\/12\\\/malmberg-logo.svg\",\"contentUrl\":\"https:\\\/\\\/hallbarhetsrapport.malmberg.se\\\/2023\\\/wp-content\\\/uploads\\\/sites\\\/2\\\/2022\\\/12\\\/malmberg-logo.svg\",\"caption\":\"2023\"},\"image\":{\"@id\":\"https:\\\/\\\/hallbarhetsrapport.malmberg.se\\\/2023\\\/#\\\/schema\\\/logo\\\/image\\\/\"}}]}<\/script>\n<!-- \/ Yoast SEO plugin. -->","yoast_head_json":{"title":"Yngsj\u00f6 - 2023","robots":{"index":"index","follow":"follow","max-snippet":"max-snippet:-1","max-image-preview":"max-image-preview:large","max-video-preview":"max-video-preview:-1"},"canonical":"https:\/\/hallbarhetsrapport.malmberg.se\/2023\/yngsjo\/","og_locale":"sv_SE","og_type":"article","og_title":"Yngsj\u00f6 - 2023","og_description":"Vi finns kvar i den lilla byn Yngsj\u00f6 - d\u00e4r allt en g\u00e5ng b\u00f6rjade \u00e5r 1866.","og_url":"https:\/\/hallbarhetsrapport.malmberg.se\/2023\/yngsjo\/","og_site_name":"2023","article_modified_time":"2024-03-14T11:45:34+00:00","og_image":[{"url":"https:\/\/hallbarhetsrapport.malmberg.se\/wp-content\/uploads\/sites\/2\/2024\/03\/citat-ranelid.jpg","type":"","width":"","height":""}],"twitter_card":"summary_large_image","schema":{"@context":"https:\/\/schema.org","@graph":[{"@type":"WebPage","@id":"https:\/\/hallbarhetsrapport.malmberg.se\/2023\/yngsjo\/","url":"https:\/\/hallbarhetsrapport.malmberg.se\/2023\/yngsjo\/","name":"Yngsj\u00f6 - 2023","isPartOf":{"@id":"https:\/\/hallbarhetsrapport.malmberg.se\/2023\/#website"},"primaryImageOfPage":{"@id":"https:\/\/hallbarhetsrapport.malmberg.se\/2023\/yngsjo\/#primaryimage"},"image":{"@id":"https:\/\/hallbarhetsrapport.malmberg.se\/2023\/yngsjo\/#primaryimage"},"thumbnailUrl":"https:\/\/hallbarhetsrapport.malmberg.se\/wp-content\/uploads\/sites\/2\/2024\/03\/citat-ranelid.jpg","datePublished":"2024-02-06T14:38:19+00:00","dateModified":"2024-03-14T11:45:34+00:00","breadcrumb":{"@id":"https:\/\/hallbarhetsrapport.malmberg.se\/2023\/yngsjo\/#breadcrumb"},"inLanguage":"sv-SE","potentialAction":[{"@type":"ReadAction","target":["https:\/\/hallbarhetsrapport.malmberg.se\/2023\/yngsjo\/"]}]},{"@type":"ImageObject","inLanguage":"sv-SE","@id":"https:\/\/hallbarhetsrapport.malmberg.se\/2023\/yngsjo\/#primaryimage","url":"https:\/\/hallbarhetsrapport.malmberg.se\/wp-content\/uploads\/sites\/2\/2024\/03\/citat-ranelid.jpg","contentUrl":"https:\/\/hallbarhetsrapport.malmberg.se\/wp-content\/uploads\/sites\/2\/2024\/03\/citat-ranelid.jpg"},{"@type":"BreadcrumbList","@id":"https:\/\/hallbarhetsrapport.malmberg.se\/2023\/yngsjo\/#breadcrumb","itemListElement":[{"@type":"ListItem","position":1,"name":"Hem","item":"https:\/\/hallbarhetsrapport.malmberg.se\/2023\/"},{"@type":"ListItem","position":2,"name":"Yngsj\u00f6"}]},{"@type":"WebSite","@id":"https:\/\/hallbarhetsrapport.malmberg.se\/2023\/#website","url":"https:\/\/hallbarhetsrapport.malmberg.se\/2023\/","name":"2023","description":"Malmberg H\u00e5llbarhetsrapport","publisher":{"@id":"https:\/\/hallbarhetsrapport.malmberg.se\/2023\/#organization"},"potentialAction":[{"@type":"SearchAction","target":{"@type":"EntryPoint","urlTemplate":"https:\/\/hallbarhetsrapport.malmberg.se\/2023\/?s={search_term_string}"},"query-input":{"@type":"PropertyValueSpecification","valueRequired":true,"valueName":"search_term_string"}}],"inLanguage":"sv-SE"},{"@type":"Organization","@id":"https:\/\/hallbarhetsrapport.malmberg.se\/2023\/#organization","name":"2023","url":"https:\/\/hallbarhetsrapport.malmberg.se\/2023\/","logo":{"@type":"ImageObject","inLanguage":"sv-SE","@id":"https:\/\/hallbarhetsrapport.malmberg.se\/2023\/#\/schema\/logo\/image\/","url":"https:\/\/hallbarhetsrapport.malmberg.se\/2023\/wp-content\/uploads\/sites\/2\/2022\/12\/malmberg-logo.svg","contentUrl":"https:\/\/hallbarhetsrapport.malmberg.se\/2023\/wp-content\/uploads\/sites\/2\/2022\/12\/malmberg-logo.svg","caption":"2023"},"image":{"@id":"https:\/\/hallbarhetsrapport.malmberg.se\/2023\/#\/schema\/logo\/image\/"}}]}},"lang":"sv","translations":{"sv":833,"en":1350},"pll_sync_post":[],"_links":{"self":[{"href":"https:\/\/hallbarhetsrapport.malmberg.se\/2023\/wp-json\/wp\/v2\/pages\/833","targetHints":{"allow":["GET"]}}],"collection":[{"href":"https:\/\/hallbarhetsrapport.malmberg.se\/2023\/wp-json\/wp\/v2\/pages"}],"about":[{"href":"https:\/\/hallbarhetsrapport.malmberg.se\/2023\/wp-json\/wp\/v2\/types\/page"}],"author":[{"embeddable":true,"href":"https:\/\/hallbarhetsrapport.malmberg.se\/2023\/wp-json\/wp\/v2\/users\/1"}],"replies":[{"embeddable":true,"href":"https:\/\/hallbarhetsrapport.malmberg.se\/2023\/wp-json\/wp\/v2\/comments?post=833"}],"version-history":[{"count":16,"href":"https:\/\/hallbarhetsrapport.malmberg.se\/2023\/wp-json\/wp\/v2\/pages\/833\/revisions"}],"predecessor-version":[{"id":1207,"href":"https:\/\/hallbarhetsrapport.malmberg.se\/2023\/wp-json\/wp\/v2\/pages\/833\/revisions\/1207"}],"wp:attachment":[{"href":"https:\/\/hallbarhetsrapport.malmberg.se\/2023\/wp-json\/wp\/v2\/media?parent=833"}],"curies":[{"name":"wp","href":"https:\/\/api.w.org\/{rel}","templated":true}]}}