{"id":62,"date":"2024-02-20T09:35:00","date_gmt":"2024-02-20T08:35:00","guid":{"rendered":"https:\/\/hallbarhetsrapport.malmberg.se\/2023\/?page_id=62"},"modified":"2024-03-14T14:32:43","modified_gmt":"2024-03-14T13:32:43","slug":"vi-ar-med","status":"publish","type":"page","link":"https:\/\/hallbarhetsrapport.malmberg.se\/2023\/vi-ar-med\/","title":{"rendered":"Vi \u00e4r med!"},"content":{"rendered":"\n<div style=\"height:64px\" aria-hidden=\"true\" id=\"barn-och-unga\" class=\"wp-block-spacer\"><\/div>\n\n\n\n<h2 class=\"wp-block-heading\">Gl\u00e4dje och gemenskap f\u00f6r barn och unga<\/h2>\n\n\n\n<p>Att vara en stor akt\u00f6r i en liten by inneb\u00e4r att vi b\u00e5de har ansvar och m\u00f6jlighet att st\u00f6tta lokala f\u00f6reningar och organisationer. Med tanke p\u00e5 v\u00e5rt fokus kring att skapa l\u00e5ngsiktiga l\u00f6sningar f\u00f6r framtiden \u00e4r det sj\u00e4lvklart f\u00f6r oss att bidra till utvecklingen av ett h\u00e5llbart samh\u00e4lle \u00e4ven p\u00e5 lokal niv\u00e5. Vi samarbetar d\u00e4rf\u00f6r med akt\u00f6rer som satsar p\u00e5 n\u00e4sta generation och som bidrar med bland annat trygghet, arbetstillf\u00e4llen, aktiviteter och andra insatser i v\u00e5rt n\u00e4romr\u00e5de.<\/p>\n\n\n\n<div style=\"height:64px\" aria-hidden=\"true\" class=\"wp-block-spacer\"><\/div>\n\n\n\n<h3 class=\"wp-block-heading\">\u00c5hus Beach<\/h3>\n\n\n\n<p>Vi \u00e4r stolta samarbetspartners med \u00c5hus Beach som varje sommar arrangerar \u00c5hus beachhandboll och beachfotboll, som under tio dagar f\u00f6rvandlar stranden till en stor festival som lockar \u00f6ver 1000 ungdomslag. Det \u00e4r ett evenemang som lockar hela familjen och s\u00e4rskilt handboll- och fotbollsintresserade barn och ungdomar. Evenemanget skapar ocks\u00e5 arbetsm\u00f6jligheter till ungdomar som kanske f\u00e5r sitt f\u00f6rsta sommarjobb p\u00e5 evenemangsomr\u00e5det. Vi \u00e4r stolta \u00f6ver att vara samarbetspartners med \u00c5hus Beach som bidrar till b\u00e5de gl\u00e4dje och gemenskap f\u00f6r n\u00e4sta generation.<\/p>\n\n\n\n<figure class=\"wp-block-video alignfull\"><video autoplay loop muted src=\"https:\/\/hallbarhetsrapport.malmberg.se\/wp-content\/uploads\/sites\/2\/2024\/03\/highfive.mp4\" playsinline><\/video><\/figure>\n\n\n\n<div style=\"height:64px\" aria-hidden=\"true\" class=\"wp-block-spacer\"><\/div>\n\n\n\n<h3 class=\"wp-block-heading\">Platsorganisation \u00c5hus<\/h3>\n\n\n\n<p>Vi samarbetar med Platsorganisation \u00c5hus som aktivt arbetar f\u00f6r att skapa bra f\u00f6ruts\u00e4ttningar f\u00f6r de verksamma i \u00c5husomr\u00e5det, och f\u00f6r en attraktiv by \u00e5ret runt. M\u00e5ls\u00e4ttningen grundar sig i att utveckla s\u00e5v\u00e4l n\u00e4romr\u00e5det som sociala projekt och samh\u00e4llsfr\u00e5gor. De satsar bland annat p\u00e5 gemensamma aktiviteter som skapar m\u00f6jlighet f\u00f6r individer att delta i ett st\u00f6rre sammanhang. Platsorganisation \u00c5hus st\u00f6ttar exempelvis idrottsaktiviteter f\u00f6r barn och ungdomar p\u00e5 helger och lov, samt nattvandring som bidrar till en tryggare tillvaro i \u00c5hus. Deras arbete ligger i linje med Malmbergs stora fokus p\u00e5 n\u00e4sta generation och utveckling f\u00f6r framtiden.<\/p>\n\n\n\n<div style=\"height:64px\" aria-hidden=\"true\" id=\"lokal-stottning\" class=\"wp-block-spacer\"><\/div>\n\n\n\n<h2 class=\"wp-block-heading\">Lokal st\u00f6ttning p\u00e5 hemmaplan<\/h2>\n\n\n\n<figure class=\"wp-block-image alignfull size-large\"><img loading=\"lazy\" decoding=\"async\" width=\"1024\" height=\"683\" src=\"https:\/\/hallbarhetsrapport.malmberg.se\/wp-content\/uploads\/sites\/2\/2023\/02\/IH2A9652-komp-1024x683.jpg\" alt=\"\" class=\"wp-image-379\" srcset=\"https:\/\/hallbarhetsrapport.malmberg.se\/2023\/wp-content\/uploads\/sites\/2\/2023\/02\/IH2A9652-komp-1024x683.jpg 1024w, https:\/\/hallbarhetsrapport.malmberg.se\/2023\/wp-content\/uploads\/sites\/2\/2023\/02\/IH2A9652-komp-300x200.jpg 300w, https:\/\/hallbarhetsrapport.malmberg.se\/2023\/wp-content\/uploads\/sites\/2\/2023\/02\/IH2A9652-komp-768x512.jpg 768w, https:\/\/hallbarhetsrapport.malmberg.se\/2023\/wp-content\/uploads\/sites\/2\/2023\/02\/IH2A9652-komp.jpg 1350w\" sizes=\"auto, (max-width: 1024px) 100vw, 1024px\" \/><\/figure>\n\n\n\n<div style=\"height:64px\" aria-hidden=\"true\" class=\"wp-block-spacer\"><\/div>\n\n\n\n<div class=\"wp-block-media-text alignwide has-media-on-the-right is-stacked-on-mobile\" style=\"grid-template-columns:auto 40%\"><div class=\"wp-block-media-text__content\">\n<h2 class=\"wp-block-heading\">Yngsj\u00f6 IF<\/h2>\n\n\n\n<p>Malmberg har funnits i Yngsj\u00f6 sedan \u00e5r 1866, och som akt\u00f6rer i denna by vill vi sj\u00e4lvklart vara med och st\u00f6tta lokalt. I hj\u00e4rtat av Yngsj\u00f6 hittar vi f\u00f6reningen Yngsj\u00f6 IF som m\u00f6jligg\u00f6r f\u00f6r aktivitet, gemenskap och stor gl\u00e4dje i v\u00e5r lilla by. S\u00e5 l\u00e4nge Yngsj\u00f6 IF \u00e4r verksamma vill vi vara med och g\u00f6ra vad vi kan f\u00f6r att st\u00e4ndigt st\u00f6tta och uppmuntra till fortsatt fantastiskt f\u00f6reningsarbete.<\/p>\n<\/div><figure class=\"wp-block-media-text__media\"><img loading=\"lazy\" decoding=\"async\" width=\"768\" height=\"1024\" src=\"https:\/\/hallbarhetsrapport.malmberg.se\/wp-content\/uploads\/sites\/2\/2024\/03\/427021302_711679370947965_4769975001180834501_n-768x1024.jpg\" alt=\"\" class=\"wp-image-852 size-full\" srcset=\"https:\/\/hallbarhetsrapport.malmberg.se\/2023\/wp-content\/uploads\/sites\/2\/2024\/03\/427021302_711679370947965_4769975001180834501_n-768x1024.jpg 768w, https:\/\/hallbarhetsrapport.malmberg.se\/2023\/wp-content\/uploads\/sites\/2\/2024\/03\/427021302_711679370947965_4769975001180834501_n-225x300.jpg 225w, https:\/\/hallbarhetsrapport.malmberg.se\/2023\/wp-content\/uploads\/sites\/2\/2024\/03\/427021302_711679370947965_4769975001180834501_n.jpg 828w\" sizes=\"auto, (max-width: 768px) 100vw, 768px\" \/><\/figure><\/div>\n\n\n\n<div style=\"height:64px\" aria-hidden=\"true\" class=\"wp-block-spacer\"><\/div>\n","protected":false},"excerpt":{"rendered":"<p>Vi st\u00f6ttar lokala f\u00f6reningar och organisationer.<\/p>\n","protected":false},"author":1,"featured_media":0,"parent":0,"menu_order":15,"comment_status":"closed","ping_status":"closed","template":"","meta":{"_acf_changed":false,"footnotes":""},"class_list":["post-62","page","type-page","status-publish","hentry"],"acf":[],"yoast_head":"<!-- This site is optimized with the Yoast SEO plugin v27.3 - https:\/\/yoast.com\/product\/yoast-seo-wordpress\/ -->\n<title>Vi \u00e4r med! - 2023<\/title>\n<meta name=\"robots\" content=\"index, follow, max-snippet:-1, max-image-preview:large, max-video-preview:-1\" \/>\n<link rel=\"canonical\" href=\"https:\/\/hallbarhetsrapport.malmberg.se\/2023\/vi-ar-med\/\" \/>\n<meta property=\"og:locale\" content=\"sv_SE\" \/>\n<meta property=\"og:type\" content=\"article\" \/>\n<meta property=\"og:title\" content=\"Vi \u00e4r med! - 2023\" \/>\n<meta property=\"og:description\" content=\"Vi st\u00f6ttar lokala f\u00f6reningar och organisationer.\" \/>\n<meta property=\"og:url\" content=\"https:\/\/hallbarhetsrapport.malmberg.se\/2023\/vi-ar-med\/\" \/>\n<meta property=\"og:site_name\" content=\"2023\" \/>\n<meta property=\"article:modified_time\" content=\"2024-03-14T13:32:43+00:00\" \/>\n<meta property=\"og:image\" content=\"https:\/\/hallbarhetsrapport.malmberg.se\/wp-content\/uploads\/sites\/2\/2023\/02\/IH2A9652-komp-1024x683.jpg\" \/>\n<meta name=\"twitter:card\" content=\"summary_large_image\" \/>\n<meta name=\"twitter:label1\" content=\"Ber\u00e4knad l\u00e4stid\" \/>\n\t<meta name=\"twitter:data1\" content=\"2 minuter\" \/>\n<script type=\"application\/ld+json\" class=\"yoast-schema-graph\">{\"@context\":\"https:\\\/\\\/schema.org\",\"@graph\":[{\"@type\":\"WebPage\",\"@id\":\"https:\\\/\\\/hallbarhetsrapport.malmberg.se\\\/2023\\\/vi-ar-med\\\/\",\"url\":\"https:\\\/\\\/hallbarhetsrapport.malmberg.se\\\/2023\\\/vi-ar-med\\\/\",\"name\":\"Vi \u00e4r med! - 2023\",\"isPartOf\":{\"@id\":\"https:\\\/\\\/hallbarhetsrapport.malmberg.se\\\/2023\\\/#website\"},\"primaryImageOfPage\":{\"@id\":\"https:\\\/\\\/hallbarhetsrapport.malmberg.se\\\/2023\\\/vi-ar-med\\\/#primaryimage\"},\"image\":{\"@id\":\"https:\\\/\\\/hallbarhetsrapport.malmberg.se\\\/2023\\\/vi-ar-med\\\/#primaryimage\"},\"thumbnailUrl\":\"https:\\\/\\\/hallbarhetsrapport.malmberg.se\\\/wp-content\\\/uploads\\\/sites\\\/2\\\/2023\\\/02\\\/IH2A9652-komp-1024x683.jpg\",\"datePublished\":\"2024-02-20T08:35:00+00:00\",\"dateModified\":\"2024-03-14T13:32:43+00:00\",\"breadcrumb\":{\"@id\":\"https:\\\/\\\/hallbarhetsrapport.malmberg.se\\\/2023\\\/vi-ar-med\\\/#breadcrumb\"},\"inLanguage\":\"sv-SE\",\"potentialAction\":[{\"@type\":\"ReadAction\",\"target\":[\"https:\\\/\\\/hallbarhetsrapport.malmberg.se\\\/2023\\\/vi-ar-med\\\/\"]}]},{\"@type\":\"ImageObject\",\"inLanguage\":\"sv-SE\",\"@id\":\"https:\\\/\\\/hallbarhetsrapport.malmberg.se\\\/2023\\\/vi-ar-med\\\/#primaryimage\",\"url\":\"https:\\\/\\\/hallbarhetsrapport.malmberg.se\\\/wp-content\\\/uploads\\\/sites\\\/2\\\/2023\\\/02\\\/IH2A9652-komp-1024x683.jpg\",\"contentUrl\":\"https:\\\/\\\/hallbarhetsrapport.malmberg.se\\\/wp-content\\\/uploads\\\/sites\\\/2\\\/2023\\\/02\\\/IH2A9652-komp-1024x683.jpg\"},{\"@type\":\"BreadcrumbList\",\"@id\":\"https:\\\/\\\/hallbarhetsrapport.malmberg.se\\\/2023\\\/vi-ar-med\\\/#breadcrumb\",\"itemListElement\":[{\"@type\":\"ListItem\",\"position\":1,\"name\":\"Hem\",\"item\":\"https:\\\/\\\/hallbarhetsrapport.malmberg.se\\\/2023\\\/\"},{\"@type\":\"ListItem\",\"position\":2,\"name\":\"Vi \u00e4r med!\"}]},{\"@type\":\"WebSite\",\"@id\":\"https:\\\/\\\/hallbarhetsrapport.malmberg.se\\\/2023\\\/#website\",\"url\":\"https:\\\/\\\/hallbarhetsrapport.malmberg.se\\\/2023\\\/\",\"name\":\"2023\",\"description\":\"Malmberg H\u00e5llbarhetsrapport\",\"publisher\":{\"@id\":\"https:\\\/\\\/hallbarhetsrapport.malmberg.se\\\/2023\\\/#organization\"},\"potentialAction\":[{\"@type\":\"SearchAction\",\"target\":{\"@type\":\"EntryPoint\",\"urlTemplate\":\"https:\\\/\\\/hallbarhetsrapport.malmberg.se\\\/2023\\\/?s={search_term_string}\"},\"query-input\":{\"@type\":\"PropertyValueSpecification\",\"valueRequired\":true,\"valueName\":\"search_term_string\"}}],\"inLanguage\":\"sv-SE\"},{\"@type\":\"Organization\",\"@id\":\"https:\\\/\\\/hallbarhetsrapport.malmberg.se\\\/2023\\\/#organization\",\"name\":\"2023\",\"url\":\"https:\\\/\\\/hallbarhetsrapport.malmberg.se\\\/2023\\\/\",\"logo\":{\"@type\":\"ImageObject\",\"inLanguage\":\"sv-SE\",\"@id\":\"https:\\\/\\\/hallbarhetsrapport.malmberg.se\\\/2023\\\/#\\\/schema\\\/logo\\\/image\\\/\",\"url\":\"https:\\\/\\\/hallbarhetsrapport.malmberg.se\\\/2023\\\/wp-content\\\/uploads\\\/sites\\\/2\\\/2022\\\/12\\\/malmberg-logo.svg\",\"contentUrl\":\"https:\\\/\\\/hallbarhetsrapport.malmberg.se\\\/2023\\\/wp-content\\\/uploads\\\/sites\\\/2\\\/2022\\\/12\\\/malmberg-logo.svg\",\"caption\":\"2023\"},\"image\":{\"@id\":\"https:\\\/\\\/hallbarhetsrapport.malmberg.se\\\/2023\\\/#\\\/schema\\\/logo\\\/image\\\/\"}}]}<\/script>\n<!-- \/ Yoast SEO plugin. -->","yoast_head_json":{"title":"Vi \u00e4r med! - 2023","robots":{"index":"index","follow":"follow","max-snippet":"max-snippet:-1","max-image-preview":"max-image-preview:large","max-video-preview":"max-video-preview:-1"},"canonical":"https:\/\/hallbarhetsrapport.malmberg.se\/2023\/vi-ar-med\/","og_locale":"sv_SE","og_type":"article","og_title":"Vi \u00e4r med! - 2023","og_description":"Vi st\u00f6ttar lokala f\u00f6reningar och organisationer.","og_url":"https:\/\/hallbarhetsrapport.malmberg.se\/2023\/vi-ar-med\/","og_site_name":"2023","article_modified_time":"2024-03-14T13:32:43+00:00","og_image":[{"url":"https:\/\/hallbarhetsrapport.malmberg.se\/wp-content\/uploads\/sites\/2\/2023\/02\/IH2A9652-komp-1024x683.jpg","type":"","width":"","height":""}],"twitter_card":"summary_large_image","twitter_misc":{"Ber\u00e4knad l\u00e4stid":"2 minuter"},"schema":{"@context":"https:\/\/schema.org","@graph":[{"@type":"WebPage","@id":"https:\/\/hallbarhetsrapport.malmberg.se\/2023\/vi-ar-med\/","url":"https:\/\/hallbarhetsrapport.malmberg.se\/2023\/vi-ar-med\/","name":"Vi \u00e4r med! - 2023","isPartOf":{"@id":"https:\/\/hallbarhetsrapport.malmberg.se\/2023\/#website"},"primaryImageOfPage":{"@id":"https:\/\/hallbarhetsrapport.malmberg.se\/2023\/vi-ar-med\/#primaryimage"},"image":{"@id":"https:\/\/hallbarhetsrapport.malmberg.se\/2023\/vi-ar-med\/#primaryimage"},"thumbnailUrl":"https:\/\/hallbarhetsrapport.malmberg.se\/wp-content\/uploads\/sites\/2\/2023\/02\/IH2A9652-komp-1024x683.jpg","datePublished":"2024-02-20T08:35:00+00:00","dateModified":"2024-03-14T13:32:43+00:00","breadcrumb":{"@id":"https:\/\/hallbarhetsrapport.malmberg.se\/2023\/vi-ar-med\/#breadcrumb"},"inLanguage":"sv-SE","potentialAction":[{"@type":"ReadAction","target":["https:\/\/hallbarhetsrapport.malmberg.se\/2023\/vi-ar-med\/"]}]},{"@type":"ImageObject","inLanguage":"sv-SE","@id":"https:\/\/hallbarhetsrapport.malmberg.se\/2023\/vi-ar-med\/#primaryimage","url":"https:\/\/hallbarhetsrapport.malmberg.se\/wp-content\/uploads\/sites\/2\/2023\/02\/IH2A9652-komp-1024x683.jpg","contentUrl":"https:\/\/hallbarhetsrapport.malmberg.se\/wp-content\/uploads\/sites\/2\/2023\/02\/IH2A9652-komp-1024x683.jpg"},{"@type":"BreadcrumbList","@id":"https:\/\/hallbarhetsrapport.malmberg.se\/2023\/vi-ar-med\/#breadcrumb","itemListElement":[{"@type":"ListItem","position":1,"name":"Hem","item":"https:\/\/hallbarhetsrapport.malmberg.se\/2023\/"},{"@type":"ListItem","position":2,"name":"Vi \u00e4r med!"}]},{"@type":"WebSite","@id":"https:\/\/hallbarhetsrapport.malmberg.se\/2023\/#website","url":"https:\/\/hallbarhetsrapport.malmberg.se\/2023\/","name":"2023","description":"Malmberg H\u00e5llbarhetsrapport","publisher":{"@id":"https:\/\/hallbarhetsrapport.malmberg.se\/2023\/#organization"},"potentialAction":[{"@type":"SearchAction","target":{"@type":"EntryPoint","urlTemplate":"https:\/\/hallbarhetsrapport.malmberg.se\/2023\/?s={search_term_string}"},"query-input":{"@type":"PropertyValueSpecification","valueRequired":true,"valueName":"search_term_string"}}],"inLanguage":"sv-SE"},{"@type":"Organization","@id":"https:\/\/hallbarhetsrapport.malmberg.se\/2023\/#organization","name":"2023","url":"https:\/\/hallbarhetsrapport.malmberg.se\/2023\/","logo":{"@type":"ImageObject","inLanguage":"sv-SE","@id":"https:\/\/hallbarhetsrapport.malmberg.se\/2023\/#\/schema\/logo\/image\/","url":"https:\/\/hallbarhetsrapport.malmberg.se\/2023\/wp-content\/uploads\/sites\/2\/2022\/12\/malmberg-logo.svg","contentUrl":"https:\/\/hallbarhetsrapport.malmberg.se\/2023\/wp-content\/uploads\/sites\/2\/2022\/12\/malmberg-logo.svg","caption":"2023"},"image":{"@id":"https:\/\/hallbarhetsrapport.malmberg.se\/2023\/#\/schema\/logo\/image\/"}}]}},"lang":"sv","translations":{"sv":62,"en":1364},"pll_sync_post":[],"_links":{"self":[{"href":"https:\/\/hallbarhetsrapport.malmberg.se\/2023\/wp-json\/wp\/v2\/pages\/62","targetHints":{"allow":["GET"]}}],"collection":[{"href":"https:\/\/hallbarhetsrapport.malmberg.se\/2023\/wp-json\/wp\/v2\/pages"}],"about":[{"href":"https:\/\/hallbarhetsrapport.malmberg.se\/2023\/wp-json\/wp\/v2\/types\/page"}],"author":[{"embeddable":true,"href":"https:\/\/hallbarhetsrapport.malmberg.se\/2023\/wp-json\/wp\/v2\/users\/1"}],"replies":[{"embeddable":true,"href":"https:\/\/hallbarhetsrapport.malmberg.se\/2023\/wp-json\/wp\/v2\/comments?post=62"}],"version-history":[{"count":23,"href":"https:\/\/hallbarhetsrapport.malmberg.se\/2023\/wp-json\/wp\/v2\/pages\/62\/revisions"}],"predecessor-version":[{"id":1259,"href":"https:\/\/hallbarhetsrapport.malmberg.se\/2023\/wp-json\/wp\/v2\/pages\/62\/revisions\/1259"}],"wp:attachment":[{"href":"https:\/\/hallbarhetsrapport.malmberg.se\/2023\/wp-json\/wp\/v2\/media?parent=62"}],"curies":[{"name":"wp","href":"https:\/\/api.w.org\/{rel}","templated":true}]}}