{"id":44,"date":"2024-01-25T15:53:21","date_gmt":"2024-01-25T14:53:21","guid":{"rendered":"https:\/\/hallbarhetsrapport.malmberg.se\/2023\/?page_id=44"},"modified":"2024-03-14T13:00:24","modified_gmt":"2024-03-14T12:00:24","slug":"vi-ar-generation-zero","status":"publish","type":"page","link":"https:\/\/hallbarhetsrapport.malmberg.se\/2023\/vi-ar-generation-zero\/","title":{"rendered":"Vi \u00e4r Generation Zero"},"content":{"rendered":"\n<div style=\"height:64px\" aria-hidden=\"true\" id=\"agare\" class=\"wp-block-spacer\"><\/div>\n\n\n\n<p>Vi \u00e4r den femte generationen som leder Malmberg. Genom att b\u00e4ra arvet efter J\u00f6ns Malmberg, v\u00e5r farfars farfar, utvecklar vi h\u00e5llbara l\u00f6sningar inom vattenrening, borrning, biogas och geoenergi. Vi vet att vi g\u00f6r skillnad. Och vi m\u00e5ste f\u00e5 den skillnaden att r\u00e4knas. F\u00f6r samtidigt som vi \u00e4r den femte generationen, \u00e4r vi ocks\u00e5 den f\u00f6rsta generationen. Den f\u00f6rsta som till fullo f\u00f6rst\u00e5r omfattningen av klimatf\u00f6r\u00e4ndringarna. Och den f\u00f6rsta med verktygen f\u00f6r att m\u00f6jligg\u00f6ra en b\u00e4ttre framtid.<\/p>\n\n\n\n<p>Det \u00e4r d\u00e4rf\u00f6r v\u00e5rt m\u00e5l m\u00e5ste vara ingenting. Noll utsl\u00e4pp. Noll f\u00f6roreningar. Noll avfall. Men ingenting \u00e4r om\u00f6jligt utan dig. V\u00e5ra medarbetare, v\u00e5ra kunder.<\/p>\n\n\n\n<div style=\"height:64px\" aria-hidden=\"true\" class=\"wp-block-spacer\"><\/div>\n\n\n\n<div class=\"wp-block-columns are-vertically-aligned-center is-layout-flex wp-container-core-columns-is-layout-9d6595d7 wp-block-columns-is-layout-flex\">\n<div class=\"wp-block-column is-vertically-aligned-center is-layout-flow wp-block-column-is-layout-flow\" style=\"flex-basis:40%\">\n<figure class=\"wp-block-image size-full\"><img loading=\"lazy\" decoding=\"async\" width=\"591\" height=\"720\" src=\"https:\/\/hallbarhetsrapport.malmberg.se\/wp-content\/uploads\/sites\/2\/2024\/03\/erik-malmberg.jpg\" alt=\"\" class=\"wp-image-1215\" srcset=\"https:\/\/hallbarhetsrapport.malmberg.se\/2023\/wp-content\/uploads\/sites\/2\/2024\/03\/erik-malmberg.jpg 591w, https:\/\/hallbarhetsrapport.malmberg.se\/2023\/wp-content\/uploads\/sites\/2\/2024\/03\/erik-malmberg-246x300.jpg 246w\" sizes=\"auto, (max-width: 591px) 100vw, 591px\" \/><\/figure>\n<\/div>\n\n\n\n<div class=\"wp-block-column is-vertically-aligned-center is-layout-flow wp-block-column-is-layout-flow\" style=\"flex-basis:60%\">\n<p>Genom Generation Zero har vi skapat en plattform f\u00f6r oss att utveckla v\u00e5r <strong>personal, v\u00e5ra aff\u00e4rer och v\u00e5ra kunder<\/strong>. Att jobba med l\u00f6sningar inom ren energi och rent vatten positionerar oss r\u00e4tt p\u00e5 marknaden under m\u00e5nga \u00e5r fram\u00f6ver.<\/p>\n\n\n\n<p class=\"has-small-font-size\" style=\"text-transform:uppercase\">Erik Malmberg, \u00c4gare<\/p>\n<\/div>\n<\/div>\n\n\n\n<div style=\"height:64px\" aria-hidden=\"true\" id=\"zero-day\" class=\"wp-block-spacer\"><\/div>\n\n\n\n<figure class=\"wp-block-video alignfull\"><video controls src=\"https:\/\/hallbarhetsrapport.malmberg.se\/wp-content\/uploads\/sites\/2\/2024\/03\/malmberg-zero-day_1_komp.mp4\"><\/video><\/figure>\n\n\n\n<div style=\"height:32px\" aria-hidden=\"true\" class=\"wp-block-spacer\"><\/div>\n\n\n\n<h2 class=\"wp-block-heading\">Zero Day &#8211; En h\u00e5llbar succ\u00e9<\/h2>\n\n\n\n<p>Under v\u00e5ren f\u00f6rberedde vi v\u00e5rt arrangemang \u201cZero Day\u201d. Zero Day blev en m\u00f6tesplats f\u00f6r v\u00e5ra v\u00e4rderingar, gl\u00e4dje och insikter om v\u00e5rt h\u00e5llbarhets- och arbetsmilj\u00f6arbete.<\/p>\n\n\n\n<p>Hela v\u00e5ren var en upptrappning av olika aktiviteter och f\u00f6rberedelser som syftade till att v\u00e4cka v\u00e5ras anst\u00e4llda intresse inf\u00f6r Zero Day. Det skapades po\u00e4ngsamlingst\u00e4vlingar och quiz, d\u00e4r svaren fanns att hitta i v\u00e5r h\u00e5llbarhetsrapport f\u00f6r 2022 &#8211; detta f\u00f6r att skapa en \u00f6kad medvetenhet hos v\u00e5r personal.<\/p>\n\n\n\n<p>Den 2 juni var en heldag fylld med v\u00e4rdefulla aktiviteter som sp\u00e4nde \u00f6ver \u00e4mnen som h\u00e5llbarhet och arbetsmilj\u00f6. V\u00e5rt tema genomsyrade hela evenemanget, och vi \u00e4r stolta \u00f6ver hur deltagarna integrerade v\u00e5ra gemensamma v\u00e4rderingar &#8211; kompetens, kreativitet, \u00f6ppenhet och gl\u00e4dje &#8211; i sina diskussioner och aktiviteter.<\/p>\n\n\n\n<figure class=\"wp-block-image size-large\"><img loading=\"lazy\" decoding=\"async\" width=\"1024\" height=\"385\" src=\"https:\/\/hallbarhetsrapport.malmberg.se\/wp-content\/uploads\/sites\/2\/2024\/03\/zero-letters_komp-1024x385.jpg\" alt=\"\" class=\"wp-image-956\" srcset=\"https:\/\/hallbarhetsrapport.malmberg.se\/2023\/wp-content\/uploads\/sites\/2\/2024\/03\/zero-letters_komp-1024x385.jpg 1024w, https:\/\/hallbarhetsrapport.malmberg.se\/2023\/wp-content\/uploads\/sites\/2\/2024\/03\/zero-letters_komp-300x113.jpg 300w, https:\/\/hallbarhetsrapport.malmberg.se\/2023\/wp-content\/uploads\/sites\/2\/2024\/03\/zero-letters_komp-768x288.jpg 768w, https:\/\/hallbarhetsrapport.malmberg.se\/2023\/wp-content\/uploads\/sites\/2\/2024\/03\/zero-letters_komp.jpg 1350w\" sizes=\"auto, (max-width: 1024px) 100vw, 1024px\" \/><\/figure>\n","protected":false},"excerpt":{"rendered":"<p>I fem generationer har vi utvecklat h\u00e5llbara l\u00f6sningar. H\u00f6r v\u00e5r \u00e4gare, Erik Malmberg, ber\u00e4tta.<\/p>\n","protected":false},"author":1,"featured_media":0,"parent":0,"menu_order":5,"comment_status":"closed","ping_status":"closed","template":"","meta":{"_acf_changed":false,"footnotes":""},"class_list":["post-44","page","type-page","status-publish","hentry"],"acf":[],"yoast_head":"<!-- This site is optimized with the Yoast SEO plugin v27.3 - https:\/\/yoast.com\/product\/yoast-seo-wordpress\/ -->\n<title>Vi \u00e4r Generation Zero - 2023<\/title>\n<meta name=\"robots\" content=\"index, follow, max-snippet:-1, max-image-preview:large, max-video-preview:-1\" \/>\n<link rel=\"canonical\" href=\"https:\/\/hallbarhetsrapport.malmberg.se\/2023\/vi-ar-generation-zero\/\" \/>\n<meta property=\"og:locale\" content=\"sv_SE\" \/>\n<meta property=\"og:type\" content=\"article\" \/>\n<meta property=\"og:title\" content=\"Vi \u00e4r Generation Zero - 2023\" \/>\n<meta property=\"og:description\" content=\"I fem generationer har vi utvecklat h\u00e5llbara l\u00f6sningar. H\u00f6r v\u00e5r \u00e4gare, Erik Malmberg, ber\u00e4tta.\" \/>\n<meta property=\"og:url\" content=\"https:\/\/hallbarhetsrapport.malmberg.se\/2023\/vi-ar-generation-zero\/\" \/>\n<meta property=\"og:site_name\" content=\"2023\" \/>\n<meta property=\"article:modified_time\" content=\"2024-03-14T12:00:24+00:00\" \/>\n<meta property=\"og:image\" content=\"https:\/\/hallbarhetsrapport.malmberg.se\/wp-content\/uploads\/sites\/2\/2024\/03\/erik-malmberg.jpg\" \/>\n<meta name=\"twitter:card\" content=\"summary_large_image\" \/>\n<meta name=\"twitter:label1\" content=\"Ber\u00e4knad l\u00e4stid\" \/>\n\t<meta name=\"twitter:data1\" content=\"2 minuter\" \/>\n<script type=\"application\/ld+json\" class=\"yoast-schema-graph\">{\"@context\":\"https:\\\/\\\/schema.org\",\"@graph\":[{\"@type\":\"WebPage\",\"@id\":\"https:\\\/\\\/hallbarhetsrapport.malmberg.se\\\/2023\\\/vi-ar-generation-zero\\\/\",\"url\":\"https:\\\/\\\/hallbarhetsrapport.malmberg.se\\\/2023\\\/vi-ar-generation-zero\\\/\",\"name\":\"Vi \u00e4r Generation Zero - 2023\",\"isPartOf\":{\"@id\":\"https:\\\/\\\/hallbarhetsrapport.malmberg.se\\\/2023\\\/#website\"},\"primaryImageOfPage\":{\"@id\":\"https:\\\/\\\/hallbarhetsrapport.malmberg.se\\\/2023\\\/vi-ar-generation-zero\\\/#primaryimage\"},\"image\":{\"@id\":\"https:\\\/\\\/hallbarhetsrapport.malmberg.se\\\/2023\\\/vi-ar-generation-zero\\\/#primaryimage\"},\"thumbnailUrl\":\"https:\\\/\\\/hallbarhetsrapport.malmberg.se\\\/wp-content\\\/uploads\\\/sites\\\/2\\\/2024\\\/03\\\/erik-malmberg.jpg\",\"datePublished\":\"2024-01-25T14:53:21+00:00\",\"dateModified\":\"2024-03-14T12:00:24+00:00\",\"breadcrumb\":{\"@id\":\"https:\\\/\\\/hallbarhetsrapport.malmberg.se\\\/2023\\\/vi-ar-generation-zero\\\/#breadcrumb\"},\"inLanguage\":\"sv-SE\",\"potentialAction\":[{\"@type\":\"ReadAction\",\"target\":[\"https:\\\/\\\/hallbarhetsrapport.malmberg.se\\\/2023\\\/vi-ar-generation-zero\\\/\"]}]},{\"@type\":\"ImageObject\",\"inLanguage\":\"sv-SE\",\"@id\":\"https:\\\/\\\/hallbarhetsrapport.malmberg.se\\\/2023\\\/vi-ar-generation-zero\\\/#primaryimage\",\"url\":\"https:\\\/\\\/hallbarhetsrapport.malmberg.se\\\/wp-content\\\/uploads\\\/sites\\\/2\\\/2024\\\/03\\\/erik-malmberg.jpg\",\"contentUrl\":\"https:\\\/\\\/hallbarhetsrapport.malmberg.se\\\/wp-content\\\/uploads\\\/sites\\\/2\\\/2024\\\/03\\\/erik-malmberg.jpg\"},{\"@type\":\"BreadcrumbList\",\"@id\":\"https:\\\/\\\/hallbarhetsrapport.malmberg.se\\\/2023\\\/vi-ar-generation-zero\\\/#breadcrumb\",\"itemListElement\":[{\"@type\":\"ListItem\",\"position\":1,\"name\":\"Hem\",\"item\":\"https:\\\/\\\/hallbarhetsrapport.malmberg.se\\\/2023\\\/\"},{\"@type\":\"ListItem\",\"position\":2,\"name\":\"Vi \u00e4r Generation Zero\"}]},{\"@type\":\"WebSite\",\"@id\":\"https:\\\/\\\/hallbarhetsrapport.malmberg.se\\\/2023\\\/#website\",\"url\":\"https:\\\/\\\/hallbarhetsrapport.malmberg.se\\\/2023\\\/\",\"name\":\"2023\",\"description\":\"Malmberg H\u00e5llbarhetsrapport\",\"publisher\":{\"@id\":\"https:\\\/\\\/hallbarhetsrapport.malmberg.se\\\/2023\\\/#organization\"},\"potentialAction\":[{\"@type\":\"SearchAction\",\"target\":{\"@type\":\"EntryPoint\",\"urlTemplate\":\"https:\\\/\\\/hallbarhetsrapport.malmberg.se\\\/2023\\\/?s={search_term_string}\"},\"query-input\":{\"@type\":\"PropertyValueSpecification\",\"valueRequired\":true,\"valueName\":\"search_term_string\"}}],\"inLanguage\":\"sv-SE\"},{\"@type\":\"Organization\",\"@id\":\"https:\\\/\\\/hallbarhetsrapport.malmberg.se\\\/2023\\\/#organization\",\"name\":\"2023\",\"url\":\"https:\\\/\\\/hallbarhetsrapport.malmberg.se\\\/2023\\\/\",\"logo\":{\"@type\":\"ImageObject\",\"inLanguage\":\"sv-SE\",\"@id\":\"https:\\\/\\\/hallbarhetsrapport.malmberg.se\\\/2023\\\/#\\\/schema\\\/logo\\\/image\\\/\",\"url\":\"https:\\\/\\\/hallbarhetsrapport.malmberg.se\\\/2023\\\/wp-content\\\/uploads\\\/sites\\\/2\\\/2022\\\/12\\\/malmberg-logo.svg\",\"contentUrl\":\"https:\\\/\\\/hallbarhetsrapport.malmberg.se\\\/2023\\\/wp-content\\\/uploads\\\/sites\\\/2\\\/2022\\\/12\\\/malmberg-logo.svg\",\"caption\":\"2023\"},\"image\":{\"@id\":\"https:\\\/\\\/hallbarhetsrapport.malmberg.se\\\/2023\\\/#\\\/schema\\\/logo\\\/image\\\/\"}}]}<\/script>\n<!-- \/ Yoast SEO plugin. -->","yoast_head_json":{"title":"Vi \u00e4r Generation Zero - 2023","robots":{"index":"index","follow":"follow","max-snippet":"max-snippet:-1","max-image-preview":"max-image-preview:large","max-video-preview":"max-video-preview:-1"},"canonical":"https:\/\/hallbarhetsrapport.malmberg.se\/2023\/vi-ar-generation-zero\/","og_locale":"sv_SE","og_type":"article","og_title":"Vi \u00e4r Generation Zero - 2023","og_description":"I fem generationer har vi utvecklat h\u00e5llbara l\u00f6sningar. H\u00f6r v\u00e5r \u00e4gare, Erik Malmberg, ber\u00e4tta.","og_url":"https:\/\/hallbarhetsrapport.malmberg.se\/2023\/vi-ar-generation-zero\/","og_site_name":"2023","article_modified_time":"2024-03-14T12:00:24+00:00","og_image":[{"url":"https:\/\/hallbarhetsrapport.malmberg.se\/wp-content\/uploads\/sites\/2\/2024\/03\/erik-malmberg.jpg","type":"","width":"","height":""}],"twitter_card":"summary_large_image","twitter_misc":{"Ber\u00e4knad l\u00e4stid":"2 minuter"},"schema":{"@context":"https:\/\/schema.org","@graph":[{"@type":"WebPage","@id":"https:\/\/hallbarhetsrapport.malmberg.se\/2023\/vi-ar-generation-zero\/","url":"https:\/\/hallbarhetsrapport.malmberg.se\/2023\/vi-ar-generation-zero\/","name":"Vi \u00e4r Generation Zero - 2023","isPartOf":{"@id":"https:\/\/hallbarhetsrapport.malmberg.se\/2023\/#website"},"primaryImageOfPage":{"@id":"https:\/\/hallbarhetsrapport.malmberg.se\/2023\/vi-ar-generation-zero\/#primaryimage"},"image":{"@id":"https:\/\/hallbarhetsrapport.malmberg.se\/2023\/vi-ar-generation-zero\/#primaryimage"},"thumbnailUrl":"https:\/\/hallbarhetsrapport.malmberg.se\/wp-content\/uploads\/sites\/2\/2024\/03\/erik-malmberg.jpg","datePublished":"2024-01-25T14:53:21+00:00","dateModified":"2024-03-14T12:00:24+00:00","breadcrumb":{"@id":"https:\/\/hallbarhetsrapport.malmberg.se\/2023\/vi-ar-generation-zero\/#breadcrumb"},"inLanguage":"sv-SE","potentialAction":[{"@type":"ReadAction","target":["https:\/\/hallbarhetsrapport.malmberg.se\/2023\/vi-ar-generation-zero\/"]}]},{"@type":"ImageObject","inLanguage":"sv-SE","@id":"https:\/\/hallbarhetsrapport.malmberg.se\/2023\/vi-ar-generation-zero\/#primaryimage","url":"https:\/\/hallbarhetsrapport.malmberg.se\/wp-content\/uploads\/sites\/2\/2024\/03\/erik-malmberg.jpg","contentUrl":"https:\/\/hallbarhetsrapport.malmberg.se\/wp-content\/uploads\/sites\/2\/2024\/03\/erik-malmberg.jpg"},{"@type":"BreadcrumbList","@id":"https:\/\/hallbarhetsrapport.malmberg.se\/2023\/vi-ar-generation-zero\/#breadcrumb","itemListElement":[{"@type":"ListItem","position":1,"name":"Hem","item":"https:\/\/hallbarhetsrapport.malmberg.se\/2023\/"},{"@type":"ListItem","position":2,"name":"Vi \u00e4r Generation Zero"}]},{"@type":"WebSite","@id":"https:\/\/hallbarhetsrapport.malmberg.se\/2023\/#website","url":"https:\/\/hallbarhetsrapport.malmberg.se\/2023\/","name":"2023","description":"Malmberg H\u00e5llbarhetsrapport","publisher":{"@id":"https:\/\/hallbarhetsrapport.malmberg.se\/2023\/#organization"},"potentialAction":[{"@type":"SearchAction","target":{"@type":"EntryPoint","urlTemplate":"https:\/\/hallbarhetsrapport.malmberg.se\/2023\/?s={search_term_string}"},"query-input":{"@type":"PropertyValueSpecification","valueRequired":true,"valueName":"search_term_string"}}],"inLanguage":"sv-SE"},{"@type":"Organization","@id":"https:\/\/hallbarhetsrapport.malmberg.se\/2023\/#organization","name":"2023","url":"https:\/\/hallbarhetsrapport.malmberg.se\/2023\/","logo":{"@type":"ImageObject","inLanguage":"sv-SE","@id":"https:\/\/hallbarhetsrapport.malmberg.se\/2023\/#\/schema\/logo\/image\/","url":"https:\/\/hallbarhetsrapport.malmberg.se\/2023\/wp-content\/uploads\/sites\/2\/2022\/12\/malmberg-logo.svg","contentUrl":"https:\/\/hallbarhetsrapport.malmberg.se\/2023\/wp-content\/uploads\/sites\/2\/2022\/12\/malmberg-logo.svg","caption":"2023"},"image":{"@id":"https:\/\/hallbarhetsrapport.malmberg.se\/2023\/#\/schema\/logo\/image\/"}}]}},"lang":"sv","translations":{"sv":44,"en":1330},"pll_sync_post":[],"_links":{"self":[{"href":"https:\/\/hallbarhetsrapport.malmberg.se\/2023\/wp-json\/wp\/v2\/pages\/44","targetHints":{"allow":["GET"]}}],"collection":[{"href":"https:\/\/hallbarhetsrapport.malmberg.se\/2023\/wp-json\/wp\/v2\/pages"}],"about":[{"href":"https:\/\/hallbarhetsrapport.malmberg.se\/2023\/wp-json\/wp\/v2\/types\/page"}],"author":[{"embeddable":true,"href":"https:\/\/hallbarhetsrapport.malmberg.se\/2023\/wp-json\/wp\/v2\/users\/1"}],"replies":[{"embeddable":true,"href":"https:\/\/hallbarhetsrapport.malmberg.se\/2023\/wp-json\/wp\/v2\/comments?post=44"}],"version-history":[{"count":68,"href":"https:\/\/hallbarhetsrapport.malmberg.se\/2023\/wp-json\/wp\/v2\/pages\/44\/revisions"}],"predecessor-version":[{"id":1217,"href":"https:\/\/hallbarhetsrapport.malmberg.se\/2023\/wp-json\/wp\/v2\/pages\/44\/revisions\/1217"}],"wp:attachment":[{"href":"https:\/\/hallbarhetsrapport.malmberg.se\/2023\/wp-json\/wp\/v2\/media?parent=44"}],"curies":[{"name":"wp","href":"https:\/\/api.w.org\/{rel}","templated":true}]}}