{"id":39,"date":"2024-01-23T09:43:52","date_gmt":"2024-01-23T08:43:52","guid":{"rendered":"https:\/\/hallbarhetsrapport.malmberg.se\/2023\/?page_id=39"},"modified":"2024-03-14T12:53:54","modified_gmt":"2024-03-14T11:53:54","slug":"valkommen-ombord","status":"publish","type":"page","link":"https:\/\/hallbarhetsrapport.malmberg.se\/2023\/valkommen-ombord\/","title":{"rendered":"V\u00e4lkommen ombord!"},"content":{"rendered":"\n<div style=\"height:64px\" aria-hidden=\"true\" id=\"vart-mal\" class=\"wp-block-spacer\"><\/div>\n\n\n\n<h1 class=\"wp-block-heading\">Ingenting betyder n\u00e5gonting<\/h1>\n\n\n\n<p>Den h\u00e4r rapporten \u00e4r till f\u00f6r <strong>dig!<\/strong> Du som \u00e4r v\u00e5r intressent, kund, medarbetare eller leverant\u00f6r. Vi \u00e4r p\u00e5 v\u00e4g p\u00e5 en resa mot Generation Zero och den resan \u00e4r inte rak &#8211; men den g\u00e5r st\u00e4ndigt fram\u00e5t. \u00c4nda sen starten 1866 har nya och b\u00e4ttre tekniker varit en del av utvecklingen av v\u00e5rt familjef\u00f6retag.<\/p>\n\n\n\n<p>Tillsammans vet vi att vi g\u00f6r skillnad. Vi vet att gr\u00f6na l\u00f6sningar inom vatten och energi \u00e4r framtiden, och det \u00e4r d\u00e4rf\u00f6r v\u00e5rt m\u00e5l fortfarande m\u00e5ste vara just ingenting. Noll utsl\u00e4pp, noll f\u00f6roreningar och noll avfall.<\/p>\n\n\n\n<div style=\"height:32px\" aria-hidden=\"true\" class=\"wp-block-spacer\"><\/div>\n\n\n\n<div class=\"wp-block-columns is-layout-flex wp-container-core-columns-is-layout-9d6595d7 wp-block-columns-is-layout-flex\">\n<div class=\"wp-block-column is-layout-flow wp-block-column-is-layout-flow\"><div class=\"wp-block-image\">\n<figure class=\"aligncenter size-full\"><img loading=\"lazy\" decoding=\"async\" width=\"172\" height=\"212\" src=\"https:\/\/hallbarhetsrapport.malmberg.se\/wp-content\/uploads\/sites\/2\/2024\/03\/zero-number-blue.jpg\" alt=\"\" class=\"wp-image-985\"\/><\/figure><\/div>\n\n\n<h3 class=\"wp-block-heading has-text-align-center has-bla-color has-text-color has-link-color wp-elements-2d59c91133a0d31f057d91ac45062b98\">Utsl\u00e4pp<\/h3>\n<\/div>\n\n\n\n<div class=\"wp-block-column is-layout-flow wp-block-column-is-layout-flow\"><div class=\"wp-block-image\">\n<figure class=\"aligncenter size-full\"><img loading=\"lazy\" decoding=\"async\" width=\"172\" height=\"212\" src=\"https:\/\/hallbarhetsrapport.malmberg.se\/wp-content\/uploads\/sites\/2\/2024\/03\/zero-number-blue.jpg\" alt=\"\" class=\"wp-image-985\"\/><\/figure><\/div>\n\n\n<h3 class=\"wp-block-heading has-text-align-center has-bla-color has-text-color has-link-color wp-elements-ba9f157e52cfe9f08d7fa9b41a4935cf\">F\u00f6roreningar<\/h3>\n<\/div>\n\n\n\n<div class=\"wp-block-column is-layout-flow wp-block-column-is-layout-flow\"><div class=\"wp-block-image\">\n<figure class=\"aligncenter size-full\"><img loading=\"lazy\" decoding=\"async\" width=\"172\" height=\"212\" src=\"https:\/\/hallbarhetsrapport.malmberg.se\/wp-content\/uploads\/sites\/2\/2024\/03\/zero-number-blue.jpg\" alt=\"\" class=\"wp-image-985\"\/><\/figure><\/div>\n\n\n<h3 class=\"wp-block-heading has-text-align-center has-bla-color has-text-color has-link-color wp-elements-25091dc759cae7d493ab5ae11336353d\">Avfall<\/h3>\n<\/div>\n<\/div>\n\n\n\n<div style=\"height:32px\" aria-hidden=\"true\" class=\"wp-block-spacer\"><\/div>\n\n\n\n<p>Genom att utnyttja kraften i innovation, teknik och v\u00e5ra anst\u00e4lldas engagemang banar vi v\u00e4gen mot en h\u00e5llbar och en b\u00e4ttre framtid.<\/p>\n\n\n\n<p>Ungef\u00e4r som de som tvivlar p\u00e5 klimatets framtid tror vi ocks\u00e5 att ingenting egentligen spelar n\u00e5gon roll <strong>\u2013 av den enkla anledningen att vi siktar p\u00e5 att n\u00e5 noll i allt vi g\u00f6r.<\/strong> \u00c4ven om vi kanske inte \u00e4ndrar varje individs beteende, kommer vi att forts\u00e4tta arbeta s\u00e5 att de f\u00e5r sin energi och vatten genom f\u00f6rnybara k\u00e4llor.<\/p>\n\n\n\n<div style=\"height:64px\" aria-hidden=\"true\" id=\"zero\" class=\"wp-block-spacer\"><\/div>\n\n\n\n<figure class=\"wp-block-video alignfull\"><video autoplay loop muted src=\"https:\/\/hallbarhetsrapport.malmberg.se\/wp-content\/uploads\/sites\/2\/2024\/03\/malmberg-hbr-zero.mp4\" playsinline><\/video><\/figure>\n\n\n\n<p>Med dig, v\u00e5ra anst\u00e4llda och v\u00e5ra kunder vid v\u00e5r sida kommer vi att se till att ingenting verkligen spelar n\u00e5gon roll.<\/p>\n\n\n\n<p><strong>Tillsammans m\u00f6jligg\u00f6r vi v\u00e4gen mot Generation Zero.<\/strong><\/p>\n\n\n\n<div style=\"height:64px\" aria-hidden=\"true\" class=\"wp-block-spacer\"><\/div>\n","protected":false},"excerpt":{"rendered":"<p>F\u00f6lj med p\u00e5 v\u00e5r resa mot Generation Zero!<\/p>\n","protected":false},"author":1,"featured_media":0,"parent":0,"menu_order":3,"comment_status":"closed","ping_status":"closed","template":"","meta":{"_acf_changed":false,"footnotes":""},"class_list":["post-39","page","type-page","status-publish","hentry"],"acf":[],"yoast_head":"<!-- This site is optimized with the Yoast SEO plugin v27.3 - https:\/\/yoast.com\/product\/yoast-seo-wordpress\/ -->\n<title>V\u00e4lkommen ombord! - 2023<\/title>\n<meta name=\"robots\" content=\"index, follow, max-snippet:-1, max-image-preview:large, max-video-preview:-1\" \/>\n<link rel=\"canonical\" href=\"https:\/\/hallbarhetsrapport.malmberg.se\/2023\/valkommen-ombord\/\" \/>\n<meta property=\"og:locale\" content=\"sv_SE\" \/>\n<meta property=\"og:type\" content=\"article\" \/>\n<meta property=\"og:title\" content=\"V\u00e4lkommen ombord! - 2023\" \/>\n<meta property=\"og:description\" content=\"F\u00f6lj med p\u00e5 v\u00e5r resa mot Generation Zero!\" \/>\n<meta property=\"og:url\" content=\"https:\/\/hallbarhetsrapport.malmberg.se\/2023\/valkommen-ombord\/\" \/>\n<meta property=\"og:site_name\" content=\"2023\" \/>\n<meta property=\"article:modified_time\" content=\"2024-03-14T11:53:54+00:00\" \/>\n<meta property=\"og:image\" content=\"https:\/\/hallbarhetsrapport.malmberg.se\/wp-content\/uploads\/sites\/2\/2024\/03\/zero-number-blue.jpg\" \/>\n<meta name=\"twitter:card\" content=\"summary_large_image\" \/>\n<meta name=\"twitter:label1\" content=\"Ber\u00e4knad l\u00e4stid\" \/>\n\t<meta name=\"twitter:data1\" content=\"1 minut\" \/>\n<script type=\"application\/ld+json\" class=\"yoast-schema-graph\">{\"@context\":\"https:\\\/\\\/schema.org\",\"@graph\":[{\"@type\":\"WebPage\",\"@id\":\"https:\\\/\\\/hallbarhetsrapport.malmberg.se\\\/2023\\\/valkommen-ombord\\\/\",\"url\":\"https:\\\/\\\/hallbarhetsrapport.malmberg.se\\\/2023\\\/valkommen-ombord\\\/\",\"name\":\"V\u00e4lkommen ombord! - 2023\",\"isPartOf\":{\"@id\":\"https:\\\/\\\/hallbarhetsrapport.malmberg.se\\\/2023\\\/#website\"},\"primaryImageOfPage\":{\"@id\":\"https:\\\/\\\/hallbarhetsrapport.malmberg.se\\\/2023\\\/valkommen-ombord\\\/#primaryimage\"},\"image\":{\"@id\":\"https:\\\/\\\/hallbarhetsrapport.malmberg.se\\\/2023\\\/valkommen-ombord\\\/#primaryimage\"},\"thumbnailUrl\":\"https:\\\/\\\/hallbarhetsrapport.malmberg.se\\\/wp-content\\\/uploads\\\/sites\\\/2\\\/2024\\\/03\\\/zero-number-blue.jpg\",\"datePublished\":\"2024-01-23T08:43:52+00:00\",\"dateModified\":\"2024-03-14T11:53:54+00:00\",\"breadcrumb\":{\"@id\":\"https:\\\/\\\/hallbarhetsrapport.malmberg.se\\\/2023\\\/valkommen-ombord\\\/#breadcrumb\"},\"inLanguage\":\"sv-SE\",\"potentialAction\":[{\"@type\":\"ReadAction\",\"target\":[\"https:\\\/\\\/hallbarhetsrapport.malmberg.se\\\/2023\\\/valkommen-ombord\\\/\"]}]},{\"@type\":\"ImageObject\",\"inLanguage\":\"sv-SE\",\"@id\":\"https:\\\/\\\/hallbarhetsrapport.malmberg.se\\\/2023\\\/valkommen-ombord\\\/#primaryimage\",\"url\":\"https:\\\/\\\/hallbarhetsrapport.malmberg.se\\\/wp-content\\\/uploads\\\/sites\\\/2\\\/2024\\\/03\\\/zero-number-blue.jpg\",\"contentUrl\":\"https:\\\/\\\/hallbarhetsrapport.malmberg.se\\\/wp-content\\\/uploads\\\/sites\\\/2\\\/2024\\\/03\\\/zero-number-blue.jpg\"},{\"@type\":\"BreadcrumbList\",\"@id\":\"https:\\\/\\\/hallbarhetsrapport.malmberg.se\\\/2023\\\/valkommen-ombord\\\/#breadcrumb\",\"itemListElement\":[{\"@type\":\"ListItem\",\"position\":1,\"name\":\"Hem\",\"item\":\"https:\\\/\\\/hallbarhetsrapport.malmberg.se\\\/2023\\\/\"},{\"@type\":\"ListItem\",\"position\":2,\"name\":\"V\u00e4lkommen ombord!\"}]},{\"@type\":\"WebSite\",\"@id\":\"https:\\\/\\\/hallbarhetsrapport.malmberg.se\\\/2023\\\/#website\",\"url\":\"https:\\\/\\\/hallbarhetsrapport.malmberg.se\\\/2023\\\/\",\"name\":\"2023\",\"description\":\"Malmberg H\u00e5llbarhetsrapport\",\"publisher\":{\"@id\":\"https:\\\/\\\/hallbarhetsrapport.malmberg.se\\\/2023\\\/#organization\"},\"potentialAction\":[{\"@type\":\"SearchAction\",\"target\":{\"@type\":\"EntryPoint\",\"urlTemplate\":\"https:\\\/\\\/hallbarhetsrapport.malmberg.se\\\/2023\\\/?s={search_term_string}\"},\"query-input\":{\"@type\":\"PropertyValueSpecification\",\"valueRequired\":true,\"valueName\":\"search_term_string\"}}],\"inLanguage\":\"sv-SE\"},{\"@type\":\"Organization\",\"@id\":\"https:\\\/\\\/hallbarhetsrapport.malmberg.se\\\/2023\\\/#organization\",\"name\":\"2023\",\"url\":\"https:\\\/\\\/hallbarhetsrapport.malmberg.se\\\/2023\\\/\",\"logo\":{\"@type\":\"ImageObject\",\"inLanguage\":\"sv-SE\",\"@id\":\"https:\\\/\\\/hallbarhetsrapport.malmberg.se\\\/2023\\\/#\\\/schema\\\/logo\\\/image\\\/\",\"url\":\"https:\\\/\\\/hallbarhetsrapport.malmberg.se\\\/2023\\\/wp-content\\\/uploads\\\/sites\\\/2\\\/2022\\\/12\\\/malmberg-logo.svg\",\"contentUrl\":\"https:\\\/\\\/hallbarhetsrapport.malmberg.se\\\/2023\\\/wp-content\\\/uploads\\\/sites\\\/2\\\/2022\\\/12\\\/malmberg-logo.svg\",\"caption\":\"2023\"},\"image\":{\"@id\":\"https:\\\/\\\/hallbarhetsrapport.malmberg.se\\\/2023\\\/#\\\/schema\\\/logo\\\/image\\\/\"}}]}<\/script>\n<!-- \/ Yoast SEO plugin. -->","yoast_head_json":{"title":"V\u00e4lkommen ombord! - 2023","robots":{"index":"index","follow":"follow","max-snippet":"max-snippet:-1","max-image-preview":"max-image-preview:large","max-video-preview":"max-video-preview:-1"},"canonical":"https:\/\/hallbarhetsrapport.malmberg.se\/2023\/valkommen-ombord\/","og_locale":"sv_SE","og_type":"article","og_title":"V\u00e4lkommen ombord! - 2023","og_description":"F\u00f6lj med p\u00e5 v\u00e5r resa mot Generation Zero!","og_url":"https:\/\/hallbarhetsrapport.malmberg.se\/2023\/valkommen-ombord\/","og_site_name":"2023","article_modified_time":"2024-03-14T11:53:54+00:00","og_image":[{"url":"https:\/\/hallbarhetsrapport.malmberg.se\/wp-content\/uploads\/sites\/2\/2024\/03\/zero-number-blue.jpg","type":"","width":"","height":""}],"twitter_card":"summary_large_image","twitter_misc":{"Ber\u00e4knad l\u00e4stid":"1 minut"},"schema":{"@context":"https:\/\/schema.org","@graph":[{"@type":"WebPage","@id":"https:\/\/hallbarhetsrapport.malmberg.se\/2023\/valkommen-ombord\/","url":"https:\/\/hallbarhetsrapport.malmberg.se\/2023\/valkommen-ombord\/","name":"V\u00e4lkommen ombord! - 2023","isPartOf":{"@id":"https:\/\/hallbarhetsrapport.malmberg.se\/2023\/#website"},"primaryImageOfPage":{"@id":"https:\/\/hallbarhetsrapport.malmberg.se\/2023\/valkommen-ombord\/#primaryimage"},"image":{"@id":"https:\/\/hallbarhetsrapport.malmberg.se\/2023\/valkommen-ombord\/#primaryimage"},"thumbnailUrl":"https:\/\/hallbarhetsrapport.malmberg.se\/wp-content\/uploads\/sites\/2\/2024\/03\/zero-number-blue.jpg","datePublished":"2024-01-23T08:43:52+00:00","dateModified":"2024-03-14T11:53:54+00:00","breadcrumb":{"@id":"https:\/\/hallbarhetsrapport.malmberg.se\/2023\/valkommen-ombord\/#breadcrumb"},"inLanguage":"sv-SE","potentialAction":[{"@type":"ReadAction","target":["https:\/\/hallbarhetsrapport.malmberg.se\/2023\/valkommen-ombord\/"]}]},{"@type":"ImageObject","inLanguage":"sv-SE","@id":"https:\/\/hallbarhetsrapport.malmberg.se\/2023\/valkommen-ombord\/#primaryimage","url":"https:\/\/hallbarhetsrapport.malmberg.se\/wp-content\/uploads\/sites\/2\/2024\/03\/zero-number-blue.jpg","contentUrl":"https:\/\/hallbarhetsrapport.malmberg.se\/wp-content\/uploads\/sites\/2\/2024\/03\/zero-number-blue.jpg"},{"@type":"BreadcrumbList","@id":"https:\/\/hallbarhetsrapport.malmberg.se\/2023\/valkommen-ombord\/#breadcrumb","itemListElement":[{"@type":"ListItem","position":1,"name":"Hem","item":"https:\/\/hallbarhetsrapport.malmberg.se\/2023\/"},{"@type":"ListItem","position":2,"name":"V\u00e4lkommen ombord!"}]},{"@type":"WebSite","@id":"https:\/\/hallbarhetsrapport.malmberg.se\/2023\/#website","url":"https:\/\/hallbarhetsrapport.malmberg.se\/2023\/","name":"2023","description":"Malmberg H\u00e5llbarhetsrapport","publisher":{"@id":"https:\/\/hallbarhetsrapport.malmberg.se\/2023\/#organization"},"potentialAction":[{"@type":"SearchAction","target":{"@type":"EntryPoint","urlTemplate":"https:\/\/hallbarhetsrapport.malmberg.se\/2023\/?s={search_term_string}"},"query-input":{"@type":"PropertyValueSpecification","valueRequired":true,"valueName":"search_term_string"}}],"inLanguage":"sv-SE"},{"@type":"Organization","@id":"https:\/\/hallbarhetsrapport.malmberg.se\/2023\/#organization","name":"2023","url":"https:\/\/hallbarhetsrapport.malmberg.se\/2023\/","logo":{"@type":"ImageObject","inLanguage":"sv-SE","@id":"https:\/\/hallbarhetsrapport.malmberg.se\/2023\/#\/schema\/logo\/image\/","url":"https:\/\/hallbarhetsrapport.malmberg.se\/2023\/wp-content\/uploads\/sites\/2\/2022\/12\/malmberg-logo.svg","contentUrl":"https:\/\/hallbarhetsrapport.malmberg.se\/2023\/wp-content\/uploads\/sites\/2\/2022\/12\/malmberg-logo.svg","caption":"2023"},"image":{"@id":"https:\/\/hallbarhetsrapport.malmberg.se\/2023\/#\/schema\/logo\/image\/"}}]}},"lang":"sv","translations":{"sv":39,"en":1319},"pll_sync_post":[],"_links":{"self":[{"href":"https:\/\/hallbarhetsrapport.malmberg.se\/2023\/wp-json\/wp\/v2\/pages\/39","targetHints":{"allow":["GET"]}}],"collection":[{"href":"https:\/\/hallbarhetsrapport.malmberg.se\/2023\/wp-json\/wp\/v2\/pages"}],"about":[{"href":"https:\/\/hallbarhetsrapport.malmberg.se\/2023\/wp-json\/wp\/v2\/types\/page"}],"author":[{"embeddable":true,"href":"https:\/\/hallbarhetsrapport.malmberg.se\/2023\/wp-json\/wp\/v2\/users\/1"}],"replies":[{"embeddable":true,"href":"https:\/\/hallbarhetsrapport.malmberg.se\/2023\/wp-json\/wp\/v2\/comments?post=39"}],"version-history":[{"count":55,"href":"https:\/\/hallbarhetsrapport.malmberg.se\/2023\/wp-json\/wp\/v2\/pages\/39\/revisions"}],"predecessor-version":[{"id":1211,"href":"https:\/\/hallbarhetsrapport.malmberg.se\/2023\/wp-json\/wp\/v2\/pages\/39\/revisions\/1211"}],"wp:attachment":[{"href":"https:\/\/hallbarhetsrapport.malmberg.se\/2023\/wp-json\/wp\/v2\/media?parent=39"}],"curies":[{"name":"wp","href":"https:\/\/api.w.org\/{rel}","templated":true}]}}