{"id":21,"date":"2024-01-24T14:03:16","date_gmt":"2024-01-24T13:03:16","guid":{"rendered":"https:\/\/hallbarhetsrapport.malmberg.se\/2023\/?page_id=21"},"modified":"2024-03-15T09:45:37","modified_gmt":"2024-03-15T08:45:37","slug":"om-malmberg","status":"publish","type":"page","link":"https:\/\/hallbarhetsrapport.malmberg.se\/2023\/om-malmberg\/","title":{"rendered":"Om Malmberg"},"content":{"rendered":"\n<div style=\"height:64px\" aria-hidden=\"true\" id=\"generation-zero\" class=\"wp-block-spacer\"><\/div>\n\n\n\n<p>Malmberg \u00e4r verksamma inom vattenrening, brunnsborrning, biogas och geoenergi samt service och support. V\u00e5ra kunder \u00e4r privata och offentliga verksamheter. <strong>Huvudkontoret ligger i Yngsj\u00f6 och vi \u00e4r 170 medarbetare i sex l\u00e4nder.<\/strong> Malmberg har skapat en egen nisch genom att kombinera en h\u00f6g grad av innovativt t\u00e4nkande med ett tillverkningskunnande i v\u00e4rldsklass. V\u00e5ra r\u00f6tter som den lokala smedjan lever kvar genom k\u00e4nslan f\u00f6r kvalitet, s\u00e4kerhet och tillf\u00f6rlitlighet.<\/p>\n\n\n\n<div style=\"height:32px\" aria-hidden=\"true\" class=\"wp-block-spacer\"><\/div>\n\n\n\n<figure class=\"wp-block-video\"><video autoplay loop muted src=\"https:\/\/hallbarhetsrapport.malmberg.se\/2023\/wp-content\/uploads\/sites\/2\/2024\/03\/generation-zero-rubrik.mp4\" playsinline><\/video><\/figure>\n\n\n\n<div style=\"height:64px\" aria-hidden=\"true\" class=\"wp-block-spacer\"><\/div>\n\n\n\n<figure class=\"wp-block-video alignfull\"><video controls src=\"https:\/\/hallbarhetsrapport.malmberg.se\/wp-content\/uploads\/2023\/02\/video-komp-2.mp4\"><\/video><\/figure>\n\n\n\n<div style=\"height:32px\" aria-hidden=\"true\" id=\"vision\" class=\"wp-block-spacer\"><\/div>\n\n\n\n<figure class=\"wp-block-video\"><video autoplay loop muted src=\"https:\/\/hallbarhetsrapport.malmberg.se\/2023\/wp-content\/uploads\/sites\/2\/2024\/03\/vision-rubrik.mp4\" playsinline><\/video><\/figure>\n\n\n\n<p class=\"has-text-align-center\">Malmbergs vision \u00e4r att vara det ledande milj\u00f6teknikf\u00f6retaget f\u00f6r <strong>ren energi<\/strong> och <strong>rent vatten<\/strong> som m\u00f6jligg\u00f6r ett <strong>cirkul\u00e4rt samh\u00e4lle<\/strong>.<\/p>\n\n\n\n<div style=\"height:64px\" aria-hidden=\"true\" id=\"strategi\" class=\"wp-block-spacer\"><\/div>\n\n\n\n<h3 class=\"wp-block-heading\">Malmbergs strategi f\u00f6r att minska milj\u00f6p\u00e5verkan fokuserar bland annat p\u00e5 f\u00f6ljande omr\u00e5den:<\/h3>\n\n\n\n<div id=\"focus-areas-block_d18036e2f6a11ecedca1be29b6cf6390\" class=\"focus-areas\">\n    <div class=\"items_\">\n                                    <div class=\"item_ animation-element slide-bottom\">\n                <div class=\"number_\">\n                    <p class=\"sub_heading bold color_e\">S\u00e4lja mer<\/p>\n                    <p class=\"large_text bold color_a\">Projekt<\/p>\n                <\/div>\n            <\/div>\n\n                        <div class=\"item_ animation-element slide-bottom\">\n                <div class=\"number_\">\n                    <p class=\"sub_heading bold color_e\">Styrning till \u00f6kad kvalitet och minskad<\/p>\n                    <p class=\"large_text bold color_a\">Klimatp\u00e5verkan i projekt<\/p>\n                <\/div>\n            <\/div>\n\n                        <div class=\"item_ animation-element slide-bottom\">\n                <div class=\"number_\">\n                    <p class=\"sub_heading bold color_e\">Effektivisera<\/p>\n                    <p class=\"large_text bold color_a\">Energi- &#038; resursf\u00f6rbrukningen<\/p>\n                <\/div>\n            <\/div>\n\n                        <div class=\"item_ animation-element slide-bottom\">\n                <div class=\"number_\">\n                    <p class=\"sub_heading bold color_e\">Omst\u00e4llning till en<\/p>\n                    <p class=\"large_text bold color_a\">Fossilfri fordonsflotta<\/p>\n                <\/div>\n            <\/div>\n\n                                    \n    <\/div>\n<\/div>\n<script>\n    \/\/ ============= Animate Content Functions ================== \/\/\n    var $animation_elements = $('.animation-element');\n    var $window = $(window);\n\n    function check_if_in_view() {\n        var window_height = $window.height();\n        var window_top_position = $window.scrollTop();\n        var window_bottom_position = (window_top_position + window_height);\n\n        $.each($animation_elements, function () {\n            var $element = $(this);\n            var element_height = $element.outerHeight();\n            var element_top_position = $element.offset().top;\n            var element_bottom_position = (element_top_position + element_height);\n\n            \/\/check to see if this current container is within viewport\n            if ((element_bottom_position >= window_top_position) &&\n                (element_top_position <= window_bottom_position)) {\n                $element.addClass('in-view');\n            } else {\n                \/\/Comment the row below to run animation just one time\n                \/\/$element.removeClass('in-view');\n            }\n        });\n    }\n\n    $window.on('scroll resize', check_if_in_view);\n    $window.trigger('scroll');\n    \/\/ ============= Animate Content Functions END ================== \/\/\n<\/script>\n\n\n<div style=\"height:64px\" aria-hidden=\"true\" id=\"iso-certifiering\" class=\"wp-block-spacer\"><\/div>\n\n\n\n<section id=\"text-in-background-block_1da7d4727d0290d31d30fe338a59a1b1\" class=\"text-in-background alignwide max-width-wide center-h borderside relative\">\n           <div class=\"bg_text paddingall box-shadow\">\n           <span>ISO<\/span>\n        <\/div>\n        <div class=\"wrapper\">\n                    <div class=\"title_\">\n                                                    <h2 class=\"extra_large_heading_size\">ISO-certifiering<\/h2>\n                            <\/div>\n                <div class=\"content_\">\n                        <p><strong>Malmberg \u00e4r certifierat i enlighet med:<\/strong><br \/>\nISO 14001 \u2013 Milj\u00f6<br \/>\nISO 9001 \u2013 Kvalitet<br \/>\nISO 45001 \u2013 Arbetsmilj\u00f6<\/p>\n<p>Vi \u00e4r ocks\u00e5 certifierade enligt ISO 3834-2 g\u00e4llande kvalitet p\u00e5 v\u00e5rt svetsarbete samt SS-EN 1090-2 f\u00f6r utf\u00f6rande av st\u00e5lkonstruktioner.<\/p>\n<p>V\u00e5ra certifieringar s\u00e4kerst\u00e4ller att vi jobbar strukturerat med v\u00e5rat h\u00e5llbarhetsarbete och st\u00e4ndigt f\u00f6rb\u00e4ttrar v\u00e5ra processer.<\/p>\n        <\/div>\n    <\/div>\n<\/section>\n\n\n<style type=\"text\/css\">\n    #text-in-background-block_1da7d4727d0290d31d30fe338a59a1b1 {\n        display: flex;\n        justify-content: center;\n        align-items: center;\n        padding: 96px 32px;\n        background-color: var(--color__client__e);\n    }\n    #text-in-background-block_1da7d4727d0290d31d30fe338a59a1b1 .wrapper {\n        position: relative;\n    }\n    #text-in-background-block_1da7d4727d0290d31d30fe338a59a1b1 .bg_text {\n        position: absolute;\n        bottom: 0;\n        right: 0;\n    }\n    #text-in-background-block_1da7d4727d0290d31d30fe338a59a1b1 .bg_text span {\n        display: block;\n        color: #f6c14d;\n        font-size: 15vmax;\n        font-family: 'f37_gingerbold';\n        font-weight: normal !important;\n        line-height: 1;\n        padding: 0;\n        margin: 0;\n    }\n    #text-in-background-block_1da7d4727d0290d31d30fe338a59a1b1 .extra_large_heading_size {\n        margin: 0;\n    }\n\n     \/* Desktop *\/\n    @media screen and (min-width: 60em) {\n        #text-in-background-block_1da7d4727d0290d31d30fe338a59a1b1 {\n            padding: 128px 32px;\n        }\n        #text-in-background-block_1da7d4727d0290d31d30fe338a59a1b1 {\n            background-size: 35%;\n        }\n        #text-in-background-block_1da7d4727d0290d31d30fe338a59a1b1 .wrapper {\n            display: flex;\n        }\n        #text-in-background-block_1da7d4727d0290d31d30fe338a59a1b1 .wrapper .title_ {\n            flex: 0 1 450px;\n            padding-right: 32px;\n        }\n        #text-in-background-block_1da7d4727d0290d31d30fe338a59a1b1 .wrapper .content_ {\n            flex: 1;\n        }\n    }\n     \/* Large Desktop *\/\n    @media screen and (min-width: 75em) {\n        #text-in-background-block_1da7d4727d0290d31d30fe338a59a1b1 {\n            \/\/padding: 96px 128px;\n            padding:  128px 128px 144px;\n        }\n    }\n<\/style>\n\n\n<div style=\"height:64px\" aria-hidden=\"true\" class=\"wp-block-spacer\"><\/div>\n\n\n\n<h2 class=\"wp-block-heading has-bla-color has-text-color has-link-color has-x-large-font-size wp-elements-8b4f7976922aa32e56c8598a62450d9f\">Framtidspriset<\/h2>\n\n\n\n<p>Vi \u00e4r oerh\u00f6rt stolta \u00f6ver att vi blev nominerade och tilldelade ett andrapris i Sparbanken Sk\u00e5nes Framtidspris 2023. Denna prestigefyllda utm\u00e4rkelse \u00e4r ett kvitto f\u00f6r oss i v\u00e5rt arbete kring v\u00e5r vision och v\u00e5rt h\u00e5llbarhetsarbete.<\/p>\n\n\n\n<p>Under flera \u00e5r har vi engagerat oss i att paketera v\u00e5r h\u00e5llbarhetsstr\u00e4van inom konceptet \u201dGeneration Zero\u201d. Genom detta koncept str\u00e4var vi mot att m\u00f6jligg\u00f6ra noll utsl\u00e4pp, noll f\u00f6roreningar och noll avfall.<\/p>\n\n\n\n<p>Vi vill i linje med detta pris f\u00f6rs\u00e4tta att vara en drivande kraft f\u00f6r positiv f\u00f6r\u00e4ndring och m\u00f6jligg\u00f6ra en b\u00e4ttre v\u00e4rld f\u00f6r kommande generationer.<\/p>\n\n\n\n<div class=\"wp-block-columns is-layout-flex wp-container-core-columns-is-layout-9d6595d7 wp-block-columns-is-layout-flex\">\n<div class=\"wp-block-column is-layout-flow wp-block-column-is-layout-flow\" style=\"flex-basis:66.66%\">\n<figure class=\"wp-block-image size-full\"><img loading=\"lazy\" decoding=\"async\" width=\"749\" height=\"438\" src=\"https:\/\/hallbarhetsrapport.malmberg.se\/2023\/wp-content\/uploads\/sites\/2\/2024\/03\/framtidsdag.jpg\" alt=\"\" class=\"wp-image-973\" srcset=\"https:\/\/hallbarhetsrapport.malmberg.se\/2023\/wp-content\/uploads\/sites\/2\/2024\/03\/framtidsdag.jpg 749w, https:\/\/hallbarhetsrapport.malmberg.se\/2023\/wp-content\/uploads\/sites\/2\/2024\/03\/framtidsdag-300x175.jpg 300w\" sizes=\"auto, (max-width: 749px) 100vw, 749px\" \/><\/figure>\n<\/div>\n\n\n\n<div class=\"wp-block-column is-layout-flow wp-block-column-is-layout-flow\" style=\"flex-basis:33.33%\">\n<p>Prisutdelning Sparbanken Sk\u00e5nes framtidsdag<\/p>\n<\/div>\n<\/div>\n\n\n\n<div style=\"height:64px\" aria-hidden=\"true\" class=\"wp-block-spacer\"><\/div>\n\n\n\n<h2 class=\"wp-block-heading has-bla-color has-text-color has-link-color has-x-large-font-size wp-elements-46ee150a9c9c45a4a392073728686a75\">Innovationspriset<\/h2>\n\n\n\n<p>I samband med Guldjubelgalan i Kristianstad den 19 april tog Malmberg emot Innovationspriset som Krinova Incubator &amp; Science Park delade ut.<\/p>\n\n\n\n<p>Innovationspriset bel\u00f6nar innovativt f\u00f6retagande och id\u00e9er som visar hur nya m\u00f6jligheter och kreativa l\u00f6sningar kan oms\u00e4ttas i praktiken. Priset inriktas p\u00e5 id\u00e9er med h\u00f6g innovationsniv\u00e5, kommersiell potential och h\u00e5llbart f\u00f6retagande.<\/p>\n\n\n\n<figure class=\"wp-block-image size-large\"><img loading=\"lazy\" decoding=\"async\" width=\"1024\" height=\"581\" src=\"https:\/\/hallbarhetsrapport.malmberg.se\/2023\/wp-content\/uploads\/sites\/2\/2024\/03\/innovationspris-1024x581.jpg\" alt=\"\" class=\"wp-image-971\" srcset=\"https:\/\/hallbarhetsrapport.malmberg.se\/2023\/wp-content\/uploads\/sites\/2\/2024\/03\/innovationspris-1024x581.jpg 1024w, https:\/\/hallbarhetsrapport.malmberg.se\/2023\/wp-content\/uploads\/sites\/2\/2024\/03\/innovationspris-300x170.jpg 300w, https:\/\/hallbarhetsrapport.malmberg.se\/2023\/wp-content\/uploads\/sites\/2\/2024\/03\/innovationspris-768x436.jpg 768w, https:\/\/hallbarhetsrapport.malmberg.se\/2023\/wp-content\/uploads\/sites\/2\/2024\/03\/innovationspris.jpg 1131w\" sizes=\"auto, (max-width: 1024px) 100vw, 1024px\" \/><\/figure>\n\n\n\n<p><strong>Motiveringen till Innovationspriset l\u00f6d:<\/strong><br><em>\u201dDet h\u00e4r \u00e4r f\u00f6retaget som siktar mot ingenting. Mot noll. Ett f\u00f6retag som med arvet fr\u00e5n fem generationer kan luta sig mot en stark historia men som ocks\u00e5 tar steget in i framtiden genom att kombinera nyt\u00e4nkande och l\u00e5ngsiktighet. Deras vurm f\u00f6r en renare v\u00e4rld har f\u00f6rfinats i konceptet Generation Zero d\u00e4r man visar att innovativa energi- och vattenl\u00f6sningar inte bara \u00e4r ett s\u00e4tt att utveckla framg\u00e5ngsrika aff\u00e4rer utan ocks\u00e5 att m\u00f6ta framtidens samh\u00e4lleliga utmaningar. En str\u00e4van efter noll utsl\u00e4pp och noll restfl\u00f6den. Men innovation \u00e4r inte bara skapande av nya produkter utan ocks\u00e5 ett t\u00e4nkande som ska visa sig p\u00e5 m\u00e5nga olika s\u00e4tt i ett f\u00f6retag; i s\u00e4ttet att kommunicera, i nya samverkansformer och i hur man hittar nya v\u00e4gar i kompetensf\u00f6rs\u00f6rjning. Allt detta har \u00e5rets innovationspristagare uppfyllt.\u201d<\/em><\/p>\n\n\n\n<div style=\"height:64px\" aria-hidden=\"true\" id=\"vatten2023\" class=\"wp-block-spacer\"><\/div>\n\n\n\n<figure class=\"wp-block-video\"><video autoplay loop muted src=\"https:\/\/hallbarhetsrapport.malmberg.se\/2023\/wp-content\/uploads\/sites\/2\/2024\/03\/vatten-2023-rubrik.mp4\" playsinline><\/video><\/figure>\n\n\n\n<p><strong>I oktober m\u00f6ttes vi p\u00e5 Vatten2023:<\/strong><br>Sveriges st\u00f6rsta m\u00f6tesplats inom vatten och avlopp. H\u00e4r m\u00f6tte vi m\u00e5nga av v\u00e5ra intressenter och f\u00f6rde en dialog kring hur vi kan hj\u00e4lpa de med h\u00e5llbara vatten- och avloppsl\u00f6sningar.<\/p>\n\n\n\n<figure class=\"wp-block-image size-large\"><img loading=\"lazy\" decoding=\"async\" width=\"1024\" height=\"611\" src=\"https:\/\/hallbarhetsrapport.malmberg.se\/2023\/wp-content\/uploads\/sites\/2\/2024\/03\/vatten-monter-1024x611.jpg\" alt=\"\" class=\"wp-image-968\" srcset=\"https:\/\/hallbarhetsrapport.malmberg.se\/2023\/wp-content\/uploads\/sites\/2\/2024\/03\/vatten-monter-1024x611.jpg 1024w, https:\/\/hallbarhetsrapport.malmberg.se\/2023\/wp-content\/uploads\/sites\/2\/2024\/03\/vatten-monter-300x179.jpg 300w, https:\/\/hallbarhetsrapport.malmberg.se\/2023\/wp-content\/uploads\/sites\/2\/2024\/03\/vatten-monter-768x458.jpg 768w, https:\/\/hallbarhetsrapport.malmberg.se\/2023\/wp-content\/uploads\/sites\/2\/2024\/03\/vatten-monter.jpg 1123w\" sizes=\"auto, (max-width: 1024px) 100vw, 1024px\" \/><\/figure>\n","protected":false},"excerpt":{"rendered":"<p>\u00c4r du nyfiken p\u00e5 att veta mer om milj\u00f6teknikf\u00f6retaget Malmberg? L\u00e4s hur allt b\u00f6rjade, och se uppm\u00e4rksammade priser vi vunnit.<\/p>\n","protected":false},"author":1,"featured_media":0,"parent":0,"menu_order":4,"comment_status":"closed","ping_status":"closed","template":"","meta":{"_acf_changed":false,"footnotes":""},"class_list":["post-21","page","type-page","status-publish","hentry"],"acf":[],"yoast_head":"<!-- This site is optimized with the Yoast SEO plugin v27.3 - https:\/\/yoast.com\/product\/yoast-seo-wordpress\/ -->\n<title>Om Malmberg - 2023<\/title>\n<meta name=\"robots\" content=\"index, follow, max-snippet:-1, max-image-preview:large, max-video-preview:-1\" \/>\n<link rel=\"canonical\" href=\"https:\/\/hallbarhetsrapport.malmberg.se\/2023\/om-malmberg\/\" \/>\n<meta property=\"og:locale\" content=\"sv_SE\" \/>\n<meta property=\"og:type\" content=\"article\" \/>\n<meta property=\"og:title\" content=\"Om Malmberg - 2023\" \/>\n<meta property=\"og:description\" content=\"\u00c4r du nyfiken p\u00e5 att veta mer om milj\u00f6teknikf\u00f6retaget Malmberg? L\u00e4s hur allt b\u00f6rjade, och se uppm\u00e4rksammade priser vi vunnit.\" \/>\n<meta property=\"og:url\" content=\"https:\/\/hallbarhetsrapport.malmberg.se\/2023\/om-malmberg\/\" \/>\n<meta property=\"og:site_name\" content=\"2023\" \/>\n<meta property=\"article:modified_time\" content=\"2024-03-15T08:45:37+00:00\" \/>\n<meta property=\"og:image\" content=\"https:\/\/hallbarhetsrapport.malmberg.se\/2023\/wp-content\/uploads\/sites\/2\/2024\/03\/framtidsdag.jpg\" \/>\n<meta name=\"twitter:card\" content=\"summary_large_image\" \/>\n<meta name=\"twitter:label1\" content=\"Ber\u00e4knad l\u00e4stid\" \/>\n\t<meta name=\"twitter:data1\" content=\"4 minuter\" \/>\n<script type=\"application\/ld+json\" class=\"yoast-schema-graph\">{\"@context\":\"https:\\\/\\\/schema.org\",\"@graph\":[{\"@type\":\"WebPage\",\"@id\":\"https:\\\/\\\/hallbarhetsrapport.malmberg.se\\\/2023\\\/om-malmberg\\\/\",\"url\":\"https:\\\/\\\/hallbarhetsrapport.malmberg.se\\\/2023\\\/om-malmberg\\\/\",\"name\":\"Om Malmberg - 2023\",\"isPartOf\":{\"@id\":\"https:\\\/\\\/hallbarhetsrapport.malmberg.se\\\/2023\\\/#website\"},\"primaryImageOfPage\":{\"@id\":\"https:\\\/\\\/hallbarhetsrapport.malmberg.se\\\/2023\\\/om-malmberg\\\/#primaryimage\"},\"image\":{\"@id\":\"https:\\\/\\\/hallbarhetsrapport.malmberg.se\\\/2023\\\/om-malmberg\\\/#primaryimage\"},\"thumbnailUrl\":\"https:\\\/\\\/hallbarhetsrapport.malmberg.se\\\/2023\\\/wp-content\\\/uploads\\\/sites\\\/2\\\/2024\\\/03\\\/framtidsdag.jpg\",\"datePublished\":\"2024-01-24T13:03:16+00:00\",\"dateModified\":\"2024-03-15T08:45:37+00:00\",\"breadcrumb\":{\"@id\":\"https:\\\/\\\/hallbarhetsrapport.malmberg.se\\\/2023\\\/om-malmberg\\\/#breadcrumb\"},\"inLanguage\":\"sv-SE\",\"potentialAction\":[{\"@type\":\"ReadAction\",\"target\":[\"https:\\\/\\\/hallbarhetsrapport.malmberg.se\\\/2023\\\/om-malmberg\\\/\"]}]},{\"@type\":\"ImageObject\",\"inLanguage\":\"sv-SE\",\"@id\":\"https:\\\/\\\/hallbarhetsrapport.malmberg.se\\\/2023\\\/om-malmberg\\\/#primaryimage\",\"url\":\"https:\\\/\\\/hallbarhetsrapport.malmberg.se\\\/2023\\\/wp-content\\\/uploads\\\/sites\\\/2\\\/2024\\\/03\\\/framtidsdag.jpg\",\"contentUrl\":\"https:\\\/\\\/hallbarhetsrapport.malmberg.se\\\/2023\\\/wp-content\\\/uploads\\\/sites\\\/2\\\/2024\\\/03\\\/framtidsdag.jpg\",\"width\":749,\"height\":438},{\"@type\":\"BreadcrumbList\",\"@id\":\"https:\\\/\\\/hallbarhetsrapport.malmberg.se\\\/2023\\\/om-malmberg\\\/#breadcrumb\",\"itemListElement\":[{\"@type\":\"ListItem\",\"position\":1,\"name\":\"Hem\",\"item\":\"https:\\\/\\\/hallbarhetsrapport.malmberg.se\\\/2023\\\/\"},{\"@type\":\"ListItem\",\"position\":2,\"name\":\"Om Malmberg\"}]},{\"@type\":\"WebSite\",\"@id\":\"https:\\\/\\\/hallbarhetsrapport.malmberg.se\\\/2023\\\/#website\",\"url\":\"https:\\\/\\\/hallbarhetsrapport.malmberg.se\\\/2023\\\/\",\"name\":\"2023\",\"description\":\"Malmberg H\u00e5llbarhetsrapport\",\"publisher\":{\"@id\":\"https:\\\/\\\/hallbarhetsrapport.malmberg.se\\\/2023\\\/#organization\"},\"potentialAction\":[{\"@type\":\"SearchAction\",\"target\":{\"@type\":\"EntryPoint\",\"urlTemplate\":\"https:\\\/\\\/hallbarhetsrapport.malmberg.se\\\/2023\\\/?s={search_term_string}\"},\"query-input\":{\"@type\":\"PropertyValueSpecification\",\"valueRequired\":true,\"valueName\":\"search_term_string\"}}],\"inLanguage\":\"sv-SE\"},{\"@type\":\"Organization\",\"@id\":\"https:\\\/\\\/hallbarhetsrapport.malmberg.se\\\/2023\\\/#organization\",\"name\":\"2023\",\"url\":\"https:\\\/\\\/hallbarhetsrapport.malmberg.se\\\/2023\\\/\",\"logo\":{\"@type\":\"ImageObject\",\"inLanguage\":\"sv-SE\",\"@id\":\"https:\\\/\\\/hallbarhetsrapport.malmberg.se\\\/2023\\\/#\\\/schema\\\/logo\\\/image\\\/\",\"url\":\"https:\\\/\\\/hallbarhetsrapport.malmberg.se\\\/2023\\\/wp-content\\\/uploads\\\/sites\\\/2\\\/2022\\\/12\\\/malmberg-logo.svg\",\"contentUrl\":\"https:\\\/\\\/hallbarhetsrapport.malmberg.se\\\/2023\\\/wp-content\\\/uploads\\\/sites\\\/2\\\/2022\\\/12\\\/malmberg-logo.svg\",\"caption\":\"2023\"},\"image\":{\"@id\":\"https:\\\/\\\/hallbarhetsrapport.malmberg.se\\\/2023\\\/#\\\/schema\\\/logo\\\/image\\\/\"}}]}<\/script>\n<!-- \/ Yoast SEO plugin. -->","yoast_head_json":{"title":"Om Malmberg - 2023","robots":{"index":"index","follow":"follow","max-snippet":"max-snippet:-1","max-image-preview":"max-image-preview:large","max-video-preview":"max-video-preview:-1"},"canonical":"https:\/\/hallbarhetsrapport.malmberg.se\/2023\/om-malmberg\/","og_locale":"sv_SE","og_type":"article","og_title":"Om Malmberg - 2023","og_description":"\u00c4r du nyfiken p\u00e5 att veta mer om milj\u00f6teknikf\u00f6retaget Malmberg? L\u00e4s hur allt b\u00f6rjade, och se uppm\u00e4rksammade priser vi vunnit.","og_url":"https:\/\/hallbarhetsrapport.malmberg.se\/2023\/om-malmberg\/","og_site_name":"2023","article_modified_time":"2024-03-15T08:45:37+00:00","og_image":[{"url":"https:\/\/hallbarhetsrapport.malmberg.se\/2023\/wp-content\/uploads\/sites\/2\/2024\/03\/framtidsdag.jpg","type":"","width":"","height":""}],"twitter_card":"summary_large_image","twitter_misc":{"Ber\u00e4knad l\u00e4stid":"4 minuter"},"schema":{"@context":"https:\/\/schema.org","@graph":[{"@type":"WebPage","@id":"https:\/\/hallbarhetsrapport.malmberg.se\/2023\/om-malmberg\/","url":"https:\/\/hallbarhetsrapport.malmberg.se\/2023\/om-malmberg\/","name":"Om Malmberg - 2023","isPartOf":{"@id":"https:\/\/hallbarhetsrapport.malmberg.se\/2023\/#website"},"primaryImageOfPage":{"@id":"https:\/\/hallbarhetsrapport.malmberg.se\/2023\/om-malmberg\/#primaryimage"},"image":{"@id":"https:\/\/hallbarhetsrapport.malmberg.se\/2023\/om-malmberg\/#primaryimage"},"thumbnailUrl":"https:\/\/hallbarhetsrapport.malmberg.se\/2023\/wp-content\/uploads\/sites\/2\/2024\/03\/framtidsdag.jpg","datePublished":"2024-01-24T13:03:16+00:00","dateModified":"2024-03-15T08:45:37+00:00","breadcrumb":{"@id":"https:\/\/hallbarhetsrapport.malmberg.se\/2023\/om-malmberg\/#breadcrumb"},"inLanguage":"sv-SE","potentialAction":[{"@type":"ReadAction","target":["https:\/\/hallbarhetsrapport.malmberg.se\/2023\/om-malmberg\/"]}]},{"@type":"ImageObject","inLanguage":"sv-SE","@id":"https:\/\/hallbarhetsrapport.malmberg.se\/2023\/om-malmberg\/#primaryimage","url":"https:\/\/hallbarhetsrapport.malmberg.se\/2023\/wp-content\/uploads\/sites\/2\/2024\/03\/framtidsdag.jpg","contentUrl":"https:\/\/hallbarhetsrapport.malmberg.se\/2023\/wp-content\/uploads\/sites\/2\/2024\/03\/framtidsdag.jpg","width":749,"height":438},{"@type":"BreadcrumbList","@id":"https:\/\/hallbarhetsrapport.malmberg.se\/2023\/om-malmberg\/#breadcrumb","itemListElement":[{"@type":"ListItem","position":1,"name":"Hem","item":"https:\/\/hallbarhetsrapport.malmberg.se\/2023\/"},{"@type":"ListItem","position":2,"name":"Om Malmberg"}]},{"@type":"WebSite","@id":"https:\/\/hallbarhetsrapport.malmberg.se\/2023\/#website","url":"https:\/\/hallbarhetsrapport.malmberg.se\/2023\/","name":"2023","description":"Malmberg H\u00e5llbarhetsrapport","publisher":{"@id":"https:\/\/hallbarhetsrapport.malmberg.se\/2023\/#organization"},"potentialAction":[{"@type":"SearchAction","target":{"@type":"EntryPoint","urlTemplate":"https:\/\/hallbarhetsrapport.malmberg.se\/2023\/?s={search_term_string}"},"query-input":{"@type":"PropertyValueSpecification","valueRequired":true,"valueName":"search_term_string"}}],"inLanguage":"sv-SE"},{"@type":"Organization","@id":"https:\/\/hallbarhetsrapport.malmberg.se\/2023\/#organization","name":"2023","url":"https:\/\/hallbarhetsrapport.malmberg.se\/2023\/","logo":{"@type":"ImageObject","inLanguage":"sv-SE","@id":"https:\/\/hallbarhetsrapport.malmberg.se\/2023\/#\/schema\/logo\/image\/","url":"https:\/\/hallbarhetsrapport.malmberg.se\/2023\/wp-content\/uploads\/sites\/2\/2022\/12\/malmberg-logo.svg","contentUrl":"https:\/\/hallbarhetsrapport.malmberg.se\/2023\/wp-content\/uploads\/sites\/2\/2022\/12\/malmberg-logo.svg","caption":"2023"},"image":{"@id":"https:\/\/hallbarhetsrapport.malmberg.se\/2023\/#\/schema\/logo\/image\/"}}]}},"lang":"sv","translations":{"sv":21,"en":1321},"pll_sync_post":[],"_links":{"self":[{"href":"https:\/\/hallbarhetsrapport.malmberg.se\/2023\/wp-json\/wp\/v2\/pages\/21","targetHints":{"allow":["GET"]}}],"collection":[{"href":"https:\/\/hallbarhetsrapport.malmberg.se\/2023\/wp-json\/wp\/v2\/pages"}],"about":[{"href":"https:\/\/hallbarhetsrapport.malmberg.se\/2023\/wp-json\/wp\/v2\/types\/page"}],"author":[{"embeddable":true,"href":"https:\/\/hallbarhetsrapport.malmberg.se\/2023\/wp-json\/wp\/v2\/users\/1"}],"replies":[{"embeddable":true,"href":"https:\/\/hallbarhetsrapport.malmberg.se\/2023\/wp-json\/wp\/v2\/comments?post=21"}],"version-history":[{"count":63,"href":"https:\/\/hallbarhetsrapport.malmberg.se\/2023\/wp-json\/wp\/v2\/pages\/21\/revisions"}],"predecessor-version":[{"id":1293,"href":"https:\/\/hallbarhetsrapport.malmberg.se\/2023\/wp-json\/wp\/v2\/pages\/21\/revisions\/1293"}],"wp:attachment":[{"href":"https:\/\/hallbarhetsrapport.malmberg.se\/2023\/wp-json\/wp\/v2\/media?parent=21"}],"curies":[{"name":"wp","href":"https:\/\/api.w.org\/{rel}","templated":true}]}}