{"id":39,"date":"2022-12-23T09:43:52","date_gmt":"2022-12-23T08:43:52","guid":{"rendered":"https:\/\/hallbarhetsrapport.malmberg.se\/?page_id=39"},"modified":"2023-03-03T14:43:00","modified_gmt":"2023-03-03T13:43:00","slug":"malmberg","status":"publish","type":"page","link":"https:\/\/hallbarhetsrapport.malmberg.se\/2022\/malmberg\/","title":{"rendered":"Malmberg"},"content":{"rendered":"\n<figure class=\"wp-block-video alignfull\"><video autoplay loop muted src=\"https:\/\/hallbarhetsrapport.malmberg.se\/wp-content\/uploads\/2023\/02\/malmberg-flagga.mp4\" playsinline><\/video><\/figure>\n\n\n\n<div style=\"height:32px\" aria-hidden=\"true\" class=\"wp-block-spacer\"><\/div>\n\n\n\n<h1 class=\"wp-block-heading\">Om Malmberg<\/h1>\n\n\n\n<p>Malmberg \u00e4r verksamma inom vattenrening, brunnsborrning, biogas och geoenergi samt service &amp; support. V\u00e5ra kunder \u00e4r privata och offentliga verksamheter. Huvudkontoret ligger i Yngsj\u00f6 och vi \u00e4r ca 154 medarbetare i sex l\u00e4nder. Malmberg har skapat en egen nisch genom att kombinera en h\u00f6g grad av innovativt t\u00e4nkande med ett tillverkningskunnande i v\u00e4rldsklass. V\u00e5ra r\u00f6tter som den lokala smedjan lever kvar genom k\u00e4nslan f\u00f6r kvalitet, s\u00e4kerhet och tillf\u00f6rlitlighet.<\/p>\n\n\n\n<div style=\"height:64px\" aria-hidden=\"true\" class=\"wp-block-spacer\"><\/div>\n\n\n\n<h2 class=\"has-text-align-center wp-block-heading\">L\u00e5t oss tillsammans bli Generation Zero<\/h2>\n\n\n\n<figure class=\"wp-block-video alignfull\"><video controls src=\"https:\/\/hallbarhetsrapport.malmberg.se\/wp-content\/uploads\/2023\/02\/video-komp-2.mp4\"><\/video><\/figure>\n\n\n\n<div style=\"height:64px\" aria-hidden=\"true\" class=\"wp-block-spacer\"><\/div>\n\n\n\n<div class=\"wp-block-media-text is-stacked-on-mobile is-vertically-aligned-center is-style-default\" style=\"grid-template-columns:40% auto\"><figure class=\"wp-block-media-text__media\"><img loading=\"lazy\" decoding=\"async\" width=\"1024\" height=\"1003\" src=\"https:\/\/hallbarhetsrapport.malmberg.se\/wp-content\/uploads\/2023\/02\/kretslopp-1024x1003.jpg\" alt=\"\" class=\"wp-image-491 size-full\" srcset=\"https:\/\/hallbarhetsrapport.malmberg.se\/2022\/wp-content\/uploads\/sites\/3\/2023\/02\/kretslopp-1024x1003.jpg 1024w, https:\/\/hallbarhetsrapport.malmberg.se\/2022\/wp-content\/uploads\/sites\/3\/2023\/02\/kretslopp-300x294.jpg 300w, https:\/\/hallbarhetsrapport.malmberg.se\/2022\/wp-content\/uploads\/sites\/3\/2023\/02\/kretslopp-768x752.jpg 768w, https:\/\/hallbarhetsrapport.malmberg.se\/2022\/wp-content\/uploads\/sites\/3\/2023\/02\/kretslopp.jpg 1350w\" sizes=\"auto, (max-width: 1024px) 100vw, 1024px\" \/><\/figure><div class=\"wp-block-media-text__content\">\n<h2 class=\"wp-block-heading\">Vision<\/h2>\n\n\n\n<p>Malmbergs vision \u00e4r att vara det ledande milj\u00f6teknikf\u00f6retaget f\u00f6r ren energi och rent vatten som m\u00f6jligg\u00f6r ett cirkul\u00e4rt samh\u00e4lle.<\/p>\n<\/div><\/div>\n\n\n\n<div style=\"height:64px\" aria-hidden=\"true\" class=\"wp-block-spacer\"><\/div>\n\n\n\n<div class=\"wp-block-group alignfull has-vit-color has-bla-background-color has-text-color has-background\"><div class=\"wp-block-group__inner-container is-layout-constrained wp-block-group-is-layout-constrained\">\n<div style=\"height:32px\" aria-hidden=\"true\" class=\"wp-block-spacer\"><\/div>\n\n\n\n<p><strong>Malmbergs strategi f\u00f6r att minska milj\u00f6p\u00e5verkan fokuserar bland annat p\u00e5 f\u00f6ljande omr\u00e5den:<\/strong><\/p>\n\n\n\n<ul class=\"wp-block-list\">\n<li>S\u00e4lja mer projekt<\/li>\n\n\n\n<li>Effektivisera energi- och resursf\u00f6rbrukningen<\/li>\n\n\n\n<li>Omst\u00e4llning till en fossilfri fordonsflotta<\/li>\n\n\n\n<li>Styrning till \u00f6kad kvalitet och minskad klimatp\u00e5verkan i projekt<\/li>\n<\/ul>\n\n\n\n<div style=\"height:32px\" aria-hidden=\"true\" class=\"wp-block-spacer\"><\/div>\n<\/div><\/div>\n\n\n\n<section id=\"text-in-background-block_6349107d0e23aeb5e048ab69340ed518\" class=\"text-in-background alignwide max-width-wide center-h borderside relative\">\n           <div class=\"bg_text paddingall box-shadow\">\n           <span>ISO<\/span>\n        <\/div>\n        <div class=\"wrapper\">\n                    <div class=\"title_\">\n                                                    <h2 class=\"extra_large_heading_size\">ISO-certifiering<\/h2>\n                            <\/div>\n                <div class=\"content_\">\n                        <p><strong>Malmberg \u00e4r certifierat i enlighet med:<\/strong><br \/>\nISO 14001 \u2013 Milj\u00f6<br \/>\nISO 9001 \u2013 Kvalitet<br \/>\nISO 45001 \u2013 Arbetsmilj\u00f6<\/p>\n<p>Vi \u00e4r ocks\u00e5 certifierade enligt ISO 3834-2 g\u00e4llande kvalitet p\u00e5 v\u00e5rt svetsarbete samt SS-EN 1090-2 f\u00f6r utf\u00f6rande av st\u00e5lkonstruktioner.<\/p>\n<p>V\u00e5ra certifieringar s\u00e4kerst\u00e4ller att vi jobbar strukturerat med v\u00e5rat h\u00e5llbarhetsarbete och st\u00e4ndigt f\u00f6rb\u00e4ttrar v\u00e5ra processer.<\/p>\n        <\/div>\n    <\/div>\n<\/section>\n\n\n<style type=\"text\/css\">\n    #text-in-background-block_6349107d0e23aeb5e048ab69340ed518 {\n        display: flex;\n        justify-content: center;\n        align-items: center;\n        padding: 96px 32px;\n        background-color: var(--color__client__e);\n    }\n    #text-in-background-block_6349107d0e23aeb5e048ab69340ed518 .wrapper {\n        position: relative;\n    }\n    #text-in-background-block_6349107d0e23aeb5e048ab69340ed518 .bg_text {\n        position: absolute;\n        bottom: 0;\n        right: 0;\n    }\n    #text-in-background-block_6349107d0e23aeb5e048ab69340ed518 .bg_text span {\n        display: block;\n        color: #f6c14d;\n        font-size: 15vmax;\n        font-family: 'f37_gingerbold';\n        font-weight: normal !important;\n        line-height: 1;\n        padding: 0;\n        margin: 0;\n    }\n    #text-in-background-block_6349107d0e23aeb5e048ab69340ed518 .extra_large_heading_size {\n        margin: 0;\n    }\n\n     \/* Desktop *\/\n    @media screen and (min-width: 60em) {\n        #text-in-background-block_6349107d0e23aeb5e048ab69340ed518 {\n            padding: 128px 32px;\n        }\n        #text-in-background-block_6349107d0e23aeb5e048ab69340ed518 {\n            background-size: 35%;\n        }\n        #text-in-background-block_6349107d0e23aeb5e048ab69340ed518 .wrapper {\n            display: flex;\n        }\n        #text-in-background-block_6349107d0e23aeb5e048ab69340ed518 .wrapper .title_ {\n            flex: 0 1 450px;\n            padding-right: 32px;\n        }\n        #text-in-background-block_6349107d0e23aeb5e048ab69340ed518 .wrapper .content_ {\n            flex: 1;\n        }\n    }\n     \/* Large Desktop *\/\n    @media screen and (min-width: 75em) {\n        #text-in-background-block_6349107d0e23aeb5e048ab69340ed518 {\n            \/\/padding: 96px 128px;\n            padding:  128px 128px 144px;\n        }\n    }\n<\/style>","protected":false},"excerpt":{"rendered":"<p>Om Malmberg Malmberg \u00e4r verksamma inom vattenrening, brunnsborrning, biogas och geoenergi samt service &amp; support. V\u00e5ra kunder \u00e4r privata och offentliga verksamheter. Huvudkontoret ligger i Yngsj\u00f6 och vi \u00e4r ca 154 medarbetare i sex l\u00e4nder. Malmberg har skapat en egen nisch genom att kombinera en h\u00f6g grad av innovativt t\u00e4nkande med ett tillverkningskunnande i v\u00e4rldsklass. [&hellip;]<\/p>\n","protected":false},"author":1,"featured_media":0,"parent":0,"menu_order":3,"comment_status":"closed","ping_status":"closed","template":"","meta":{"_acf_changed":false,"footnotes":""},"class_list":["post-39","page","type-page","status-publish","hentry"],"acf":[],"yoast_head":"<!-- This site is optimized with the Yoast SEO plugin v27.3 - https:\/\/yoast.com\/product\/yoast-seo-wordpress\/ -->\n<title>Malmberg - 2022<\/title>\n<meta name=\"robots\" content=\"index, follow, max-snippet:-1, max-image-preview:large, max-video-preview:-1\" \/>\n<link rel=\"canonical\" href=\"https:\/\/hallbarhetsrapport.malmberg.se\/2022\/malmberg\/\" \/>\n<meta property=\"og:locale\" content=\"sv_SE\" \/>\n<meta property=\"og:type\" content=\"article\" \/>\n<meta property=\"og:title\" content=\"Malmberg - 2022\" \/>\n<meta property=\"og:description\" content=\"Om Malmberg Malmberg \u00e4r verksamma inom vattenrening, brunnsborrning, biogas och geoenergi samt service &amp; support. V\u00e5ra kunder \u00e4r privata och offentliga verksamheter. Huvudkontoret ligger i Yngsj\u00f6 och vi \u00e4r ca 154 medarbetare i sex l\u00e4nder. Malmberg har skapat en egen nisch genom att kombinera en h\u00f6g grad av innovativt t\u00e4nkande med ett tillverkningskunnande i v\u00e4rldsklass. [&hellip;]\" \/>\n<meta property=\"og:url\" content=\"https:\/\/hallbarhetsrapport.malmberg.se\/2022\/malmberg\/\" \/>\n<meta property=\"og:site_name\" content=\"2022\" \/>\n<meta property=\"article:modified_time\" content=\"2023-03-03T13:43:00+00:00\" \/>\n<meta property=\"og:image\" content=\"https:\/\/hallbarhetsrapport.malmberg.se\/wp-content\/uploads\/2023\/02\/kretslopp-1024x1003.jpg\" \/>\n<meta name=\"twitter:card\" content=\"summary_large_image\" \/>\n<meta name=\"twitter:label1\" content=\"Ber\u00e4knad l\u00e4stid\" \/>\n\t<meta name=\"twitter:data1\" content=\"1 minut\" \/>\n<script type=\"application\/ld+json\" class=\"yoast-schema-graph\">{\"@context\":\"https:\\\/\\\/schema.org\",\"@graph\":[{\"@type\":\"WebPage\",\"@id\":\"https:\\\/\\\/hallbarhetsrapport.malmberg.se\\\/2022\\\/malmberg\\\/\",\"url\":\"https:\\\/\\\/hallbarhetsrapport.malmberg.se\\\/2022\\\/malmberg\\\/\",\"name\":\"Malmberg - 2022\",\"isPartOf\":{\"@id\":\"https:\\\/\\\/hallbarhetsrapport.malmberg.se\\\/2022\\\/#website\"},\"primaryImageOfPage\":{\"@id\":\"https:\\\/\\\/hallbarhetsrapport.malmberg.se\\\/2022\\\/malmberg\\\/#primaryimage\"},\"image\":{\"@id\":\"https:\\\/\\\/hallbarhetsrapport.malmberg.se\\\/2022\\\/malmberg\\\/#primaryimage\"},\"thumbnailUrl\":\"https:\\\/\\\/hallbarhetsrapport.malmberg.se\\\/wp-content\\\/uploads\\\/2023\\\/02\\\/kretslopp-1024x1003.jpg\",\"datePublished\":\"2022-12-23T08:43:52+00:00\",\"dateModified\":\"2023-03-03T13:43:00+00:00\",\"breadcrumb\":{\"@id\":\"https:\\\/\\\/hallbarhetsrapport.malmberg.se\\\/2022\\\/malmberg\\\/#breadcrumb\"},\"inLanguage\":\"sv-SE\",\"potentialAction\":[{\"@type\":\"ReadAction\",\"target\":[\"https:\\\/\\\/hallbarhetsrapport.malmberg.se\\\/2022\\\/malmberg\\\/\"]}]},{\"@type\":\"ImageObject\",\"inLanguage\":\"sv-SE\",\"@id\":\"https:\\\/\\\/hallbarhetsrapport.malmberg.se\\\/2022\\\/malmberg\\\/#primaryimage\",\"url\":\"https:\\\/\\\/hallbarhetsrapport.malmberg.se\\\/wp-content\\\/uploads\\\/2023\\\/02\\\/kretslopp-1024x1003.jpg\",\"contentUrl\":\"https:\\\/\\\/hallbarhetsrapport.malmberg.se\\\/wp-content\\\/uploads\\\/2023\\\/02\\\/kretslopp-1024x1003.jpg\"},{\"@type\":\"BreadcrumbList\",\"@id\":\"https:\\\/\\\/hallbarhetsrapport.malmberg.se\\\/2022\\\/malmberg\\\/#breadcrumb\",\"itemListElement\":[{\"@type\":\"ListItem\",\"position\":1,\"name\":\"Hem\",\"item\":\"https:\\\/\\\/hallbarhetsrapport.malmberg.se\\\/2022\\\/\"},{\"@type\":\"ListItem\",\"position\":2,\"name\":\"Malmberg\"}]},{\"@type\":\"WebSite\",\"@id\":\"https:\\\/\\\/hallbarhetsrapport.malmberg.se\\\/2022\\\/#website\",\"url\":\"https:\\\/\\\/hallbarhetsrapport.malmberg.se\\\/2022\\\/\",\"name\":\"2022\",\"description\":\"H\u00e5llbarhetsrapport\",\"publisher\":{\"@id\":\"https:\\\/\\\/hallbarhetsrapport.malmberg.se\\\/2022\\\/#organization\"},\"potentialAction\":[{\"@type\":\"SearchAction\",\"target\":{\"@type\":\"EntryPoint\",\"urlTemplate\":\"https:\\\/\\\/hallbarhetsrapport.malmberg.se\\\/2022\\\/?s={search_term_string}\"},\"query-input\":{\"@type\":\"PropertyValueSpecification\",\"valueRequired\":true,\"valueName\":\"search_term_string\"}}],\"inLanguage\":\"sv-SE\"},{\"@type\":\"Organization\",\"@id\":\"https:\\\/\\\/hallbarhetsrapport.malmberg.se\\\/2022\\\/#organization\",\"name\":\"2022\",\"url\":\"https:\\\/\\\/hallbarhetsrapport.malmberg.se\\\/2022\\\/\",\"logo\":{\"@type\":\"ImageObject\",\"inLanguage\":\"sv-SE\",\"@id\":\"https:\\\/\\\/hallbarhetsrapport.malmberg.se\\\/2022\\\/#\\\/schema\\\/logo\\\/image\\\/\",\"url\":\"https:\\\/\\\/hallbarhetsrapport.malmberg.se\\\/2022\\\/wp-content\\\/uploads\\\/sites\\\/3\\\/2022\\\/12\\\/malmberg-logo.svg\",\"contentUrl\":\"https:\\\/\\\/hallbarhetsrapport.malmberg.se\\\/2022\\\/wp-content\\\/uploads\\\/sites\\\/3\\\/2022\\\/12\\\/malmberg-logo.svg\",\"caption\":\"2022\"},\"image\":{\"@id\":\"https:\\\/\\\/hallbarhetsrapport.malmberg.se\\\/2022\\\/#\\\/schema\\\/logo\\\/image\\\/\"}}]}<\/script>\n<!-- \/ Yoast SEO plugin. -->","yoast_head_json":{"title":"Malmberg - 2022","robots":{"index":"index","follow":"follow","max-snippet":"max-snippet:-1","max-image-preview":"max-image-preview:large","max-video-preview":"max-video-preview:-1"},"canonical":"https:\/\/hallbarhetsrapport.malmberg.se\/2022\/malmberg\/","og_locale":"sv_SE","og_type":"article","og_title":"Malmberg - 2022","og_description":"Om Malmberg Malmberg \u00e4r verksamma inom vattenrening, brunnsborrning, biogas och geoenergi samt service &amp; support. V\u00e5ra kunder \u00e4r privata och offentliga verksamheter. Huvudkontoret ligger i Yngsj\u00f6 och vi \u00e4r ca 154 medarbetare i sex l\u00e4nder. Malmberg har skapat en egen nisch genom att kombinera en h\u00f6g grad av innovativt t\u00e4nkande med ett tillverkningskunnande i v\u00e4rldsklass. [&hellip;]","og_url":"https:\/\/hallbarhetsrapport.malmberg.se\/2022\/malmberg\/","og_site_name":"2022","article_modified_time":"2023-03-03T13:43:00+00:00","og_image":[{"url":"https:\/\/hallbarhetsrapport.malmberg.se\/wp-content\/uploads\/2023\/02\/kretslopp-1024x1003.jpg","type":"","width":"","height":""}],"twitter_card":"summary_large_image","twitter_misc":{"Ber\u00e4knad l\u00e4stid":"1 minut"},"schema":{"@context":"https:\/\/schema.org","@graph":[{"@type":"WebPage","@id":"https:\/\/hallbarhetsrapport.malmberg.se\/2022\/malmberg\/","url":"https:\/\/hallbarhetsrapport.malmberg.se\/2022\/malmberg\/","name":"Malmberg - 2022","isPartOf":{"@id":"https:\/\/hallbarhetsrapport.malmberg.se\/2022\/#website"},"primaryImageOfPage":{"@id":"https:\/\/hallbarhetsrapport.malmberg.se\/2022\/malmberg\/#primaryimage"},"image":{"@id":"https:\/\/hallbarhetsrapport.malmberg.se\/2022\/malmberg\/#primaryimage"},"thumbnailUrl":"https:\/\/hallbarhetsrapport.malmberg.se\/wp-content\/uploads\/2023\/02\/kretslopp-1024x1003.jpg","datePublished":"2022-12-23T08:43:52+00:00","dateModified":"2023-03-03T13:43:00+00:00","breadcrumb":{"@id":"https:\/\/hallbarhetsrapport.malmberg.se\/2022\/malmberg\/#breadcrumb"},"inLanguage":"sv-SE","potentialAction":[{"@type":"ReadAction","target":["https:\/\/hallbarhetsrapport.malmberg.se\/2022\/malmberg\/"]}]},{"@type":"ImageObject","inLanguage":"sv-SE","@id":"https:\/\/hallbarhetsrapport.malmberg.se\/2022\/malmberg\/#primaryimage","url":"https:\/\/hallbarhetsrapport.malmberg.se\/wp-content\/uploads\/2023\/02\/kretslopp-1024x1003.jpg","contentUrl":"https:\/\/hallbarhetsrapport.malmberg.se\/wp-content\/uploads\/2023\/02\/kretslopp-1024x1003.jpg"},{"@type":"BreadcrumbList","@id":"https:\/\/hallbarhetsrapport.malmberg.se\/2022\/malmberg\/#breadcrumb","itemListElement":[{"@type":"ListItem","position":1,"name":"Hem","item":"https:\/\/hallbarhetsrapport.malmberg.se\/2022\/"},{"@type":"ListItem","position":2,"name":"Malmberg"}]},{"@type":"WebSite","@id":"https:\/\/hallbarhetsrapport.malmberg.se\/2022\/#website","url":"https:\/\/hallbarhetsrapport.malmberg.se\/2022\/","name":"2022","description":"H\u00e5llbarhetsrapport","publisher":{"@id":"https:\/\/hallbarhetsrapport.malmberg.se\/2022\/#organization"},"potentialAction":[{"@type":"SearchAction","target":{"@type":"EntryPoint","urlTemplate":"https:\/\/hallbarhetsrapport.malmberg.se\/2022\/?s={search_term_string}"},"query-input":{"@type":"PropertyValueSpecification","valueRequired":true,"valueName":"search_term_string"}}],"inLanguage":"sv-SE"},{"@type":"Organization","@id":"https:\/\/hallbarhetsrapport.malmberg.se\/2022\/#organization","name":"2022","url":"https:\/\/hallbarhetsrapport.malmberg.se\/2022\/","logo":{"@type":"ImageObject","inLanguage":"sv-SE","@id":"https:\/\/hallbarhetsrapport.malmberg.se\/2022\/#\/schema\/logo\/image\/","url":"https:\/\/hallbarhetsrapport.malmberg.se\/2022\/wp-content\/uploads\/sites\/3\/2022\/12\/malmberg-logo.svg","contentUrl":"https:\/\/hallbarhetsrapport.malmberg.se\/2022\/wp-content\/uploads\/sites\/3\/2022\/12\/malmberg-logo.svg","caption":"2022"},"image":{"@id":"https:\/\/hallbarhetsrapport.malmberg.se\/2022\/#\/schema\/logo\/image\/"}}]}},"lang":"sv","translations":{"sv":39,"en":726},"pll_sync_post":[],"_links":{"self":[{"href":"https:\/\/hallbarhetsrapport.malmberg.se\/2022\/wp-json\/wp\/v2\/pages\/39","targetHints":{"allow":["GET"]}}],"collection":[{"href":"https:\/\/hallbarhetsrapport.malmberg.se\/2022\/wp-json\/wp\/v2\/pages"}],"about":[{"href":"https:\/\/hallbarhetsrapport.malmberg.se\/2022\/wp-json\/wp\/v2\/types\/page"}],"author":[{"embeddable":true,"href":"https:\/\/hallbarhetsrapport.malmberg.se\/2022\/wp-json\/wp\/v2\/users\/1"}],"replies":[{"embeddable":true,"href":"https:\/\/hallbarhetsrapport.malmberg.se\/2022\/wp-json\/wp\/v2\/comments?post=39"}],"version-history":[{"count":35,"href":"https:\/\/hallbarhetsrapport.malmberg.se\/2022\/wp-json\/wp\/v2\/pages\/39\/revisions"}],"predecessor-version":[{"id":638,"href":"https:\/\/hallbarhetsrapport.malmberg.se\/2022\/wp-json\/wp\/v2\/pages\/39\/revisions\/638"}],"wp:attachment":[{"href":"https:\/\/hallbarhetsrapport.malmberg.se\/2022\/wp-json\/wp\/v2\/media?parent=39"}],"curies":[{"name":"wp","href":"https:\/\/api.w.org\/{rel}","templated":true}]}}